{"id":4070,"date":"2025-02-18T10:55:54","date_gmt":"2025-02-18T09:55:54","guid":{"rendered":"https:\/\/wiejskieprzysmaki.estima.site\/produkt\/makaron-zytni-razowy-swiderki-bio-400-g-bio-planet\/"},"modified":"2025-02-18T10:56:06","modified_gmt":"2025-02-18T09:56:06","slug":"makaron-zytni-razowy-swiderki-bio-400-g-bio-planet","status":"publish","type":"product","link":"https:\/\/wiejskieprzysmaki.estima.site\/en\/product\/makaron-zytni-razowy-swiderki-bio-400-g-bio-planet\/","title":{"rendered":"MAKARON (\u017bYTNI RAZOWY) \u015aWIDERKI BIO 400 g &#8211; BIO PLANET"},"content":{"rendered":"<p>SK\u0141ADNIKI<br \/>ekologiczna m\u0105ka \u017bYTNIA razowa typ 1850<\/p>\n<p>SPOS\u00d3B PRZYGOTOWANIA<br \/>makaron gotowa\u0107 w osolonej wodzie przez 5 &#8211; 8 min., w proporcji 100 g makaronu na 1 l wody.<\/p>\n<p>WARTO\u015a\u0106 OD\u017bYWCZA W 100 g<br \/>Warto\u015b\u0107 energetyczna: 1430 kJ \/ 340 kcal <br \/>T\u0142uszcz: 1,1 g <br \/>wtym kwasy t\u0142uszczowe nasycone: 0,3 g <br \/>Weglowodany: 70 g <br \/>w tym cukry: 8,2 g <br \/>B\u0142onnik: 12 g <br \/>Bia\u0142ko: 12 g <br \/>S\u00f3l: 0 g<\/p>\n<p>ZALECANE WARUNKI PRZECHOWYWANIA<br \/>Przechowywa\u0107 w ciemnym i suchym miejscu.<\/p>","protected":false},"excerpt":{"rendered":"<p>SK\u0141ADNIKIekologiczna m\u0105ka \u017bYTNIA razowa typ 1850 SPOS\u00d3B PRZYGOTOWANIAmakaron gotowa\u0107 w osolonej wodzie przez 5 &#8211; 8 min., w proporcji 100 g makaronu na 1 l wody. WARTO\u015a\u0106 OD\u017bYWCZA W 100 gWarto\u015b\u0107 energetyczna: 1430 kJ \/ 340 kcal T\u0142uszcz: 1,1 g wtym kwasy t\u0142uszczowe nasycone: 0,3 g Weglowodany: 70 g w tym cukry: 8,2 g B\u0142onnik: [&hellip;]<\/p>","protected":false},"featured_media":4071,"comment_status":"closed","ping_status":"open","template":"","meta":{"_acf_changed":false},"product_brand":[],"product_cat":[1162,1246],"product_tag":[],"class_list":{"0":"post-4070","1":"product","2":"type-product","3":"status-publish","4":"has-post-thumbnail","6":"product_cat-makarony","7":"product_cat-zbozowe-z-glutenem","8":"pa_ean-matka-3426","9":"pa_gwarancja-przydatnosci-320","10":"pa_ilosc-w-opakowaniu-350","11":"pa_jednostka-podstawowa-szt","12":"pa_kod-cn-1902-19-10","13":"pa_kraj-pochodzenia-skladnikow-rolnictwo-ue","14":"pa_masa-netto-268","15":"pa_objetosc-brutto-3424","16":"pa_producent-bio-planet-seria-inne","17":"pa_producent-nazwa-adres-bio-planet-s-a-wilkowa-wies-7-05-084-leszno","18":"pa_tagi-bez-cukru-w-skladnikach","19":"pa_tagi-certyfikat-bio","20":"pa_tagi-weganski","21":"pa_tagi-wegetarianski","23":"first","24":"instock","25":"taxable","26":"shipping-taxable","27":"purchasable","28":"product-type-simple"},"acf":[],"_links":{"self":[{"href":"https:\/\/wiejskieprzysmaki.estima.site\/en\/wp-json\/wp\/v2\/product\/4070","targetHints":{"allow":["GET"]}}],"collection":[{"href":"https:\/\/wiejskieprzysmaki.estima.site\/en\/wp-json\/wp\/v2\/product"}],"about":[{"href":"https:\/\/wiejskieprzysmaki.estima.site\/en\/wp-json\/wp\/v2\/types\/product"}],"replies":[{"embeddable":true,"href":"https:\/\/wiejskieprzysmaki.estima.site\/en\/wp-json\/wp\/v2\/comments?post=4070"}],"wp:featuredmedia":[{"embeddable":true,"href":"https:\/\/wiejskieprzysmaki.estima.site\/en\/wp-json\/wp\/v2\/media\/4071"}],"wp:attachment":[{"href":"https:\/\/wiejskieprzysmaki.estima.site\/en\/wp-json\/wp\/v2\/media?parent=4070"}],"wp:term":[{"taxonomy":"product_brand","embeddable":true,"href":"https:\/\/wiejskieprzysmaki.estima.site\/en\/wp-json\/wp\/v2\/product_brand?post=4070"},{"taxonomy":"product_cat","embeddable":true,"href":"https:\/\/wiejskieprzysmaki.estima.site\/en\/wp-json\/wp\/v2\/product_cat?post=4070"},{"taxonomy":"product_tag","embeddable":true,"href":"https:\/\/wiejskieprzysmaki.estima.site\/en\/wp-json\/wp\/v2\/product_tag?post=4070"}],"curies":[{"name":"wp","href":"https:\/\/api.w.org\/{rel}","templated":true}]}}