{"id":4080,"date":"2025-02-18T10:56:10","date_gmt":"2025-02-18T09:56:10","guid":{"rendered":"https:\/\/wiejskieprzysmaki.estima.site\/produkt\/miod-nektarowy-lipowy-bio-300-g-bio-planet\/"},"modified":"2025-02-18T10:56:10","modified_gmt":"2025-02-18T09:56:10","slug":"miod-nektarowy-lipowy-bio-300-g-bio-planet","status":"publish","type":"product","link":"https:\/\/wiejskieprzysmaki.estima.site\/en\/product\/miod-nektarowy-lipowy-bio-300-g-bio-planet\/","title":{"rendered":"MI\u00d3D NEKTAROWY LIPOWY BIO 300 g &#8211; BIO PLANET"},"content":{"rendered":"<p>OPIS<br \/>Ekologiczny mi\u00f3d lipowy nektarowy<br \/>Krystalizacja miodu jest naturalnym procesem i nie zmienia jego w\u0142a\u015bciwo\u015bci.<\/p>\n<p>WARTO\u015a\u0106 OD\u017bYWCZA W 100 g <br \/>Wartosc energetyczna: 1416 kJ \/ 333 kcal  <br \/>T\u0142uszcz: 0 g  <br \/>w tym kwasy t\u0142uszczowe nasycone: 0 g  <br \/>Weglowodany: 83 g  <br \/>w tym cukry: 72 g  <br \/>Bia\u0142ko: 0,5 g  <br \/>S\u00f3l: 0 g<\/p>\n<p>ZALECANE WARUNKI PRZECHOWYWANIA  <br \/>Chroni\u0107 przed bezpo\u015brednim dzia\u0142aniem promieni s\u0142onecznych.<\/p>","protected":false},"excerpt":{"rendered":"<p>OPISEkologiczny mi\u00f3d lipowy nektarowyKrystalizacja miodu jest naturalnym procesem i nie zmienia jego w\u0142a\u015bciwo\u015bci. WARTO\u015a\u0106 OD\u017bYWCZA W 100 g Wartosc energetyczna: 1416 kJ \/ 333 kcal T\u0142uszcz: 0 g w tym kwasy t\u0142uszczowe nasycone: 0 g Weglowodany: 83 g w tym cukry: 72 g Bia\u0142ko: 0,5 g S\u00f3l: 0 g ZALECANE WARUNKI PRZECHOWYWANIA Chroni\u0107 przed bezpo\u015brednim [&hellip;]<\/p>","protected":false},"featured_media":4081,"comment_status":"closed","ping_status":"open","template":"","meta":{"_acf_changed":false},"product_brand":[],"product_cat":[1104],"product_tag":[],"class_list":{"0":"post-4080","1":"product","2":"type-product","3":"status-publish","4":"has-post-thumbnail","6":"product_cat-miody","7":"pa_ean-matka-3432","8":"pa_gwarancja-przydatnosci-301","9":"pa_ilosc-w-opakowaniu-298","10":"pa_jednostka-podstawowa-szt","11":"pa_kod-cn-0409-00-00","12":"pa_kraj-pochodzenia-skladnikow-rolnictwo-ue","13":"pa_masa-netto-207","14":"pa_objetosc-brutto-3391","15":"pa_producent-bio-planet-seria-inne","16":"pa_producent-nazwa-adres-bio-planet-s-a-wilkowa-wies-7-05-084-leszno","17":"pa_tagi-bez-glutenu-w-skladnikach","18":"pa_tagi-certyfikat-bio","19":"pa_tagi-wegetarianski","21":"first","22":"instock","23":"taxable","24":"shipping-taxable","25":"purchasable","26":"product-type-simple"},"acf":[],"_links":{"self":[{"href":"https:\/\/wiejskieprzysmaki.estima.site\/en\/wp-json\/wp\/v2\/product\/4080","targetHints":{"allow":["GET"]}}],"collection":[{"href":"https:\/\/wiejskieprzysmaki.estima.site\/en\/wp-json\/wp\/v2\/product"}],"about":[{"href":"https:\/\/wiejskieprzysmaki.estima.site\/en\/wp-json\/wp\/v2\/types\/product"}],"replies":[{"embeddable":true,"href":"https:\/\/wiejskieprzysmaki.estima.site\/en\/wp-json\/wp\/v2\/comments?post=4080"}],"wp:featuredmedia":[{"embeddable":true,"href":"https:\/\/wiejskieprzysmaki.estima.site\/en\/wp-json\/wp\/v2\/media\/4081"}],"wp:attachment":[{"href":"https:\/\/wiejskieprzysmaki.estima.site\/en\/wp-json\/wp\/v2\/media?parent=4080"}],"wp:term":[{"taxonomy":"product_brand","embeddable":true,"href":"https:\/\/wiejskieprzysmaki.estima.site\/en\/wp-json\/wp\/v2\/product_brand?post=4080"},{"taxonomy":"product_cat","embeddable":true,"href":"https:\/\/wiejskieprzysmaki.estima.site\/en\/wp-json\/wp\/v2\/product_cat?post=4080"},{"taxonomy":"product_tag","embeddable":true,"href":"https:\/\/wiejskieprzysmaki.estima.site\/en\/wp-json\/wp\/v2\/product_tag?post=4080"}],"curies":[{"name":"wp","href":"https:\/\/api.w.org\/{rel}","templated":true}]}}