{"id":4097,"date":"2025-02-18T10:56:10","date_gmt":"2025-02-18T09:56:10","guid":{"rendered":"https:\/\/wiejskieprzysmaki.estima.site\/produkt\/blonnik-akacjowy-bio-150-g-bio-planet\/"},"modified":"2025-02-20T15:14:00","modified_gmt":"2025-02-20T14:14:00","slug":"blonnik-akacjowy-bio-150-g-bio-planet","status":"publish","type":"product","link":"https:\/\/wiejskieprzysmaki.estima.site\/en\/product\/blonnik-akacjowy-bio-150-g-bio-planet\/","title":{"rendered":"B\u0141ONNIK AKACJOWY BIO 150 g &#8211; BIO PLANET"},"content":{"rendered":"<p>SK\u0141ADNIKI<br \/>ekologiczny b\u0142onnik akacjowy.<\/p>\n<p>OPIS<br \/>Polecamy jako dodatek do jogurt\u00f3w, musli, p\u0142atk\u00f3w \u015bniadaniowych, kefir\u00f3w i r\u00f3\u017cnych sos\u00f3w. Przed spo\u017cyciem dok\u0142adnie wymiesza\u0107.<\/p>\n<p>UWAGA<br \/>Zalecamy spo\u017cywa\u0107 nie wi\u0119cej ni\u017c 3 \u0142y\u017ceczki dziennie i zachowa\u0107 ostro\u017cno\u015b\u0107 w podawaniu dzieciom.<\/p>\n<p>WARTO\u015a\u0106 OD\u017bYWCZA W 100 G  <br \/>Warto\u015b\u0107 energetyczna &#8211; 754 kJ \/ 188 kcal  <br \/>T\u0142uszcz &#8211; 0   g  <br \/>w tym kwasy t\u0142uszczowe nasycone -0 g  <br \/>W\u0119glowodany &#8211; 0 g  <br \/>w tym cukry &#8211; 0 g  <br \/>B\u0142onnik &#8211; 90 g  <br \/>Bia\u0142ko &#8211; 2,0 g  <br \/>S\u00f3l &#8211; 0,05 g  <\/p>\n<p>ZALECANE WARUNKI PRZECHOWYWANIA<br \/>Przechowywa\u0107 w suchym i ch\u0142odnym miejscu.<\/p>","protected":false},"excerpt":{"rendered":"<p>SK\u0141ADNIKIekologiczny b\u0142onnik akacjowy. OPISPolecamy jako dodatek do jogurt\u00f3w, musli, p\u0142atk\u00f3w \u015bniadaniowych, kefir\u00f3w i r\u00f3\u017cnych sos\u00f3w. Przed spo\u017cyciem dok\u0142adnie wymiesza\u0107. UWAGAZalecamy spo\u017cywa\u0107 nie wi\u0119cej ni\u017c 3 \u0142y\u017ceczki dziennie i zachowa\u0107 ostro\u017cno\u015b\u0107 w podawaniu dzieciom. WARTO\u015a\u0106 OD\u017bYWCZA W 100 G Warto\u015b\u0107 energetyczna &#8211; 754 kJ \/ 188 kcal T\u0142uszcz &#8211; 0 g w tym kwasy t\u0142uszczowe nasycone [&hellip;]<\/p>","protected":false},"featured_media":4098,"comment_status":"closed","ping_status":"open","template":"","meta":{"_acf_changed":false},"product_brand":[],"product_cat":[290,9057],"product_tag":[],"class_list":{"0":"post-4097","1":"product","2":"type-product","3":"status-publish","4":"has-post-thumbnail","6":"product_cat-produkty-sproszkowane","7":"product_cat-suplementy-diety","8":"pa_ean-matka-3443","9":"pa_gwarancja-przydatnosci-324","10":"pa_ilosc-w-opakowaniu-298","11":"pa_jednostka-podstawowa-szt","12":"pa_kod-cn-1301-90-00","13":"pa_kraj-pochodzenia-skladnikow-rolnictwo-spoza-ue","14":"pa_masa-netto-197","15":"pa_objetosc-brutto-778","16":"pa_producent-bio-planet-seria-superfoods","17":"pa_producent-nazwa-adres-bio-planet-s-a-wilkowa-wies-7-05-084-leszno","18":"pa_tagi-bez-cukru-w-skladnikach","19":"pa_tagi-bez-glutenu-w-skladnikach","20":"pa_tagi-certyfikat-bio","21":"pa_tagi-weganski","22":"pa_tagi-wegetarianski","24":"first","25":"instock","26":"taxable","27":"shipping-taxable","28":"purchasable","29":"product-type-simple"},"acf":[],"_links":{"self":[{"href":"https:\/\/wiejskieprzysmaki.estima.site\/en\/wp-json\/wp\/v2\/product\/4097","targetHints":{"allow":["GET"]}}],"collection":[{"href":"https:\/\/wiejskieprzysmaki.estima.site\/en\/wp-json\/wp\/v2\/product"}],"about":[{"href":"https:\/\/wiejskieprzysmaki.estima.site\/en\/wp-json\/wp\/v2\/types\/product"}],"replies":[{"embeddable":true,"href":"https:\/\/wiejskieprzysmaki.estima.site\/en\/wp-json\/wp\/v2\/comments?post=4097"}],"wp:featuredmedia":[{"embeddable":true,"href":"https:\/\/wiejskieprzysmaki.estima.site\/en\/wp-json\/wp\/v2\/media\/4098"}],"wp:attachment":[{"href":"https:\/\/wiejskieprzysmaki.estima.site\/en\/wp-json\/wp\/v2\/media?parent=4097"}],"wp:term":[{"taxonomy":"product_brand","embeddable":true,"href":"https:\/\/wiejskieprzysmaki.estima.site\/en\/wp-json\/wp\/v2\/product_brand?post=4097"},{"taxonomy":"product_cat","embeddable":true,"href":"https:\/\/wiejskieprzysmaki.estima.site\/en\/wp-json\/wp\/v2\/product_cat?post=4097"},{"taxonomy":"product_tag","embeddable":true,"href":"https:\/\/wiejskieprzysmaki.estima.site\/en\/wp-json\/wp\/v2\/product_tag?post=4097"}],"curies":[{"name":"wp","href":"https:\/\/api.w.org\/{rel}","templated":true}]}}