{"id":4101,"date":"2025-02-18T10:56:10","date_gmt":"2025-02-18T09:56:10","guid":{"rendered":"https:\/\/wiejskieprzysmaki.estima.site\/produkt\/fasolka-w-sosie-pomidorowym-bio-360-g-bio-planet\/"},"modified":"2025-02-18T10:56:18","modified_gmt":"2025-02-18T09:56:18","slug":"fasolka-w-sosie-pomidorowym-bio-360-g-bio-planet","status":"publish","type":"product","link":"https:\/\/wiejskieprzysmaki.estima.site\/en\/product\/fasolka-w-sosie-pomidorowym-bio-360-g-bio-planet\/","title":{"rendered":"FASOLKA W SOSIE POMIDOROWYM BIO 360 g &#8211; BIO PLANET"},"content":{"rendered":"<p>SK\u0141ADNIKI<br \/>fasola bia\u0142a* 60 %, sos pomidorowy 40 % (woda, przecier pomidorowy* (6,8 %) cukier trzcinowy*, s\u00f3l morska, ocet winny*, skrobia kukurydziana*) (*certyfikowany sk\u0142adnik ekologiczny).<\/p>\n<p>OPIS<br \/>Produkt sterylizowany. Produkt gotowy do spo\u017cycia.<\/p>\n<p>WARTO\u015a\u0106 OD\u017bYWCZA W 100 g <br \/>Warto\u015b\u0107 energetyczna: 320 kJ \/ 76 kcal <br \/>T\u0142uszcz: 0,5 g <br \/>w tym kwasy t\u0142uszczowe nasycone: 0,1 g <br \/>W\u0119glowodany: 11 g <br \/>w tym cukry: 4,5 g <br \/>B\u0142onnik:  5,2 g <br \/>Bia\u0142ko: 4,2 g <br \/>S\u00f3l: 1,0 g<\/p>\n<p>ZALECANE WARUNKI PRZECHOWYWANIA <br \/>Przechowywa\u0107 w suchym i ch\u0142odnym miejscu. Po otwarciu przechowywa\u0107 w lod\u00f3wce i spo\u017cy\u0107 w ci\u0105gu 48 godzin. <\/p>","protected":false},"excerpt":{"rendered":"<p>SK\u0141ADNIKIfasola bia\u0142a* 60 %, sos pomidorowy 40 % (woda, przecier pomidorowy* (6,8 %) cukier trzcinowy*, s\u00f3l morska, ocet winny*, skrobia kukurydziana*) (*certyfikowany sk\u0142adnik ekologiczny). OPISProdukt sterylizowany. Produkt gotowy do spo\u017cycia. WARTO\u015a\u0106 OD\u017bYWCZA W 100 g Warto\u015b\u0107 energetyczna: 320 kJ \/ 76 kcal T\u0142uszcz: 0,5 g w tym kwasy t\u0142uszczowe nasycone: 0,1 g W\u0119glowodany: 11 g [&hellip;]<\/p>","protected":false},"featured_media":4102,"comment_status":"closed","ping_status":"open","template":"","meta":{"_acf_changed":false},"product_brand":[],"product_cat":[1139],"product_tag":[],"class_list":{"0":"post-4101","1":"product","2":"type-product","3":"status-publish","4":"has-post-thumbnail","6":"product_cat-dania-gotowe","7":"pa_ean-matka-3446","8":"pa_gwarancja-przydatnosci-301","9":"pa_ilosc-w-opakowaniu-374","10":"pa_jednostka-podstawowa-szt","11":"pa_kod-cn-2005-99-80","12":"pa_kraj-pochodzenia-skladnikow-rolnictwo-ue-spoza-ue","13":"pa_masa-netto-1398","14":"pa_objetosc-brutto-891","15":"pa_producent-bio-planet-seria-inne","16":"pa_producent-nazwa-adres-bio-planet-s-a-wilkowa-wies-7-05-084-leszno","17":"pa_tagi-bez-glutenu-w-skladnikach","18":"pa_tagi-certyfikat-bio","19":"pa_tagi-weganski","20":"pa_tagi-wegetarianski","22":"first","23":"instock","24":"taxable","25":"shipping-taxable","26":"purchasable","27":"product-type-simple"},"acf":[],"_links":{"self":[{"href":"https:\/\/wiejskieprzysmaki.estima.site\/en\/wp-json\/wp\/v2\/product\/4101","targetHints":{"allow":["GET"]}}],"collection":[{"href":"https:\/\/wiejskieprzysmaki.estima.site\/en\/wp-json\/wp\/v2\/product"}],"about":[{"href":"https:\/\/wiejskieprzysmaki.estima.site\/en\/wp-json\/wp\/v2\/types\/product"}],"replies":[{"embeddable":true,"href":"https:\/\/wiejskieprzysmaki.estima.site\/en\/wp-json\/wp\/v2\/comments?post=4101"}],"wp:featuredmedia":[{"embeddable":true,"href":"https:\/\/wiejskieprzysmaki.estima.site\/en\/wp-json\/wp\/v2\/media\/4102"}],"wp:attachment":[{"href":"https:\/\/wiejskieprzysmaki.estima.site\/en\/wp-json\/wp\/v2\/media?parent=4101"}],"wp:term":[{"taxonomy":"product_brand","embeddable":true,"href":"https:\/\/wiejskieprzysmaki.estima.site\/en\/wp-json\/wp\/v2\/product_brand?post=4101"},{"taxonomy":"product_cat","embeddable":true,"href":"https:\/\/wiejskieprzysmaki.estima.site\/en\/wp-json\/wp\/v2\/product_cat?post=4101"},{"taxonomy":"product_tag","embeddable":true,"href":"https:\/\/wiejskieprzysmaki.estima.site\/en\/wp-json\/wp\/v2\/product_tag?post=4101"}],"curies":[{"name":"wp","href":"https:\/\/api.w.org\/{rel}","templated":true}]}}