{"id":4113,"date":"2025-02-18T10:56:10","date_gmt":"2025-02-18T09:56:10","guid":{"rendered":"https:\/\/wiejskieprzysmaki.estima.site\/produkt\/orzechy-laskowe-blanszowane-prazone-bio-350-g-bio-planet\/"},"modified":"2025-02-20T15:20:18","modified_gmt":"2025-02-20T14:20:18","slug":"orzechy-laskowe-blanszowane-prazone-bio-350-g-bio-planet","status":"publish","type":"product","link":"https:\/\/wiejskieprzysmaki.estima.site\/en\/product\/orzechy-laskowe-blanszowane-prazone-bio-350-g-bio-planet\/","title":{"rendered":"ORZECHY LASKOWE BLANSZOWANE PRA\u017bONE BIO 350 g &#8211; BIO PLANET"},"content":{"rendered":"<p>SK\u0141ADNIKI<br \/>ekologiczne ORZECHY LASKOWE blanszowane pra\u017cone 100 %.<\/p>\n<p>OPIS<br \/>Ekologiczne blanszowane i pra\u017cone ORZECHY LASKOWE stanowi\u0105 pyszn\u0105 i po\u017cywn\u0105 przek\u0105sk\u0119 dla dzieci w szkole, w domu i na spacerze! <\/p>\n<p>Produkt nieodpowiedni do spo\u017cycia dla dzieci poni\u017cej 3 lat.\t\t\t<\/p>\n<p>WARTO\u015a\u0106 OD\u017bYWCZA W 100 g<br \/>Warto\u015b\u0107 energetyczna \t2785 kJ\/674 kcal<br \/>T\u0142uszcz \t62 g<br \/>w tym kwasy t\u0142uszczowe nasycone \t4,5 g<br \/>W\u0119glowodany \t18 g<br \/>w tym cukry \t4,9 g<br \/>B\u0142onnik \t9,4 g<br \/>Bia\u0142ko \t15 g<br \/>S\u00f3l \t0 g<\/p>\n<p>INFORMACJA ALERGENNA<br \/>Produkt mo\u017ce zawiera\u0107: ZBO\u017bA ZAWIERAJ\u0104CE GLUTEN, ORZESZKI ZIEMNE, INNE ORZECHY, NASIONA SEZAMU, SOJ\u0118.<\/p>\n<p>ZALECANE WARUNKI PRZECHOWYWANIA<br \/>Przechowywa\u0107 w suchym i ch\u0142odnym miejscu.  <\/p>","protected":false},"excerpt":{"rendered":"<p>SK\u0141ADNIKIekologiczne ORZECHY LASKOWE blanszowane pra\u017cone 100 %. OPISEkologiczne blanszowane i pra\u017cone ORZECHY LASKOWE stanowi\u0105 pyszn\u0105 i po\u017cywn\u0105 przek\u0105sk\u0119 dla dzieci w szkole, w domu i na spacerze! Produkt nieodpowiedni do spo\u017cycia dla dzieci poni\u017cej 3 lat. WARTO\u015a\u0106 OD\u017bYWCZA W 100 gWarto\u015b\u0107 energetyczna 2785 kJ\/674 kcalT\u0142uszcz 62 gw tym kwasy t\u0142uszczowe nasycone 4,5 gW\u0119glowodany 18 gw [&hellip;]<\/p>","protected":false},"featured_media":4114,"comment_status":"closed","ping_status":"open","template":"","meta":{"_acf_changed":false},"product_brand":[],"product_cat":[830,810],"product_tag":[],"class_list":{"0":"post-4113","1":"product","2":"type-product","3":"status-publish","4":"has-post-thumbnail","6":"product_cat-orzechy-i-owoce-suszone","7":"product_cat-orzechy-kasztany-wiorki-kokosowe","8":"pa_ean-matka-3453","9":"pa_ean-matka-3454","10":"pa_gwarancja-przydatnosci-324","11":"pa_ilosc-w-opakowaniu-298","12":"pa_jednostka-podstawowa-szt","13":"pa_kod-cn-2008-19-95","14":"pa_kraj-pochodzenia-skladnikow-turcja","15":"pa_masa-netto-203","16":"pa_objetosc-brutto-204","17":"pa_producent-bio-planet-seria-przekaski","18":"pa_producent-nazwa-adres-bio-planet-s-a-wilkowa-wies-7-05-084-leszno","19":"pa_tagi-bez-cukru-w-skladnikach","20":"pa_tagi-bez-glutenu-w-skladnikach","21":"pa_tagi-certyfikat-bio","22":"pa_tagi-weganski","23":"pa_tagi-wegetarianski","25":"first","26":"instock","27":"taxable","28":"shipping-taxable","29":"purchasable","30":"product-type-simple"},"acf":[],"_links":{"self":[{"href":"https:\/\/wiejskieprzysmaki.estima.site\/en\/wp-json\/wp\/v2\/product\/4113","targetHints":{"allow":["GET"]}}],"collection":[{"href":"https:\/\/wiejskieprzysmaki.estima.site\/en\/wp-json\/wp\/v2\/product"}],"about":[{"href":"https:\/\/wiejskieprzysmaki.estima.site\/en\/wp-json\/wp\/v2\/types\/product"}],"replies":[{"embeddable":true,"href":"https:\/\/wiejskieprzysmaki.estima.site\/en\/wp-json\/wp\/v2\/comments?post=4113"}],"wp:featuredmedia":[{"embeddable":true,"href":"https:\/\/wiejskieprzysmaki.estima.site\/en\/wp-json\/wp\/v2\/media\/4114"}],"wp:attachment":[{"href":"https:\/\/wiejskieprzysmaki.estima.site\/en\/wp-json\/wp\/v2\/media?parent=4113"}],"wp:term":[{"taxonomy":"product_brand","embeddable":true,"href":"https:\/\/wiejskieprzysmaki.estima.site\/en\/wp-json\/wp\/v2\/product_brand?post=4113"},{"taxonomy":"product_cat","embeddable":true,"href":"https:\/\/wiejskieprzysmaki.estima.site\/en\/wp-json\/wp\/v2\/product_cat?post=4113"},{"taxonomy":"product_tag","embeddable":true,"href":"https:\/\/wiejskieprzysmaki.estima.site\/en\/wp-json\/wp\/v2\/product_tag?post=4113"}],"curies":[{"name":"wp","href":"https:\/\/api.w.org\/{rel}","templated":true}]}}