{"id":4125,"date":"2025-02-18T10:56:24","date_gmt":"2025-02-18T09:56:24","guid":{"rendered":"https:\/\/wiejskieprzysmaki.estima.site\/produkt\/dzika-roza-sproszkowana-bio-150-g-bio-planet\/"},"modified":"2025-02-20T15:13:59","modified_gmt":"2025-02-20T14:13:59","slug":"dzika-roza-sproszkowana-bio-150-g-bio-planet","status":"publish","type":"product","link":"https:\/\/wiejskieprzysmaki.estima.site\/en\/product\/dzika-roza-sproszkowana-bio-150-g-bio-planet\/","title":{"rendered":"DZIKA R\u00d3\u017bA SPROSZKOWANA BIO 150 g &#8211; BIO PLANET"},"content":{"rendered":"<p>Wysoka zawarto\u015b\u0107 witaminy C<\/p>\n<p>SK\u0141ADNIKI<br \/>ekologiczne sproszkowane owoce dzikiej r\u00f3\u017cy 100  %.  <\/p>\n<p>OPIS<br \/>Polecamy do koktajli, musli, deser\u00f3w lub jako dodatek do soku i innych napoj\u00f3w.<\/p>\n<p>ZALECANE SPO\u017bYCIE<br \/>2 \u0142y\u017ceczki dziennie.  <\/p>\n<p>WARTO\u015a\u0106 OD\u017bYWCZA W 100 g<br \/>Warto\u015b\u0107 energetyczna 1126 kJ \/ 273 kcal  <br \/>T\u0142uszcz &#8211; 4,9 g  <br \/>w tym kwasy t\u0142uszczowe nasycone &#8211; 0,5 g  <br \/>W\u0119glowodany &#8211; 23 g  <br \/>w tym cukry &#8211; 12 g  <br \/>B\u0142onnik &#8211; 56 g  <br \/>Bia\u0142ko &#8211; 6,2 g  <br \/>S\u00f3l &#8211;  0,03 g  <br \/>Witamina C &#8211; 180 mg (225% RWS*)<\/p>\n<p>ZALECANE WARUNKI PRZECHOWYWANIA<br \/>Przechowywa\u0107 w suchym i ch\u0142odnym miejscu.<\/p>","protected":false},"excerpt":{"rendered":"<p>Wysoka zawarto\u015b\u0107 witaminy C SK\u0141ADNIKIekologiczne sproszkowane owoce dzikiej r\u00f3\u017cy 100 %. OPISPolecamy do koktajli, musli, deser\u00f3w lub jako dodatek do soku i innych napoj\u00f3w. ZALECANE SPO\u017bYCIE2 \u0142y\u017ceczki dziennie. WARTO\u015a\u0106 OD\u017bYWCZA W 100 gWarto\u015b\u0107 energetyczna 1126 kJ \/ 273 kcal T\u0142uszcz &#8211; 4,9 g w tym kwasy t\u0142uszczowe nasycone &#8211; 0,5 g W\u0119glowodany &#8211; 23 g [&hellip;]<\/p>","protected":false},"featured_media":4126,"comment_status":"closed","ping_status":"open","template":"","meta":{"_acf_changed":false},"product_brand":[],"product_cat":[290,9057],"product_tag":[],"class_list":{"0":"post-4125","1":"product","2":"type-product","3":"status-publish","4":"has-post-thumbnail","6":"product_cat-produkty-sproszkowane","7":"product_cat-suplementy-diety","8":"pa_ean-matka-3461","9":"pa_gwarancja-przydatnosci-311","10":"pa_ilosc-w-opakowaniu-298","11":"pa_jednostka-podstawowa-szt","12":"pa_kod-cn-0813-40-95","13":"pa_kraj-pochodzenia-skladnikow-ukraina","14":"pa_masa-netto-197","15":"pa_objetosc-brutto-778","16":"pa_producent-bio-planet-seria-superfoods","17":"pa_producent-nazwa-adres-bio-planet-s-a-wilkowa-wies-7-05-084-leszno","18":"pa_tagi-bez-cukru-w-skladnikach","19":"pa_tagi-bez-glutenu-w-skladnikach","20":"pa_tagi-certyfikat-bio","21":"pa_tagi-weganski","22":"pa_tagi-wegetarianski","24":"first","25":"instock","26":"taxable","27":"shipping-taxable","28":"purchasable","29":"product-type-simple"},"acf":[],"_links":{"self":[{"href":"https:\/\/wiejskieprzysmaki.estima.site\/en\/wp-json\/wp\/v2\/product\/4125","targetHints":{"allow":["GET"]}}],"collection":[{"href":"https:\/\/wiejskieprzysmaki.estima.site\/en\/wp-json\/wp\/v2\/product"}],"about":[{"href":"https:\/\/wiejskieprzysmaki.estima.site\/en\/wp-json\/wp\/v2\/types\/product"}],"replies":[{"embeddable":true,"href":"https:\/\/wiejskieprzysmaki.estima.site\/en\/wp-json\/wp\/v2\/comments?post=4125"}],"wp:featuredmedia":[{"embeddable":true,"href":"https:\/\/wiejskieprzysmaki.estima.site\/en\/wp-json\/wp\/v2\/media\/4126"}],"wp:attachment":[{"href":"https:\/\/wiejskieprzysmaki.estima.site\/en\/wp-json\/wp\/v2\/media?parent=4125"}],"wp:term":[{"taxonomy":"product_brand","embeddable":true,"href":"https:\/\/wiejskieprzysmaki.estima.site\/en\/wp-json\/wp\/v2\/product_brand?post=4125"},{"taxonomy":"product_cat","embeddable":true,"href":"https:\/\/wiejskieprzysmaki.estima.site\/en\/wp-json\/wp\/v2\/product_cat?post=4125"},{"taxonomy":"product_tag","embeddable":true,"href":"https:\/\/wiejskieprzysmaki.estima.site\/en\/wp-json\/wp\/v2\/product_tag?post=4125"}],"curies":[{"name":"wp","href":"https:\/\/api.w.org\/{rel}","templated":true}]}}