{"id":4127,"date":"2025-02-18T10:56:24","date_gmt":"2025-02-18T09:56:24","guid":{"rendered":"https:\/\/wiejskieprzysmaki.estima.site\/produkt\/agar-bio-100-g-bio-planet\/"},"modified":"2025-02-18T10:56:30","modified_gmt":"2025-02-18T09:56:30","slug":"agar-bio-100-g-bio-planet","status":"publish","type":"product","link":"https:\/\/wiejskieprzysmaki.estima.site\/en\/product\/agar-bio-100-g-bio-planet\/","title":{"rendered":"AGAR BIO 100 g &#8211; BIO PLANET"},"content":{"rendered":"<p>SK\u0141ADNIKI<br \/>ekologiczny agar 100 %.<\/p>\n<p>OPIS<br \/>Ekologiczny agar pozyskiwany jest z alg morskich. Polecamy do zag\u0119szczania sos\u00f3w, d\u017cem\u00f3w, krem\u00f3w, polew, budyni i galaret.<\/p>\n<p>SPOS\u00d3B PRZYGOTOWANIA<br \/>5 g agaru rozpu\u015bci\u0107 w 0,5 litra zimnej wody. Podgrza\u0107 do wrzenia. Ostudzi\u0107 i pozostawi\u0107 do zestalenia w lod\u00f3wce.<\/p>\n<p>ZALECANE WARUNKI PRZECHOWYWANIA<br \/>Przechowywa\u0107 w suchym i ch\u0142odnym miejscu, niedost\u0119pnym dla ma\u0142ych dzieci.<\/p>","protected":false},"excerpt":{"rendered":"<p>SK\u0141ADNIKIekologiczny agar 100 %. OPISEkologiczny agar pozyskiwany jest z alg morskich. Polecamy do zag\u0119szczania sos\u00f3w, d\u017cem\u00f3w, krem\u00f3w, polew, budyni i galaret. SPOS\u00d3B PRZYGOTOWANIA5 g agaru rozpu\u015bci\u0107 w 0,5 litra zimnej wody. Podgrza\u0107 do wrzenia. Ostudzi\u0107 i pozostawi\u0107 do zestalenia w lod\u00f3wce. ZALECANE WARUNKI PRZECHOWYWANIAPrzechowywa\u0107 w suchym i ch\u0142odnym miejscu, niedost\u0119pnym dla ma\u0142ych dzieci.<\/p>","protected":false},"featured_media":4128,"comment_status":"closed","ping_status":"open","template":"","meta":{"_acf_changed":false},"product_brand":[],"product_cat":[36],"product_tag":[],"class_list":{"0":"post-4127","1":"product","2":"type-product","3":"status-publish","4":"has-post-thumbnail","6":"product_cat-dodatki-do-wypiekow-i-deserow","7":"pa_ean-matka-3463","8":"pa_gwarancja-przydatnosci-301","9":"pa_ilosc-w-opakowaniu-298","10":"pa_jednostka-podstawowa-szt","11":"pa_kod-cn-1302-31-00","12":"pa_kraj-pochodzenia-skladnikow-wietnam","13":"pa_masa-netto-242","14":"pa_objetosc-brutto-201","15":"pa_producent-bio-planet-seria-inne","16":"pa_producent-nazwa-adres-bio-planet-s-a-wilkowa-wies-7-05-084-leszno","17":"pa_tagi-bez-cukru-w-skladnikach","18":"pa_tagi-bez-glutenu-w-skladnikach","19":"pa_tagi-certyfikat-bio","20":"pa_tagi-weganski","21":"pa_tagi-wegetarianski","23":"first","24":"instock","25":"taxable","26":"shipping-taxable","27":"purchasable","28":"product-type-simple"},"acf":[],"_links":{"self":[{"href":"https:\/\/wiejskieprzysmaki.estima.site\/en\/wp-json\/wp\/v2\/product\/4127","targetHints":{"allow":["GET"]}}],"collection":[{"href":"https:\/\/wiejskieprzysmaki.estima.site\/en\/wp-json\/wp\/v2\/product"}],"about":[{"href":"https:\/\/wiejskieprzysmaki.estima.site\/en\/wp-json\/wp\/v2\/types\/product"}],"replies":[{"embeddable":true,"href":"https:\/\/wiejskieprzysmaki.estima.site\/en\/wp-json\/wp\/v2\/comments?post=4127"}],"wp:featuredmedia":[{"embeddable":true,"href":"https:\/\/wiejskieprzysmaki.estima.site\/en\/wp-json\/wp\/v2\/media\/4128"}],"wp:attachment":[{"href":"https:\/\/wiejskieprzysmaki.estima.site\/en\/wp-json\/wp\/v2\/media?parent=4127"}],"wp:term":[{"taxonomy":"product_brand","embeddable":true,"href":"https:\/\/wiejskieprzysmaki.estima.site\/en\/wp-json\/wp\/v2\/product_brand?post=4127"},{"taxonomy":"product_cat","embeddable":true,"href":"https:\/\/wiejskieprzysmaki.estima.site\/en\/wp-json\/wp\/v2\/product_cat?post=4127"},{"taxonomy":"product_tag","embeddable":true,"href":"https:\/\/wiejskieprzysmaki.estima.site\/en\/wp-json\/wp\/v2\/product_tag?post=4127"}],"curies":[{"name":"wp","href":"https:\/\/api.w.org\/{rel}","templated":true}]}}