{"id":4129,"date":"2025-02-18T10:56:24","date_gmt":"2025-02-18T09:56:24","guid":{"rendered":"https:\/\/wiejskieprzysmaki.estima.site\/produkt\/ashwagandha-sproszkowana-bio-500-g-bio-planet\/"},"modified":"2025-02-20T15:13:59","modified_gmt":"2025-02-20T14:13:59","slug":"ashwagandha-sproszkowana-bio-500-g-bio-planet","status":"publish","type":"product","link":"https:\/\/wiejskieprzysmaki.estima.site\/en\/product\/ashwagandha-sproszkowana-bio-500-g-bio-planet\/","title":{"rendered":"ASHWAGANDHA SPROSZKOWANA BIO 500 g &#8211; BIO PLANET"},"content":{"rendered":"<p>SK\u0141ADNIKI<br \/>ashwagandha (Withania somnifera) w proszku* 100% (*certyfikowany sk\u0142adnik ekologiczny)  <\/p>\n<p>OPIS<br \/>Ekologiczna ashwagandha (\u017ce\u0144-sze\u0144 indyjski) stanowi jedno z najwa\u017cniejszych zi\u00f3\u0142 w ajurwedzie, stosowane od ponad 2000 lat. Obecnie zdobywa coraz wi\u0119ksz\u0105 popularno\u015b\u0107 w Europie. Polecana jest osobom nara\u017conym na stres, intensywnie pracuj\u0105cym oraz sportowcom.<\/p>\n<p>ZALECANE SPO\u017bYCIE: <br \/>3 g dziennie tj. 1 miarka do\u0142\u0105czona do produktu. Polecamy jako dodatek do napoj\u00f3w, koktajli, sok\u00f3w, jogurt\u00f3w. Zawarto\u015b\u0107 witanolid\u00f3w w zalecanej dziennej porcji produktu wynosi 5,5 mg.<br \/>Ashwagandha pomaga zachowa\u0107 stabilno\u015b\u0107 emocjonaln\u0105. Wspomaga zasypianie. Przyczynia si\u0119 do optymalnego relaksu.<br \/>Produkt nie powinien by\u0107 spo\u017cywany w przypadku stosowania lek\u00f3w o dzia\u0142aniu uspokajaj\u0105cym, nasennym, przeciwpadaczkowym, nie stosowa\u0107 u dzieci, kobiet w ci\u0105\u017cy i w trakcie laktacji. \t<br \/>Nie nale\u017cy przekracza\u0107 zalecanej porcji do spo\u017cycia w ci\u0105gu dnia. Suplement diety nie mo\u017ce by\u0107 stosowany jako substytut zr\u00f3\u017cnicowanej diety.<\/p>\n<p>WARTO\u015a\u0106 OD\u017bYWCZA W 100 g<br \/>Warto\u015b\u0107 energetyczna 1234 kJ \/ 296 kcal<br \/>T\u0142uszcz &#8211; 0,6 g<br \/>w tym kwasy t\u0142uszczowe nasycone &#8211; 0,2 g<br \/>W\u0119glowodany &#8211; 45 g<br \/>w tym cukry &#8211; 14 g<br \/>B\u0142onnik &#8211; 42 g<br \/>Bia\u0142ko &#8211; 6,8 g<br \/>S\u00f3l &#8211;  0,2 g<br \/>Witanolidy &#8211; 183 mg<\/p>\n<p>ZALECANE WARUNKI PRZECHOWYWANIA<br \/>Przechowywa\u0107 w suchym i ch\u0142odnym miejscu.<\/p>","protected":false},"excerpt":{"rendered":"<p>SK\u0141ADNIKIashwagandha (Withania somnifera) w proszku* 100% (*certyfikowany sk\u0142adnik ekologiczny) OPISEkologiczna ashwagandha (\u017ce\u0144-sze\u0144 indyjski) stanowi jedno z najwa\u017cniejszych zi\u00f3\u0142 w ajurwedzie, stosowane od ponad 2000 lat. Obecnie zdobywa coraz wi\u0119ksz\u0105 popularno\u015b\u0107 w Europie. Polecana jest osobom nara\u017conym na stres, intensywnie pracuj\u0105cym oraz sportowcom. ZALECANE SPO\u017bYCIE: 3 g dziennie tj. 1 miarka do\u0142\u0105czona do produktu. Polecamy jako [&hellip;]<\/p>","protected":false},"featured_media":4130,"comment_status":"closed","ping_status":"open","template":"","meta":{"_acf_changed":false},"product_brand":[],"product_cat":[290,9057],"product_tag":[],"class_list":{"0":"post-4129","1":"product","2":"type-product","3":"status-publish","4":"has-post-thumbnail","6":"product_cat-produkty-sproszkowane","7":"product_cat-suplementy-diety","8":"pa_ean-matka-3394","9":"pa_ean-matka-3464","10":"pa_gwarancja-przydatnosci-324","11":"pa_ilosc-w-opakowaniu-298","12":"pa_jednostka-podstawowa-szt","13":"pa_kod-cn-1211-90-86","14":"pa_kraj-pochodzenia-skladnikow-indie","15":"pa_masa-netto-347","16":"pa_objetosc-brutto-3440","17":"pa_producent-bio-planet-seria-superfoods","18":"pa_producent-nazwa-adres-bio-planet-s-a-wilkowa-wies-7-05-084-leszno","19":"pa_tagi-bez-cukru-w-skladnikach","20":"pa_tagi-bez-glutenu-w-skladnikach","21":"pa_tagi-certyfikat-bio","22":"pa_tagi-weganski","23":"pa_tagi-wegetarianski","25":"first","26":"instock","27":"taxable","28":"shipping-taxable","29":"purchasable","30":"product-type-simple"},"acf":[],"_links":{"self":[{"href":"https:\/\/wiejskieprzysmaki.estima.site\/en\/wp-json\/wp\/v2\/product\/4129","targetHints":{"allow":["GET"]}}],"collection":[{"href":"https:\/\/wiejskieprzysmaki.estima.site\/en\/wp-json\/wp\/v2\/product"}],"about":[{"href":"https:\/\/wiejskieprzysmaki.estima.site\/en\/wp-json\/wp\/v2\/types\/product"}],"replies":[{"embeddable":true,"href":"https:\/\/wiejskieprzysmaki.estima.site\/en\/wp-json\/wp\/v2\/comments?post=4129"}],"wp:featuredmedia":[{"embeddable":true,"href":"https:\/\/wiejskieprzysmaki.estima.site\/en\/wp-json\/wp\/v2\/media\/4130"}],"wp:attachment":[{"href":"https:\/\/wiejskieprzysmaki.estima.site\/en\/wp-json\/wp\/v2\/media?parent=4129"}],"wp:term":[{"taxonomy":"product_brand","embeddable":true,"href":"https:\/\/wiejskieprzysmaki.estima.site\/en\/wp-json\/wp\/v2\/product_brand?post=4129"},{"taxonomy":"product_cat","embeddable":true,"href":"https:\/\/wiejskieprzysmaki.estima.site\/en\/wp-json\/wp\/v2\/product_cat?post=4129"},{"taxonomy":"product_tag","embeddable":true,"href":"https:\/\/wiejskieprzysmaki.estima.site\/en\/wp-json\/wp\/v2\/product_tag?post=4129"}],"curies":[{"name":"wp","href":"https:\/\/api.w.org\/{rel}","templated":true}]}}