{"id":4137,"date":"2025-02-18T10:56:24","date_gmt":"2025-02-18T09:56:24","guid":{"rendered":"https:\/\/wiejskieprzysmaki.estima.site\/produkt\/kurkuma-mielona-z-czarnym-pieprzem-bio-200-g-bio-planet\/"},"modified":"2025-02-18T10:56:35","modified_gmt":"2025-02-18T09:56:35","slug":"kurkuma-mielona-z-czarnym-pieprzem-bio-200-g-bio-planet","status":"publish","type":"product","link":"https:\/\/wiejskieprzysmaki.estima.site\/en\/product\/kurkuma-mielona-z-czarnym-pieprzem-bio-200-g-bio-planet\/","title":{"rendered":"KURKUMA MIELONA Z CZARNYM PIEPRZEM BIO 200 g &#8211; BIO PLANET"},"content":{"rendered":"<p>SK\u0141ADNIKI<br \/>kurkuma mielona* 90 %, pieprz czarny* 10 % (*certyfikowany sk\u0142adnik ekologiczny).<\/p>\n<p>OPIS<br \/>Ekologiczna mieszanka kurkumy mielonej z czarnym pieprzem nadaje potrawom pikantny, orientalny smak. Polecamy j\u0105 r\u00f3wnie\u017c do napoj\u00f3w, sok\u00f3w czy koktajli.<\/p>\n<p>WARTO\u015a\u0106 OD\u017bYWCZA W 100 g<br \/>Warto\u015b\u0107 energetyczna &#8211; 1566 kJ\/371 kcal<br \/>T\u0142uszcz &#8211; 9,3 g<br \/>w tym kwasy t\u0142uszczowe nasycone &#8211; 2,7 g<br \/>W\u0119glowodany &#8211; 64 g<br \/>w  tym cukry &#8211; 5,2 g<br \/>Bia\u0142ko &#8211; 8,3 g<br \/>S\u00f3l &#8211; 0,3 g<\/p>\n<p>ZALECANE WARUNKI PRZECHOWYWANIA  <br \/>Przechowywa\u0107 w suchym i ch\u0142odnym miejscu.  <\/p>","protected":false},"excerpt":{"rendered":"<p>SK\u0141ADNIKIkurkuma mielona* 90 %, pieprz czarny* 10 % (*certyfikowany sk\u0142adnik ekologiczny). OPISEkologiczna mieszanka kurkumy mielonej z czarnym pieprzem nadaje potrawom pikantny, orientalny smak. Polecamy j\u0105 r\u00f3wnie\u017c do napoj\u00f3w, sok\u00f3w czy koktajli. WARTO\u015a\u0106 OD\u017bYWCZA W 100 gWarto\u015b\u0107 energetyczna &#8211; 1566 kJ\/371 kcalT\u0142uszcz &#8211; 9,3 gw tym kwasy t\u0142uszczowe nasycone &#8211; 2,7 gW\u0119glowodany &#8211; 64 gw tym [&hellip;]<\/p>","protected":false},"featured_media":4138,"comment_status":"closed","ping_status":"open","template":"","meta":{"_acf_changed":false},"product_brand":[],"product_cat":[1052,229],"product_tag":[],"class_list":{"0":"post-4137","1":"product","2":"type-product","3":"status-publish","4":"has-post-thumbnail","6":"product_cat-mieszanki-przyprawy-i-ziola","7":"product_cat-przyprawy-i-ziola","8":"pa_ean-matka-3469","9":"pa_gwarancja-przydatnosci-522","10":"pa_ilosc-w-opakowaniu-298","11":"pa_jednostka-podstawowa-szt","12":"pa_kod-cn-0910-91-90","13":"pa_kraj-pochodzenia-skladnikow-rolnictwo-spoza-ue","14":"pa_masa-netto-354","15":"pa_objetosc-brutto-778","16":"pa_producent-bio-planet-seria-superfoods","17":"pa_producent-nazwa-adres-bio-planet-s-a-wilkowa-wies-7-05-084-leszno","18":"pa_tagi-bez-cukru-w-skladnikach","19":"pa_tagi-bez-glutenu-w-skladnikach","20":"pa_tagi-certyfikat-bio","21":"pa_tagi-weganski","22":"pa_tagi-wegetarianski","24":"first","25":"instock","26":"taxable","27":"shipping-taxable","28":"purchasable","29":"product-type-simple"},"acf":[],"_links":{"self":[{"href":"https:\/\/wiejskieprzysmaki.estima.site\/en\/wp-json\/wp\/v2\/product\/4137","targetHints":{"allow":["GET"]}}],"collection":[{"href":"https:\/\/wiejskieprzysmaki.estima.site\/en\/wp-json\/wp\/v2\/product"}],"about":[{"href":"https:\/\/wiejskieprzysmaki.estima.site\/en\/wp-json\/wp\/v2\/types\/product"}],"replies":[{"embeddable":true,"href":"https:\/\/wiejskieprzysmaki.estima.site\/en\/wp-json\/wp\/v2\/comments?post=4137"}],"wp:featuredmedia":[{"embeddable":true,"href":"https:\/\/wiejskieprzysmaki.estima.site\/en\/wp-json\/wp\/v2\/media\/4138"}],"wp:attachment":[{"href":"https:\/\/wiejskieprzysmaki.estima.site\/en\/wp-json\/wp\/v2\/media?parent=4137"}],"wp:term":[{"taxonomy":"product_brand","embeddable":true,"href":"https:\/\/wiejskieprzysmaki.estima.site\/en\/wp-json\/wp\/v2\/product_brand?post=4137"},{"taxonomy":"product_cat","embeddable":true,"href":"https:\/\/wiejskieprzysmaki.estima.site\/en\/wp-json\/wp\/v2\/product_cat?post=4137"},{"taxonomy":"product_tag","embeddable":true,"href":"https:\/\/wiejskieprzysmaki.estima.site\/en\/wp-json\/wp\/v2\/product_tag?post=4137"}],"curies":[{"name":"wp","href":"https:\/\/api.w.org\/{rel}","templated":true}]}}