{"id":4172,"date":"2025-02-18T10:56:42","date_gmt":"2025-02-18T09:56:42","guid":{"rendered":"https:\/\/wiejskieprzysmaki.estima.site\/produkt\/blonnik-witalny-bio-150-g-bio-planet\/"},"modified":"2025-02-20T15:13:58","modified_gmt":"2025-02-20T14:13:58","slug":"blonnik-witalny-bio-150-g-bio-planet","status":"publish","type":"product","link":"https:\/\/wiejskieprzysmaki.estima.site\/en\/product\/blonnik-witalny-bio-150-g-bio-planet\/","title":{"rendered":"B\u0141ONNIK WITALNY BIO 150 g &#8211; BIO PLANET"},"content":{"rendered":"<p>SK\u0141ADNIKI<br \/>nasiona babki p\u0142esznik (Plantago psyllium)* (80 %), \u0142uski babki jajowatej (Plantago ovata)* (20 %) (*certyfikowany sk\u0142adnik ekologiczny).<\/p>\n<p>OPIS<br \/>Ekologiczny b\u0142onnik witalny jest po\u0142\u0105czeniem nasion babki p\u0142esznik oraz \u0142usek babki jajowatej w proporcji 4:1. Pomaga w prawid\u0142owym funkcjonowaniu przewodu pokarmowego. B\u0142onnik witalny najlepiej spo\u017cywa\u0107 w postaci napoju, zalany wod\u0105, mlekiem lub sokiem owocowym. Mo\u017ce stanowi\u0107 tak\u017ce dodatek do jogurtu, pieczywa lub zag\u0119szczacz do zup i sos\u00f3w. <\/p>\n<p>ZALECANE SPO\u017bYCIE<br \/>nie wi\u0119cej ni\u017c 15 g &#8211; tj. 1,5 do\u0142\u0105czonej miarki), co odpowiada 12 g b\u0142onnika. Podczas spo\u017cywania produktu zalecane jest picie du\u017cej ilo\u015bci p\u0142yn\u00f3w. Nale\u017cy zachowa\u0107 szczeg\u00f3ln\u0105 ostro\u017cno\u015b\u0107 w podawaniu dzieciom. Nie nale\u017cy przekracza\u0107 zalecanej porcji do spo\u017cycia w ci\u0105gu dnia. Suplement diety nie mo\u017ce by\u0107 stosowany jako substytut zr\u00f3\u017cnicowanej diety.\t\t\t<\/p>\n<p>WARTO\u015a\u0106 OD\u017bYWCZA W 100 g<br \/>Warto\u015b\u0107 energetyczna \t791 kJ\/189 kcal<br \/>T\u0142uszcz \t0,6 g<br \/>w tym kwasy t\u0142uszczowe nasycone \t0 g<br \/>W\u0119glowodany \t1,7 g<br \/>w tym cukry \t0,6 g<br \/>B\u0142onnik \t84 g<br \/>Bia\u0142ko \t2,4 g<br \/>S\u00f3l \t0,02 g<\/p>\n<p>ZALECANE WARUNKI PRZECHOWYWANIA<br \/>Przechowywa\u0107 w suchym i ch\u0142odnym miejscu.<\/p>","protected":false},"excerpt":{"rendered":"<p>SK\u0141ADNIKInasiona babki p\u0142esznik (Plantago psyllium)* (80 %), \u0142uski babki jajowatej (Plantago ovata)* (20 %) (*certyfikowany sk\u0142adnik ekologiczny). OPISEkologiczny b\u0142onnik witalny jest po\u0142\u0105czeniem nasion babki p\u0142esznik oraz \u0142usek babki jajowatej w proporcji 4:1. Pomaga w prawid\u0142owym funkcjonowaniu przewodu pokarmowego. B\u0142onnik witalny najlepiej spo\u017cywa\u0107 w postaci napoju, zalany wod\u0105, mlekiem lub sokiem owocowym. Mo\u017ce stanowi\u0107 tak\u017ce dodatek [&hellip;]<\/p>","protected":false},"featured_media":4173,"comment_status":"closed","ping_status":"open","template":"","meta":{"_acf_changed":false},"product_brand":[],"product_cat":[290,9057],"product_tag":[],"class_list":{"0":"post-4172","1":"product","2":"type-product","3":"status-publish","4":"has-post-thumbnail","6":"product_cat-produkty-sproszkowane","7":"product_cat-suplementy-diety","8":"pa_ean-matka-3486","9":"pa_gwarancja-przydatnosci-324","10":"pa_ilosc-w-opakowaniu-298","11":"pa_jednostka-podstawowa-szt","12":"pa_kod-cn-2106-90-98","13":"pa_kraj-pochodzenia-skladnikow-rolnictwo-ue-spoza-ue","14":"pa_masa-netto-197","15":"pa_objetosc-brutto-778","16":"pa_producent-bio-planet-seria-superfoods","17":"pa_producent-nazwa-adres-bio-planet-s-a-wilkowa-wies-7-05-084-leszno","18":"pa_tagi-bez-cukru-w-skladnikach","19":"pa_tagi-bez-glutenu-w-skladnikach","20":"pa_tagi-certyfikat-bio","21":"pa_tagi-weganski","22":"pa_tagi-wegetarianski","24":"first","25":"instock","26":"taxable","27":"shipping-taxable","28":"purchasable","29":"product-type-simple"},"acf":[],"_links":{"self":[{"href":"https:\/\/wiejskieprzysmaki.estima.site\/en\/wp-json\/wp\/v2\/product\/4172","targetHints":{"allow":["GET"]}}],"collection":[{"href":"https:\/\/wiejskieprzysmaki.estima.site\/en\/wp-json\/wp\/v2\/product"}],"about":[{"href":"https:\/\/wiejskieprzysmaki.estima.site\/en\/wp-json\/wp\/v2\/types\/product"}],"replies":[{"embeddable":true,"href":"https:\/\/wiejskieprzysmaki.estima.site\/en\/wp-json\/wp\/v2\/comments?post=4172"}],"wp:featuredmedia":[{"embeddable":true,"href":"https:\/\/wiejskieprzysmaki.estima.site\/en\/wp-json\/wp\/v2\/media\/4173"}],"wp:attachment":[{"href":"https:\/\/wiejskieprzysmaki.estima.site\/en\/wp-json\/wp\/v2\/media?parent=4172"}],"wp:term":[{"taxonomy":"product_brand","embeddable":true,"href":"https:\/\/wiejskieprzysmaki.estima.site\/en\/wp-json\/wp\/v2\/product_brand?post=4172"},{"taxonomy":"product_cat","embeddable":true,"href":"https:\/\/wiejskieprzysmaki.estima.site\/en\/wp-json\/wp\/v2\/product_cat?post=4172"},{"taxonomy":"product_tag","embeddable":true,"href":"https:\/\/wiejskieprzysmaki.estima.site\/en\/wp-json\/wp\/v2\/product_tag?post=4172"}],"curies":[{"name":"wp","href":"https:\/\/api.w.org\/{rel}","templated":true}]}}