{"id":4192,"date":"2025-02-18T10:56:59","date_gmt":"2025-02-18T09:56:59","guid":{"rendered":"https:\/\/wiejskieprzysmaki.estima.site\/produkt\/daktyle-w-surowej-czekoladzie-bio-100-g-bio-planet\/"},"modified":"2025-02-18T10:56:59","modified_gmt":"2025-02-18T09:56:59","slug":"daktyle-w-surowej-czekoladzie-bio-100-g-bio-planet","status":"publish","type":"product","link":"https:\/\/wiejskieprzysmaki.estima.site\/en\/product\/daktyle-w-surowej-czekoladzie-bio-100-g-bio-planet\/","title":{"rendered":"DAKTYLE W SUROWEJ CZEKOLADZIE BIO 100 g &#8211; BIO PLANET"},"content":{"rendered":"<p>SK\u0141ADNIKI<br \/>Sk\u0142adniki: czekolada* (50 %) (surowe ziarna kakao*,  cukier kokosowy*, t\u0142uszcz kakaowy*), daktyle suszone* (50 %) (*certyfikowany sk\u0142adnik ekologiczny). Masa kakaowa minimum 65 %.\t<\/p>\n<p>OPIS<br \/>Ekologiczne suszone daktyle oblane czekolad\u0105 z niepra\u017conych ziaren kakaowca, s\u0142odzon\u0105 cukrem kokosowym. Stanowi\u0105 wy\u015bmienit\u0105 samodzieln\u0105 przek\u0105sk\u0119, r\u00f3wnie\u017c dla os\u00f3b na diecie wega\u0144skiej. <\/p>\n<p>WARTO\u015a\u0106 OD\u017bYWCZA W 100 g<br \/>Warto\u015b\u0107 energetyczna \t1926 kJ\/462 kcal<br \/>T\u0142uszcz \t26 g<br \/>w tym kwasy t\u0142uszczowe nasycone \t17 g<br \/>W\u0119glowodany \t47 g<br \/>w tym cukry \t45 g<br \/>B\u0142onnik \t10 g<br \/>Bia\u0142ko \t5,0 g<br \/>S\u00f3l \t0,1 g<\/p>\n<p>INFORMACJA ALERGENNA<br \/>Produkt mo\u017ce zawiera\u0107: ZBO\u017bA ZAWIERAJ\u0104CE GLUTEN, ORZESZKI ZIEMNE, ORZECHY, NASIONA SEZAMU, SOJ\u0118.<\/p>\n<p>ZALECANE WARUNKI PRZECHOWYWANIA<br \/>Przechowywa\u0107 w suchym i ch\u0142odnym miejscu.<\/p>","protected":false},"excerpt":{"rendered":"<p>SK\u0141ADNIKISk\u0142adniki: czekolada* (50 %) (surowe ziarna kakao*, cukier kokosowy*, t\u0142uszcz kakaowy*), daktyle suszone* (50 %) (*certyfikowany sk\u0142adnik ekologiczny). Masa kakaowa minimum 65 %. OPISEkologiczne suszone daktyle oblane czekolad\u0105 z niepra\u017conych ziaren kakaowca, s\u0142odzon\u0105 cukrem kokosowym. Stanowi\u0105 wy\u015bmienit\u0105 samodzieln\u0105 przek\u0105sk\u0119, r\u00f3wnie\u017c dla os\u00f3b na diecie wega\u0144skiej. WARTO\u015a\u0106 OD\u017bYWCZA W 100 gWarto\u015b\u0107 energetyczna 1926 kJ\/462 kcalT\u0142uszcz 26 [&hellip;]<\/p>","protected":false},"featured_media":4193,"comment_status":"closed","ping_status":"open","template":"","meta":{"_acf_changed":false},"product_brand":[],"product_cat":[700,139],"product_tag":[],"class_list":{"0":"post-4192","1":"product","2":"type-product","3":"status-publish","4":"has-post-thumbnail","6":"product_cat-bakalie-w-czekol-i-kandyz","7":"product_cat-slodycze-i-przekaski","8":"pa_ean-matka-3496","9":"pa_gwarancja-przydatnosci-311","10":"pa_ilosc-w-opakowaniu-298","11":"pa_jednostka-podstawowa-szt","12":"pa_kod-cn-1806-90-90","13":"pa_kraj-pochodzenia-skladnikow-rolnictwo-ue-spoza-ue","14":"pa_masa-netto-242","15":"pa_objetosc-brutto-201","16":"pa_producent-bio-planet-seria-przekaski","17":"pa_producent-nazwa-adres-bio-planet-s-a-wilkowa-wies-7-05-084-leszno","18":"pa_tagi-bez-glutenu-w-skladnikach","19":"pa_tagi-certyfikat-bio","20":"pa_tagi-weganski","21":"pa_tagi-wegetarianski","23":"first","24":"instock","25":"taxable","26":"shipping-taxable","27":"purchasable","28":"product-type-simple"},"acf":[],"_links":{"self":[{"href":"https:\/\/wiejskieprzysmaki.estima.site\/en\/wp-json\/wp\/v2\/product\/4192","targetHints":{"allow":["GET"]}}],"collection":[{"href":"https:\/\/wiejskieprzysmaki.estima.site\/en\/wp-json\/wp\/v2\/product"}],"about":[{"href":"https:\/\/wiejskieprzysmaki.estima.site\/en\/wp-json\/wp\/v2\/types\/product"}],"replies":[{"embeddable":true,"href":"https:\/\/wiejskieprzysmaki.estima.site\/en\/wp-json\/wp\/v2\/comments?post=4192"}],"wp:featuredmedia":[{"embeddable":true,"href":"https:\/\/wiejskieprzysmaki.estima.site\/en\/wp-json\/wp\/v2\/media\/4193"}],"wp:attachment":[{"href":"https:\/\/wiejskieprzysmaki.estima.site\/en\/wp-json\/wp\/v2\/media?parent=4192"}],"wp:term":[{"taxonomy":"product_brand","embeddable":true,"href":"https:\/\/wiejskieprzysmaki.estima.site\/en\/wp-json\/wp\/v2\/product_brand?post=4192"},{"taxonomy":"product_cat","embeddable":true,"href":"https:\/\/wiejskieprzysmaki.estima.site\/en\/wp-json\/wp\/v2\/product_cat?post=4192"},{"taxonomy":"product_tag","embeddable":true,"href":"https:\/\/wiejskieprzysmaki.estima.site\/en\/wp-json\/wp\/v2\/product_tag?post=4192"}],"curies":[{"name":"wp","href":"https:\/\/api.w.org\/{rel}","templated":true}]}}