{"id":4198,"date":"2025-02-18T10:56:59","date_gmt":"2025-02-18T09:56:59","guid":{"rendered":"https:\/\/wiejskieprzysmaki.estima.site\/produkt\/wisnie-suszone-bio-100-g-bio-planet\/"},"modified":"2025-02-18T10:57:01","modified_gmt":"2025-02-18T09:57:01","slug":"wisnie-suszone-bio-100-g-bio-planet","status":"publish","type":"product","link":"https:\/\/wiejskieprzysmaki.estima.site\/en\/product\/wisnie-suszone-bio-100-g-bio-planet\/","title":{"rendered":"WI\u015aNIE SUSZONE BIO 100 g &#8211; BIO PLANET"},"content":{"rendered":"<p>SK\u0141ADNIKI<br \/>suszone wi\u015bnie* (99,5 %), olej s\u0142onecznikowy* (0,5 %) (*certyfikowany sk\u0142adnik ekologiczny).<\/p>\n<p>OPIS<br \/>Ekologiczne wi\u015bnie suszone na s\u0142o\u0144cu to doskona\u0142a samodzielna przek\u0105ska. Polecamy r\u00f3wnie\u017c jako dodatek do deser\u00f3w, p\u0142atk\u00f3w \u015bniadaniowych, ciast, lod\u00f3w oraz kompot\u00f3w.<\/p>\n<p>UWAGA<br \/>Wi\u015bnie sporadycznie mog\u0105 zawiera\u0107 pestki, b\u0105d\u017a ich fragmenty.\t<\/p>\n<p>WARTO\u015a\u0106 OD\u017bYWCZA W 100 g<br \/>Warto\u015b\u0107 energetyczna \t1391 kJ\/328 kcal<br \/>T\u0142uszcz \t<0,5 g<br \/>w tym kwasy t\u0142uszczowe nasycone \t0,1 g<br \/>W\u0119glowodany \t78 g<br \/>w tym cukry \t67 g<br \/>B\u0142onnik \t2,5 g<br \/>Bia\u0142ko \t2,5 g<br \/>S\u00f3l \t0,03 g<\/p>\n<p>ZALECANE WARUNKI PRZECHOWYWANIA<br \/>Przechowywa\u0107 w suchym i ch\u0142odnym miejscu.<\/p>","protected":false},"excerpt":{"rendered":"<p>SK\u0141ADNIKIsuszone wi\u015bnie* (99,5 %), olej s\u0142onecznikowy* (0,5 %) (*certyfikowany sk\u0142adnik ekologiczny). OPISEkologiczne wi\u015bnie suszone na s\u0142o\u0144cu to doskona\u0142a samodzielna przek\u0105ska. Polecamy r\u00f3wnie\u017c jako dodatek do deser\u00f3w, p\u0142atk\u00f3w \u015bniadaniowych, ciast, lod\u00f3w oraz kompot\u00f3w. UWAGAWi\u015bnie sporadycznie mog\u0105 zawiera\u0107 pestki, b\u0105d\u017a ich fragmenty. WARTO\u015a\u0106 OD\u017bYWCZA W 100 gWarto\u015b\u0107 energetyczna 1391 kJ\/328 kcalT\u0142uszcz<\/p>","protected":false},"featured_media":4199,"comment_status":"closed","ping_status":"open","template":"","meta":{"_acf_changed":false},"product_brand":[],"product_cat":[830],"product_tag":[],"class_list":{"0":"post-4198","1":"product","2":"type-product","3":"status-publish","4":"has-post-thumbnail","6":"product_cat-orzechy-i-owoce-suszone","7":"pa_ean-matka-3498","8":"pa_gwarancja-przydatnosci-324","9":"pa_ilosc-w-opakowaniu-298","10":"pa_jednostka-podstawowa-szt","11":"pa_kod-cn-0813-40-95","12":"pa_kraj-pochodzenia-skladnikow-uzbekistan","13":"pa_masa-netto-242","14":"pa_objetosc-brutto-201","15":"pa_producent-bio-planet-seria-fioletowa-owoce-suszone","16":"pa_producent-nazwa-adres-bio-planet-s-a-wilkowa-wies-7-05-084-leszno","17":"pa_tagi-bez-cukru-w-skladnikach","18":"pa_tagi-bez-glutenu-w-skladnikach","19":"pa_tagi-certyfikat-bio","20":"pa_tagi-weganski","21":"pa_tagi-wegetarianski","23":"first","24":"instock","25":"taxable","26":"shipping-taxable","27":"purchasable","28":"product-type-simple"},"acf":[],"_links":{"self":[{"href":"https:\/\/wiejskieprzysmaki.estima.site\/en\/wp-json\/wp\/v2\/product\/4198","targetHints":{"allow":["GET"]}}],"collection":[{"href":"https:\/\/wiejskieprzysmaki.estima.site\/en\/wp-json\/wp\/v2\/product"}],"about":[{"href":"https:\/\/wiejskieprzysmaki.estima.site\/en\/wp-json\/wp\/v2\/types\/product"}],"replies":[{"embeddable":true,"href":"https:\/\/wiejskieprzysmaki.estima.site\/en\/wp-json\/wp\/v2\/comments?post=4198"}],"wp:featuredmedia":[{"embeddable":true,"href":"https:\/\/wiejskieprzysmaki.estima.site\/en\/wp-json\/wp\/v2\/media\/4199"}],"wp:attachment":[{"href":"https:\/\/wiejskieprzysmaki.estima.site\/en\/wp-json\/wp\/v2\/media?parent=4198"}],"wp:term":[{"taxonomy":"product_brand","embeddable":true,"href":"https:\/\/wiejskieprzysmaki.estima.site\/en\/wp-json\/wp\/v2\/product_brand?post=4198"},{"taxonomy":"product_cat","embeddable":true,"href":"https:\/\/wiejskieprzysmaki.estima.site\/en\/wp-json\/wp\/v2\/product_cat?post=4198"},{"taxonomy":"product_tag","embeddable":true,"href":"https:\/\/wiejskieprzysmaki.estima.site\/en\/wp-json\/wp\/v2\/product_tag?post=4198"}],"curies":[{"name":"wp","href":"https:\/\/api.w.org\/{rel}","templated":true}]}}