{"id":4212,"date":"2025-02-18T10:56:59","date_gmt":"2025-02-18T09:56:59","guid":{"rendered":"https:\/\/wiejskieprzysmaki.estima.site\/produkt\/maka-bananowa-bio-200-g-bio-planet\/"},"modified":"2025-02-18T10:57:07","modified_gmt":"2025-02-18T09:57:07","slug":"maka-bananowa-bio-200-g-bio-planet","status":"publish","type":"product","link":"https:\/\/wiejskieprzysmaki.estima.site\/en\/product\/maka-bananowa-bio-200-g-bio-planet\/","title":{"rendered":"M\u0104KA BANANOWA BIO 200 g &#8211; BIO PLANET"},"content":{"rendered":"<p>SK\u0141ADNIKI<br \/>ekologiczne banany 100 %.<\/p>\n<p>OPIS<br \/>Ekologiczna m\u0105ka bananowa powstaje w wyniku zmielenia zielonych banan\u00f3w. <br \/>Ma neutralny smak, mo\u017cna wi\u0119c przyrz\u0105dza\u0107 z niej dania zar\u00f3wno s\u0142odkie jak i wytrawne. <br \/>Polecamy do przygotowania ciast, ciasteczek, zag\u0119szczania zup, sos\u00f3w i koktajli.<\/p>\n<p>WARTO\u015a\u0106 OD\u017bYWCZA W 100 g<br \/>Warto\u015b\u0107 energetyczna: 1561 kJ\/369 kcal<br \/>T\u0142uszcz: 0 g<br \/>w tym kwasy t\u0142uszczowe nasycone: 0 g<br \/>W\u0119glowodany: 84 g<br \/>w tym cukry: 45 g<br \/>B\u0142onnik: 10 g<br \/>Bia\u0142ko: 2,9 g<br \/>S\u00f3l: 0,01 g<\/p>\n<p>ZALECANE WARUNKI PRZECHOWYWANIA<br \/>Przechowywa\u0107 w suchym i ch\u0142odnym miejscu.<\/p>","protected":false},"excerpt":{"rendered":"<p>SK\u0141ADNIKIekologiczne banany 100 %. OPISEkologiczna m\u0105ka bananowa powstaje w wyniku zmielenia zielonych banan\u00f3w. Ma neutralny smak, mo\u017cna wi\u0119c przyrz\u0105dza\u0107 z niej dania zar\u00f3wno s\u0142odkie jak i wytrawne. Polecamy do przygotowania ciast, ciasteczek, zag\u0119szczania zup, sos\u00f3w i koktajli. WARTO\u015a\u0106 OD\u017bYWCZA W 100 gWarto\u015b\u0107 energetyczna: 1561 kJ\/369 kcalT\u0142uszcz: 0 gw tym kwasy t\u0142uszczowe nasycone: 0 gW\u0119glowodany: 84 [&hellip;]<\/p>","protected":false},"featured_media":4213,"comment_status":"closed","ping_status":"open","template":"","meta":{"_acf_changed":false},"product_brand":[],"product_cat":[99,100],"product_tag":[],"class_list":{"0":"post-4212","1":"product","2":"type-product","3":"status-publish","4":"has-post-thumbnail","6":"product_cat-maki-i-skrobie","7":"product_cat-maki-naturalnie-bezglutenowe","8":"pa_ean-matka-3511","9":"pa_gwarancja-przydatnosci-324","10":"pa_ilosc-w-opakowaniu-298","11":"pa_jednostka-podstawowa-szt","12":"pa_kod-cn-1106-30-10","13":"pa_kraj-pochodzenia-skladnikow-sri-lanka","14":"pa_masa-netto-354","15":"pa_objetosc-brutto-3510","16":"pa_producent-bio-planet-seria-maki-i-skrobie","17":"pa_producent-nazwa-adres-bio-planet-s-a-wilkowa-wies-7-05-084-leszno","18":"pa_tagi-bez-cukru-w-skladnikach","19":"pa_tagi-bez-glutenu-w-skladnikach","20":"pa_tagi-certyfikat-bio","21":"pa_tagi-weganski","22":"pa_tagi-wegetarianski","24":"first","25":"instock","26":"taxable","27":"shipping-taxable","28":"purchasable","29":"product-type-simple"},"acf":[],"_links":{"self":[{"href":"https:\/\/wiejskieprzysmaki.estima.site\/en\/wp-json\/wp\/v2\/product\/4212","targetHints":{"allow":["GET"]}}],"collection":[{"href":"https:\/\/wiejskieprzysmaki.estima.site\/en\/wp-json\/wp\/v2\/product"}],"about":[{"href":"https:\/\/wiejskieprzysmaki.estima.site\/en\/wp-json\/wp\/v2\/types\/product"}],"replies":[{"embeddable":true,"href":"https:\/\/wiejskieprzysmaki.estima.site\/en\/wp-json\/wp\/v2\/comments?post=4212"}],"wp:featuredmedia":[{"embeddable":true,"href":"https:\/\/wiejskieprzysmaki.estima.site\/en\/wp-json\/wp\/v2\/media\/4213"}],"wp:attachment":[{"href":"https:\/\/wiejskieprzysmaki.estima.site\/en\/wp-json\/wp\/v2\/media?parent=4212"}],"wp:term":[{"taxonomy":"product_brand","embeddable":true,"href":"https:\/\/wiejskieprzysmaki.estima.site\/en\/wp-json\/wp\/v2\/product_brand?post=4212"},{"taxonomy":"product_cat","embeddable":true,"href":"https:\/\/wiejskieprzysmaki.estima.site\/en\/wp-json\/wp\/v2\/product_cat?post=4212"},{"taxonomy":"product_tag","embeddable":true,"href":"https:\/\/wiejskieprzysmaki.estima.site\/en\/wp-json\/wp\/v2\/product_tag?post=4212"}],"curies":[{"name":"wp","href":"https:\/\/api.w.org\/{rel}","templated":true}]}}