{"id":4214,"date":"2025-02-18T10:56:59","date_gmt":"2025-02-18T09:56:59","guid":{"rendered":"https:\/\/wiejskieprzysmaki.estima.site\/produkt\/maka-kokosowa-bio-600-g-bio-planet\/"},"modified":"2025-02-18T10:57:08","modified_gmt":"2025-02-18T09:57:08","slug":"maka-kokosowa-bio-600-g-bio-planet","status":"publish","type":"product","link":"https:\/\/wiejskieprzysmaki.estima.site\/en\/product\/maka-kokosowa-bio-600-g-bio-planet\/","title":{"rendered":"M\u0104KA KOKOSOWA BIO 600 g &#8211; BIO PLANET"},"content":{"rendered":"<p>SK\u0141ADNIKI<br \/>ekologiczna m\u0105ka kokosowa odt\u0142uszczona 100 %. <\/p>\n<p>OPIS<br \/>Ekologiczna m\u0105ka kokosowa powstaje w wyniku zmielenia mi\u0105\u017cszu kokosa. Charakteryzuje sie wyra\u017anym kokosowym zapachem i delikatnym, s\u0142odkim smakiem. Polecamy do wypiek\u00f3w, deser\u00f3w, koktajli, musli, sa\u0142atek owocowych, jogurt\u00f3w.\t\t\t<\/p>\n<p>WARTO\u015a\u0106 OD\u017bYWCZA W 100 g<br \/>Warto\u015b\u0107 energetyczna \t2131 kJ\/510 kcal<br \/>T\u0142uszcz \t12 g<br \/>w tym kwasy t\u0142uszczowe nasycone \t11 g<br \/>W\u0119glowodany \t60 g<br \/>w tym cukry \t5,8 g<br \/>B\u0142onnik \t41 g<br \/>Bia\u0142ko \t20 g<br \/>S\u00f3l \t0,22 g<\/p>\n<p>ZALECANE WARUNKI PRZECHOWYWANIA<br \/>Przechowywa\u0107 w suchym i ch\u0142odnym miejscu.<\/p>","protected":false},"excerpt":{"rendered":"<p>SK\u0141ADNIKIekologiczna m\u0105ka kokosowa odt\u0142uszczona 100 %. OPISEkologiczna m\u0105ka kokosowa powstaje w wyniku zmielenia mi\u0105\u017cszu kokosa. Charakteryzuje sie wyra\u017anym kokosowym zapachem i delikatnym, s\u0142odkim smakiem. Polecamy do wypiek\u00f3w, deser\u00f3w, koktajli, musli, sa\u0142atek owocowych, jogurt\u00f3w. WARTO\u015a\u0106 OD\u017bYWCZA W 100 gWarto\u015b\u0107 energetyczna 2131 kJ\/510 kcalT\u0142uszcz 12 gw tym kwasy t\u0142uszczowe nasycone 11 gW\u0119glowodany 60 gw tym cukry 5,8 [&hellip;]<\/p>","protected":false},"featured_media":4215,"comment_status":"closed","ping_status":"open","template":"","meta":{"_acf_changed":false},"product_brand":[],"product_cat":[99,100],"product_tag":[],"class_list":{"0":"post-4214","1":"product","2":"type-product","3":"status-publish","4":"has-post-thumbnail","6":"product_cat-maki-i-skrobie","7":"product_cat-maki-naturalnie-bezglutenowe","8":"pa_ean-matka-3512","9":"pa_ean-matka-901","10":"pa_gwarancja-przydatnosci-522","11":"pa_ilosc-w-opakowaniu-298","12":"pa_jednostka-podstawowa-szt","13":"pa_kod-cn-1106-30-90","14":"pa_kraj-pochodzenia-skladnikow-sri-lanka","15":"pa_masa-netto-792","16":"pa_objetosc-brutto-812","17":"pa_producent-bio-planet-seria-maki-i-skrobie","18":"pa_producent-nazwa-adres-bio-planet-s-a-wilkowa-wies-7-05-084-leszno","19":"pa_tagi-bez-cukru-w-skladnikach","20":"pa_tagi-bez-glutenu-w-skladnikach","21":"pa_tagi-certyfikat-bio","22":"pa_tagi-weganski","23":"pa_tagi-wegetarianski","25":"first","26":"instock","27":"taxable","28":"shipping-taxable","29":"purchasable","30":"product-type-simple"},"acf":[],"_links":{"self":[{"href":"https:\/\/wiejskieprzysmaki.estima.site\/en\/wp-json\/wp\/v2\/product\/4214","targetHints":{"allow":["GET"]}}],"collection":[{"href":"https:\/\/wiejskieprzysmaki.estima.site\/en\/wp-json\/wp\/v2\/product"}],"about":[{"href":"https:\/\/wiejskieprzysmaki.estima.site\/en\/wp-json\/wp\/v2\/types\/product"}],"replies":[{"embeddable":true,"href":"https:\/\/wiejskieprzysmaki.estima.site\/en\/wp-json\/wp\/v2\/comments?post=4214"}],"wp:featuredmedia":[{"embeddable":true,"href":"https:\/\/wiejskieprzysmaki.estima.site\/en\/wp-json\/wp\/v2\/media\/4215"}],"wp:attachment":[{"href":"https:\/\/wiejskieprzysmaki.estima.site\/en\/wp-json\/wp\/v2\/media?parent=4214"}],"wp:term":[{"taxonomy":"product_brand","embeddable":true,"href":"https:\/\/wiejskieprzysmaki.estima.site\/en\/wp-json\/wp\/v2\/product_brand?post=4214"},{"taxonomy":"product_cat","embeddable":true,"href":"https:\/\/wiejskieprzysmaki.estima.site\/en\/wp-json\/wp\/v2\/product_cat?post=4214"},{"taxonomy":"product_tag","embeddable":true,"href":"https:\/\/wiejskieprzysmaki.estima.site\/en\/wp-json\/wp\/v2\/product_tag?post=4214"}],"curies":[{"name":"wp","href":"https:\/\/api.w.org\/{rel}","templated":true}]}}