{"id":4227,"date":"2025-02-18T10:57:13","date_gmt":"2025-02-18T09:57:13","guid":{"rendered":"https:\/\/wiejskieprzysmaki.estima.site\/produkt\/nasiona-konopi-luskane-bio-600-g-bio-planet\/"},"modified":"2025-02-18T10:57:13","modified_gmt":"2025-02-18T09:57:13","slug":"nasiona-konopi-luskane-bio-600-g-bio-planet","status":"publish","type":"product","link":"https:\/\/wiejskieprzysmaki.estima.site\/en\/product\/nasiona-konopi-luskane-bio-600-g-bio-planet\/","title":{"rendered":"NASIONA KONOPI \u0141USKANE BIO 600 g &#8211; BIO PLANET"},"content":{"rendered":"<p>SK\u0141ADNIKI<br \/>ekologiczne nasiona konopi \u0142uskane 100 %.<\/p>\n<p>OPIS<br \/>Ekologiczne nasiona konopi \u0142uskane (siemi\u0119 konopne) w smaku przypominaj\u0105 s\u0142onecznik. Polecamy jako dodatek do sa\u0142atek, kanapek, makaron\u00f3w, sos\u00f3w, pieczonych warzyw i zup typu krem. Idealne r\u00f3wnie\u017c do przek\u0105sek na s\u0142odko, np. owsianek czy owocowych koktajli.<br \/>Kwas alfa-linolenowy (ALA) pomaga w utrzymaniu prawid\u0142owego poziomu cholesterolu we krwi. Korzystne dzia\u0142anie wyst\u0119puje w przypadku spo\u017cywania 2 g ALA dziennie.\t<br \/>wysoka zawarto\u015b\u0107 bia\u0142ka, wysoka zawarto\u015b\u0107 omega-3.\t<\/p>\n<p>WARTO\u015a\u0106 OD\u017bYWCZA W 100 g<br \/>Warto\u015b\u0107 energetyczna \t2455 kJ\/592 kcal<br \/>T\u0142uszcz \t48 g<br \/>w tym kwasy t\u0142uszczowe nasycone \t5,2 g<br \/>W\u0119glowodany \t3,1 g<br \/>w tym cukry \t2,6 g<br \/>B\u0142onnik \t6,0 g<br \/>Bia\u0142ko \t34 g<br \/>S\u00f3l \t0,02 g<\/p>\n<p>ZALECANE WARUNKI PRZECHOWYWANIA<br \/>Przechowywa\u0107 w suchym i ch\u0142odnym miejscu.<\/p>","protected":false},"excerpt":{"rendered":"<p>SK\u0141ADNIKIekologiczne nasiona konopi \u0142uskane 100 %. OPISEkologiczne nasiona konopi \u0142uskane (siemi\u0119 konopne) w smaku przypominaj\u0105 s\u0142onecznik. Polecamy jako dodatek do sa\u0142atek, kanapek, makaron\u00f3w, sos\u00f3w, pieczonych warzyw i zup typu krem. Idealne r\u00f3wnie\u017c do przek\u0105sek na s\u0142odko, np. owsianek czy owocowych koktajli.Kwas alfa-linolenowy (ALA) pomaga w utrzymaniu prawid\u0142owego poziomu cholesterolu we krwi. Korzystne dzia\u0142anie wyst\u0119puje w [&hellip;]<\/p>","protected":false},"featured_media":4228,"comment_status":"closed","ping_status":"open","template":"","meta":{"_acf_changed":false},"product_brand":[],"product_cat":[151],"product_tag":[],"class_list":{"0":"post-4227","1":"product","2":"type-product","3":"status-publish","4":"has-post-thumbnail","6":"product_cat-nasiona-i-ziarna","7":"pa_ean-matka-3518","8":"pa_ean-matka-798","9":"pa_gwarancja-przydatnosci-324","10":"pa_ilosc-w-opakowaniu-298","11":"pa_jednostka-podstawowa-szt","12":"pa_kod-cn-1207-99-91","13":"pa_kraj-pochodzenia-skladnikow-chiny","14":"pa_masa-netto-792","15":"pa_objetosc-brutto-3440","16":"pa_producent-bio-planet-seria-superfoods","17":"pa_producent-nazwa-adres-bio-planet-s-a-wilkowa-wies-7-05-084-leszno","18":"pa_tagi-bez-cukru-w-skladnikach","19":"pa_tagi-bez-glutenu-w-skladnikach","20":"pa_tagi-certyfikat-bio","21":"pa_tagi-weganski","22":"pa_tagi-wegetarianski","24":"first","25":"instock","26":"taxable","27":"shipping-taxable","28":"purchasable","29":"product-type-simple"},"acf":[],"_links":{"self":[{"href":"https:\/\/wiejskieprzysmaki.estima.site\/en\/wp-json\/wp\/v2\/product\/4227","targetHints":{"allow":["GET"]}}],"collection":[{"href":"https:\/\/wiejskieprzysmaki.estima.site\/en\/wp-json\/wp\/v2\/product"}],"about":[{"href":"https:\/\/wiejskieprzysmaki.estima.site\/en\/wp-json\/wp\/v2\/types\/product"}],"replies":[{"embeddable":true,"href":"https:\/\/wiejskieprzysmaki.estima.site\/en\/wp-json\/wp\/v2\/comments?post=4227"}],"wp:featuredmedia":[{"embeddable":true,"href":"https:\/\/wiejskieprzysmaki.estima.site\/en\/wp-json\/wp\/v2\/media\/4228"}],"wp:attachment":[{"href":"https:\/\/wiejskieprzysmaki.estima.site\/en\/wp-json\/wp\/v2\/media?parent=4227"}],"wp:term":[{"taxonomy":"product_brand","embeddable":true,"href":"https:\/\/wiejskieprzysmaki.estima.site\/en\/wp-json\/wp\/v2\/product_brand?post=4227"},{"taxonomy":"product_cat","embeddable":true,"href":"https:\/\/wiejskieprzysmaki.estima.site\/en\/wp-json\/wp\/v2\/product_cat?post=4227"},{"taxonomy":"product_tag","embeddable":true,"href":"https:\/\/wiejskieprzysmaki.estima.site\/en\/wp-json\/wp\/v2\/product_tag?post=4227"}],"curies":[{"name":"wp","href":"https:\/\/api.w.org\/{rel}","templated":true}]}}