{"id":4229,"date":"2025-02-18T10:57:13","date_gmt":"2025-02-18T09:57:13","guid":{"rendered":"https:\/\/wiejskieprzysmaki.estima.site\/produkt\/banany-suszone-bio-400-g-bio-planet\/"},"modified":"2025-02-18T10:57:14","modified_gmt":"2025-02-18T09:57:14","slug":"banany-suszone-bio-400-g-bio-planet","status":"publish","type":"product","link":"https:\/\/wiejskieprzysmaki.estima.site\/en\/product\/banany-suszone-bio-400-g-bio-planet\/","title":{"rendered":"BANANY SUSZONE BIO 400 g &#8211; BIO PLANET"},"content":{"rendered":"<p>SK\u0141ADNIKI<br \/>ekologiczne banany suszone 100 %.<\/p>\n<p>OPIS<br \/>Ekologiczne banany suszone to pyszna i ciekawa w smaku po\u017cywna przek\u0105ska. Kawa\u0142ki banan\u00f3w charakteryzuj\u0105 si\u0119 mi\u0119kk\u0105, lekko gumowat\u0105 konsystencj\u0105. Znakomicie smakuj\u0105 prosto z torebki, jak r\u00f3wnie\u017c jako dodatek do da\u0144 orientalnych, musli, sa\u0142atek owocowych, ciast i deser\u00f3w. \t<\/p>\n<p>WARTO\u015a\u0106 OD\u017bYWCZA W 100 g<br \/>Warto\u015b\u0107 energetyczna \t1575 kJ\/372 kcal<br \/>T\u0142uszcz \t0,7 g<br \/>w tym kwasy t\u0142uszczowe nasycone \t0,4 g<br \/>W\u0119glowodany \t85 g<br \/>w tym cukry \t30 g<br \/>B\u0142onnik \t6,0 g<br \/>Bia\u0142ko \t3,4 g<br \/>S\u00f3l \t0 g<\/p>\n<p>ZALECANE WARUNKI PRZECHOWYWANIA<br \/>Przechowywa\u0107 w suchym i ch\u0142odnym miejscu.<\/p>","protected":false},"excerpt":{"rendered":"<p>SK\u0141ADNIKIekologiczne banany suszone 100 %. OPISEkologiczne banany suszone to pyszna i ciekawa w smaku po\u017cywna przek\u0105ska. Kawa\u0142ki banan\u00f3w charakteryzuj\u0105 si\u0119 mi\u0119kk\u0105, lekko gumowat\u0105 konsystencj\u0105. Znakomicie smakuj\u0105 prosto z torebki, jak r\u00f3wnie\u017c jako dodatek do da\u0144 orientalnych, musli, sa\u0142atek owocowych, ciast i deser\u00f3w. WARTO\u015a\u0106 OD\u017bYWCZA W 100 gWarto\u015b\u0107 energetyczna 1575 kJ\/372 kcalT\u0142uszcz 0,7 gw tym kwasy [&hellip;]<\/p>","protected":false},"featured_media":4230,"comment_status":"closed","ping_status":"open","template":"","meta":{"_acf_changed":false},"product_brand":[],"product_cat":[830],"product_tag":[],"class_list":{"0":"post-4229","1":"product","2":"type-product","3":"status-publish","4":"has-post-thumbnail","6":"product_cat-orzechy-i-owoce-suszone","7":"pa_ean-matka-3519","8":"pa_ean-matka-2495","9":"pa_gwarancja-przydatnosci-311","10":"pa_ilosc-w-opakowaniu-298","11":"pa_jednostka-podstawowa-szt","12":"pa_kod-cn-0803-90-90","13":"pa_kraj-pochodzenia-skladnikow-sri-lanka","14":"pa_masa-netto-268","15":"pa_objetosc-brutto-515","16":"pa_producent-bio-planet-seria-fioletowa-owoce-suszone","17":"pa_producent-nazwa-adres-bio-planet-s-a-wilkowa-wies-7-05-084-leszno","18":"pa_tagi-bez-cukru-w-skladnikach","19":"pa_tagi-bez-glutenu-w-skladnikach","20":"pa_tagi-certyfikat-bio","21":"pa_tagi-weganski","22":"pa_tagi-wegetarianski","24":"first","25":"outofstock","26":"taxable","27":"shipping-taxable","28":"purchasable","29":"product-type-simple"},"acf":[],"_links":{"self":[{"href":"https:\/\/wiejskieprzysmaki.estima.site\/en\/wp-json\/wp\/v2\/product\/4229","targetHints":{"allow":["GET"]}}],"collection":[{"href":"https:\/\/wiejskieprzysmaki.estima.site\/en\/wp-json\/wp\/v2\/product"}],"about":[{"href":"https:\/\/wiejskieprzysmaki.estima.site\/en\/wp-json\/wp\/v2\/types\/product"}],"replies":[{"embeddable":true,"href":"https:\/\/wiejskieprzysmaki.estima.site\/en\/wp-json\/wp\/v2\/comments?post=4229"}],"wp:featuredmedia":[{"embeddable":true,"href":"https:\/\/wiejskieprzysmaki.estima.site\/en\/wp-json\/wp\/v2\/media\/4230"}],"wp:attachment":[{"href":"https:\/\/wiejskieprzysmaki.estima.site\/en\/wp-json\/wp\/v2\/media?parent=4229"}],"wp:term":[{"taxonomy":"product_brand","embeddable":true,"href":"https:\/\/wiejskieprzysmaki.estima.site\/en\/wp-json\/wp\/v2\/product_brand?post=4229"},{"taxonomy":"product_cat","embeddable":true,"href":"https:\/\/wiejskieprzysmaki.estima.site\/en\/wp-json\/wp\/v2\/product_cat?post=4229"},{"taxonomy":"product_tag","embeddable":true,"href":"https:\/\/wiejskieprzysmaki.estima.site\/en\/wp-json\/wp\/v2\/product_tag?post=4229"}],"curies":[{"name":"wp","href":"https:\/\/api.w.org\/{rel}","templated":true}]}}