{"id":4243,"date":"2025-02-18T10:57:13","date_gmt":"2025-02-18T09:57:13","guid":{"rendered":"https:\/\/wiejskieprzysmaki.estima.site\/produkt\/chlorella-sproszkowana-bio-600-g-bio-planet\/"},"modified":"2025-02-20T15:13:58","modified_gmt":"2025-02-20T14:13:58","slug":"chlorella-sproszkowana-bio-600-g-bio-planet","status":"publish","type":"product","link":"https:\/\/wiejskieprzysmaki.estima.site\/en\/product\/chlorella-sproszkowana-bio-600-g-bio-planet\/","title":{"rendered":"CHLORELLA SPROSZKOWANA BIO 600 g &#8211; BIO PLANET"},"content":{"rendered":"<p>SK\u0141ADNIKI<br \/>ekologiczna chlorella sproszkowana (glony) 100 %.<\/p>\n<p>OPIS<br \/>Ekologiczna chlorella to rodzaj ciemnozielonej, jednokom\u00f3rkowej mikroalgi o kszta\u0142cie kulistym. Ta s\u0142odkowodna alga dost\u0119pna w formie sproszkowanej pozyskiwana jest z najwy\u017cszej jako\u015bci glon\u00f3w z kontrolowanych upraw. Ciemnozielony kolor oraz nazw\u0119 zawdzi\u0119cza chlorofilowi &#8211; naturalnemu barwnikowi. Wyr\u00f3\u017cnia si\u0119 wysok\u0105 zawarto\u015bci\u0105 b\u0142onnika i pe\u0142nowarto\u015bciowego bia\u0142ka ro\u015blinnego. Spos\u00f3b przygotowania: ok. 5 g chlorelli (ma\u0142a \u0142y\u017ceczka) dziennie. Popi\u0107 du\u017c\u0105 ilo\u015bci\u0105 wody. Mo\u017cna j\u0105 r\u00f3wnie\u017c doda\u0107 do kefir\u00f3w, jogurt\u00f3w, sok\u00f3w, a tak\u017ce wykorzysta\u0107 jako sk\u0142adnik makaron\u00f3w, sos\u00f3w, czy domowych ciasteczek.\t<\/p>\n<p>Warto\u015b\u0107 od\u017cywcza \tw 100 g<br \/>Warto\u015b\u0107 energetyczna \t1595 kJ\/379 kcal<br \/>T\u0142uszcz \t7,3 g<br \/>w tym kwasy t\u0142uszczowe nasycone \t2,1 g<br \/>W\u0119glowodany \t17 g<br \/>w tym cukry \t4,4 g<br \/>B\u0142onnik \t13 g<br \/>Bia\u0142ko \t55 g<br \/>S\u00f3l \t0,29 g<\/p>\n<p>ZALECANE WARUNKI PRZECHOWYWANIA<br \/>Przechowywa\u0107 w suchym i ch\u0142odnym miejscu.<\/p>","protected":false},"excerpt":{"rendered":"<p>SK\u0141ADNIKIekologiczna chlorella sproszkowana (glony) 100 %. OPISEkologiczna chlorella to rodzaj ciemnozielonej, jednokom\u00f3rkowej mikroalgi o kszta\u0142cie kulistym. Ta s\u0142odkowodna alga dost\u0119pna w formie sproszkowanej pozyskiwana jest z najwy\u017cszej jako\u015bci glon\u00f3w z kontrolowanych upraw. Ciemnozielony kolor oraz nazw\u0119 zawdzi\u0119cza chlorofilowi &#8211; naturalnemu barwnikowi. Wyr\u00f3\u017cnia si\u0119 wysok\u0105 zawarto\u015bci\u0105 b\u0142onnika i pe\u0142nowarto\u015bciowego bia\u0142ka ro\u015blinnego. Spos\u00f3b przygotowania: ok. 5 g [&hellip;]<\/p>","protected":false},"featured_media":4244,"comment_status":"closed","ping_status":"open","template":"","meta":{"_acf_changed":false},"product_brand":[],"product_cat":[290,9057],"product_tag":[],"class_list":{"0":"post-4243","1":"product","2":"type-product","3":"status-publish","4":"has-post-thumbnail","6":"product_cat-produkty-sproszkowane","7":"product_cat-suplementy-diety","8":"pa_ean-matka-3527","9":"pa_ean-matka-2734","10":"pa_gwarancja-przydatnosci-311","11":"pa_ilosc-w-opakowaniu-298","12":"pa_jednostka-podstawowa-szt","13":"pa_kod-cn-2102-20-90","14":"pa_kraj-pochodzenia-skladnikow-chiny","15":"pa_masa-netto-792","16":"pa_objetosc-brutto-3526","17":"pa_producent-bio-planet-seria-superfoods","18":"pa_producent-nazwa-adres-bio-planet-s-a-wilkowa-wies-7-05-084-leszno","19":"pa_tagi-bez-cukru-w-skladnikach","20":"pa_tagi-bez-glutenu-w-skladnikach","21":"pa_tagi-certyfikat-bio","22":"pa_tagi-weganski","23":"pa_tagi-wegetarianski","25":"first","26":"instock","27":"taxable","28":"shipping-taxable","29":"purchasable","30":"product-type-simple"},"acf":[],"_links":{"self":[{"href":"https:\/\/wiejskieprzysmaki.estima.site\/en\/wp-json\/wp\/v2\/product\/4243","targetHints":{"allow":["GET"]}}],"collection":[{"href":"https:\/\/wiejskieprzysmaki.estima.site\/en\/wp-json\/wp\/v2\/product"}],"about":[{"href":"https:\/\/wiejskieprzysmaki.estima.site\/en\/wp-json\/wp\/v2\/types\/product"}],"replies":[{"embeddable":true,"href":"https:\/\/wiejskieprzysmaki.estima.site\/en\/wp-json\/wp\/v2\/comments?post=4243"}],"wp:featuredmedia":[{"embeddable":true,"href":"https:\/\/wiejskieprzysmaki.estima.site\/en\/wp-json\/wp\/v2\/media\/4244"}],"wp:attachment":[{"href":"https:\/\/wiejskieprzysmaki.estima.site\/en\/wp-json\/wp\/v2\/media?parent=4243"}],"wp:term":[{"taxonomy":"product_brand","embeddable":true,"href":"https:\/\/wiejskieprzysmaki.estima.site\/en\/wp-json\/wp\/v2\/product_brand?post=4243"},{"taxonomy":"product_cat","embeddable":true,"href":"https:\/\/wiejskieprzysmaki.estima.site\/en\/wp-json\/wp\/v2\/product_cat?post=4243"},{"taxonomy":"product_tag","embeddable":true,"href":"https:\/\/wiejskieprzysmaki.estima.site\/en\/wp-json\/wp\/v2\/product_tag?post=4243"}],"curies":[{"name":"wp","href":"https:\/\/api.w.org\/{rel}","templated":true}]}}