{"id":4249,"date":"2025-02-18T10:57:13","date_gmt":"2025-02-18T09:57:13","guid":{"rendered":"https:\/\/wiejskieprzysmaki.estima.site\/produkt\/orzechy-nerkowca-prazone-i-solone-z-chili-bio-350-g-bio-planet\/"},"modified":"2025-02-20T15:20:01","modified_gmt":"2025-02-20T14:20:01","slug":"orzechy-nerkowca-prazone-i-solone-z-chili-bio-350-g-bio-planet","status":"publish","type":"product","link":"https:\/\/wiejskieprzysmaki.estima.site\/en\/product\/orzechy-nerkowca-prazone-i-solone-z-chili-bio-350-g-bio-planet\/","title":{"rendered":"ORZECHY NERKOWCA PRA\u017bONE I SOLONE Z CHILI BIO 350 g &#8211; BIO PLANET"},"content":{"rendered":"<p>SK\u0141ADNIKI<br \/>ORZECHY NERKOWCA* (98,2 %), chili w proszku* (1,1 %), olej kokosowy*, s\u00f3l morska (0,4 %)  (*certyfikowany sk\u0142adnik ekologiczny).\t<\/p>\n<p>WARTO\u015a\u0106 OD\u017bYWCZA W 100 g<br \/>Warto\u015b\u0107 energetyczna \t2299 kJ\/554 kcal<br \/>T\u0142uszcz \t43 g<br \/>w tym kwasy t\u0142uszczowe nasycone \t8,6 g<br \/>W\u0119glowodany \t23 g<br \/>w tym cukry \t5,7 g<br \/>B\u0142onnik \t2,9 g<br \/>Bia\u0142ko \t17 g<br \/>S\u00f3l \t0,41 g<\/p>\n<p>INFORMACJA ALERGENNA<br \/>Produkt mo\u017ce zawiera\u0107: ZBO\u017bA ZAWIERAJ\u0104CE GLUTEN, ORZESZKI ZIEMNE, INNE ORZECHY, NASIONA SEZAMU, SOJ\u0118.<\/p>\n<p>ZALECANE WARUNKI PRZECHOWYWANIA<br \/>Przechowywa\u0107 w suchym i ch\u0142odnym miejscu.<\/p>","protected":false},"excerpt":{"rendered":"<p>SK\u0141ADNIKIORZECHY NERKOWCA* (98,2 %), chili w proszku* (1,1 %), olej kokosowy*, s\u00f3l morska (0,4 %) (*certyfikowany sk\u0142adnik ekologiczny). WARTO\u015a\u0106 OD\u017bYWCZA W 100 gWarto\u015b\u0107 energetyczna 2299 kJ\/554 kcalT\u0142uszcz 43 gw tym kwasy t\u0142uszczowe nasycone 8,6 gW\u0119glowodany 23 gw tym cukry 5,7 gB\u0142onnik 2,9 gBia\u0142ko 17 gS\u00f3l 0,41 g INFORMACJA ALERGENNAProdukt mo\u017ce zawiera\u0107: ZBO\u017bA ZAWIERAJ\u0104CE GLUTEN, ORZESZKI [&hellip;]<\/p>","protected":false},"featured_media":4250,"comment_status":"closed","ping_status":"open","template":"","meta":{"_acf_changed":false},"product_brand":[],"product_cat":[830,810],"product_tag":[],"class_list":{"0":"post-4249","1":"product","2":"type-product","3":"status-publish","4":"has-post-thumbnail","6":"product_cat-orzechy-i-owoce-suszone","7":"product_cat-orzechy-kasztany-wiorki-kokosowe","8":"pa_ean-matka-3529","9":"pa_gwarancja-przydatnosci-324","10":"pa_ilosc-w-opakowaniu-298","11":"pa_jednostka-podstawowa-szt","12":"pa_kod-cn-2008-19-92","13":"pa_kraj-pochodzenia-skladnikow-rolnictwo-spoza-ue","14":"pa_masa-netto-203","15":"pa_objetosc-brutto-204","16":"pa_producent-bio-planet-seria-przekaski","17":"pa_producent-nazwa-adres-bio-planet-s-a-wilkowa-wies-7-05-084-leszno","18":"pa_tagi-bez-cukru-w-skladnikach","19":"pa_tagi-bez-glutenu-w-skladnikach","20":"pa_tagi-certyfikat-bio","21":"pa_tagi-weganski","22":"pa_tagi-wegetarianski","24":"first","25":"instock","26":"taxable","27":"shipping-taxable","28":"purchasable","29":"product-type-simple"},"acf":[],"_links":{"self":[{"href":"https:\/\/wiejskieprzysmaki.estima.site\/en\/wp-json\/wp\/v2\/product\/4249","targetHints":{"allow":["GET"]}}],"collection":[{"href":"https:\/\/wiejskieprzysmaki.estima.site\/en\/wp-json\/wp\/v2\/product"}],"about":[{"href":"https:\/\/wiejskieprzysmaki.estima.site\/en\/wp-json\/wp\/v2\/types\/product"}],"replies":[{"embeddable":true,"href":"https:\/\/wiejskieprzysmaki.estima.site\/en\/wp-json\/wp\/v2\/comments?post=4249"}],"wp:featuredmedia":[{"embeddable":true,"href":"https:\/\/wiejskieprzysmaki.estima.site\/en\/wp-json\/wp\/v2\/media\/4250"}],"wp:attachment":[{"href":"https:\/\/wiejskieprzysmaki.estima.site\/en\/wp-json\/wp\/v2\/media?parent=4249"}],"wp:term":[{"taxonomy":"product_brand","embeddable":true,"href":"https:\/\/wiejskieprzysmaki.estima.site\/en\/wp-json\/wp\/v2\/product_brand?post=4249"},{"taxonomy":"product_cat","embeddable":true,"href":"https:\/\/wiejskieprzysmaki.estima.site\/en\/wp-json\/wp\/v2\/product_cat?post=4249"},{"taxonomy":"product_tag","embeddable":true,"href":"https:\/\/wiejskieprzysmaki.estima.site\/en\/wp-json\/wp\/v2\/product_tag?post=4249"}],"curies":[{"name":"wp","href":"https:\/\/api.w.org\/{rel}","templated":true}]}}