{"id":4278,"date":"2025-02-18T10:57:30","date_gmt":"2025-02-18T09:57:30","guid":{"rendered":"https:\/\/wiejskieprzysmaki.estima.site\/produkt\/cukier-z-wanilia-bourbon-bio-15-g-bio-planet\/"},"modified":"2025-02-18T10:57:33","modified_gmt":"2025-02-18T09:57:33","slug":"cukier-z-wanilia-bourbon-bio-15-g-bio-planet","status":"publish","type":"product","link":"https:\/\/wiejskieprzysmaki.estima.site\/en\/product\/cukier-z-wanilia-bourbon-bio-15-g-bio-planet\/","title":{"rendered":"CUKIER Z WANILI\u0104 BOURBON BIO 15 g &#8211; BIO PLANET"},"content":{"rendered":"<p>SK\u0141ADNIKI<br \/>cukier trzcinowy*, mielona wanilia Bourbon* (1,5 %) *(certyfikowany sk\u0142adnik ekologiczny).<\/p>\n<p>OPIS<br \/>Ekologiczny cukier z dodatkiem wanilii Bourbon polecamy do ciast, ciasteczek i deser\u00f3w.<\/p>\n<p>WARTO\u015a\u0106 OD\u017bYWCZA W 100 g<br \/>Warto\u015b\u0107 energetyczna &#8211; 1696 kJ \/ 399 kcal <br \/>T\u0142uszcz &#8211; 0,2 g <br \/>w tym kwasy t\u0142uszczowe nasycone &#8211; 0 g <br \/>W\u0119glowodany &#8211; 99 g <br \/>w tym cukry &#8211; 99 g <br \/>Bia\u0142ko &#8211; 0,1 g <br \/>S\u00f3l &#8211; 0,01 g<\/p>\n<p>INFORMACJA ALERGENNA<br \/>Produkt mo\u017ce zawiera\u0107: zbo\u017ca zawieraj\u0105ce GLUTEN, MLEKO (\u0142\u0105cznie z LAKTOZ\u0104).<\/p>\n<p>ZALECANE WARUNKI PRZECHOWYWANIA<br \/>Przechowywa\u0107 w suchym i ch\u0142odnym miejscu. <\/p>","protected":false},"excerpt":{"rendered":"<p>SK\u0141ADNIKIcukier trzcinowy*, mielona wanilia Bourbon* (1,5 %) *(certyfikowany sk\u0142adnik ekologiczny). OPISEkologiczny cukier z dodatkiem wanilii Bourbon polecamy do ciast, ciasteczek i deser\u00f3w. WARTO\u015a\u0106 OD\u017bYWCZA W 100 gWarto\u015b\u0107 energetyczna &#8211; 1696 kJ \/ 399 kcal T\u0142uszcz &#8211; 0,2 g w tym kwasy t\u0142uszczowe nasycone &#8211; 0 g W\u0119glowodany &#8211; 99 g w tym cukry &#8211; 99 [&hellip;]<\/p>","protected":false},"featured_media":4279,"comment_status":"closed","ping_status":"open","template":"","meta":{"_acf_changed":false},"product_brand":[],"product_cat":[36],"product_tag":[],"class_list":{"0":"post-4278","1":"product","2":"type-product","3":"status-publish","4":"has-post-thumbnail","6":"product_cat-dodatki-do-wypiekow-i-deserow","7":"pa_ean-matka-3544","8":"pa_gwarancja-przydatnosci-320","9":"pa_ilosc-w-opakowaniu-327","10":"pa_jednostka-podstawowa-szt","11":"pa_kod-cn-1701-91-00","12":"pa_kraj-pochodzenia-skladnikow-rolnictwo-spoza-ue","13":"pa_masa-netto-249","14":"pa_objetosc-brutto-395","15":"pa_producent-bio-planet-seria-inne","16":"pa_producent-nazwa-adres-bio-planet-s-a-wilkowa-wies-7-05-084-leszno","17":"pa_tagi-bez-glutenu-w-skladnikach","18":"pa_tagi-certyfikat-bio","19":"pa_tagi-wegetarianski","21":"first","22":"instock","23":"taxable","24":"shipping-taxable","25":"purchasable","26":"product-type-simple"},"acf":[],"_links":{"self":[{"href":"https:\/\/wiejskieprzysmaki.estima.site\/en\/wp-json\/wp\/v2\/product\/4278","targetHints":{"allow":["GET"]}}],"collection":[{"href":"https:\/\/wiejskieprzysmaki.estima.site\/en\/wp-json\/wp\/v2\/product"}],"about":[{"href":"https:\/\/wiejskieprzysmaki.estima.site\/en\/wp-json\/wp\/v2\/types\/product"}],"replies":[{"embeddable":true,"href":"https:\/\/wiejskieprzysmaki.estima.site\/en\/wp-json\/wp\/v2\/comments?post=4278"}],"wp:featuredmedia":[{"embeddable":true,"href":"https:\/\/wiejskieprzysmaki.estima.site\/en\/wp-json\/wp\/v2\/media\/4279"}],"wp:attachment":[{"href":"https:\/\/wiejskieprzysmaki.estima.site\/en\/wp-json\/wp\/v2\/media?parent=4278"}],"wp:term":[{"taxonomy":"product_brand","embeddable":true,"href":"https:\/\/wiejskieprzysmaki.estima.site\/en\/wp-json\/wp\/v2\/product_brand?post=4278"},{"taxonomy":"product_cat","embeddable":true,"href":"https:\/\/wiejskieprzysmaki.estima.site\/en\/wp-json\/wp\/v2\/product_cat?post=4278"},{"taxonomy":"product_tag","embeddable":true,"href":"https:\/\/wiejskieprzysmaki.estima.site\/en\/wp-json\/wp\/v2\/product_tag?post=4278"}],"curies":[{"name":"wp","href":"https:\/\/api.w.org\/{rel}","templated":true}]}}