{"id":4282,"date":"2025-02-18T10:57:30","date_gmt":"2025-02-18T09:57:30","guid":{"rendered":"https:\/\/wiejskieprzysmaki.estima.site\/produkt\/budyn-o-smaku-czekoladowym-z-zurawina-bio-40-g-bio-planet\/"},"modified":"2025-02-18T10:57:35","modified_gmt":"2025-02-18T09:57:35","slug":"budyn-o-smaku-czekoladowym-z-zurawina-bio-40-g-bio-planet","status":"publish","type":"product","link":"https:\/\/wiejskieprzysmaki.estima.site\/en\/product\/budyn-o-smaku-czekoladowym-z-zurawina-bio-40-g-bio-planet\/","title":{"rendered":"BUDY\u0143 O SMAKU CZEKOLADOWYM Z \u017bURAWIN\u0104 BIO 40 g &#8211; BIO PLANET"},"content":{"rendered":"<p>SK\u0141ADNIKI<br \/>skrobia*, kakao o obni\u017conej zawarto\u015bci t\u0142uszczu* (17,5 %), \u017curawina liofilizowana* (2,5 %) (*certyfikowany sk\u0142adnik ekologiczny).<\/p>\n<p>OPIS<br \/>Budy\u0144 o smaku czekoladowym w proszku z dodatkiem liofilizowanej \u017curawiny. Bez dodatku cukr\u00f3w. Zawiera naturalnie wyst\u0119puj\u0105ce cukry.<\/p>\n<p>SPOS\u00d3B PRZYGOTOWANIA<br \/>Z 0,5 l MLEKA lub napoju ro\u015blinnego odlej 1\/2 szklanki, wsyp do niej zawarto\u015b\u0107 opakowania oraz 25 g cukru (ok.1,5 \u0142y\u017cki), a nast\u0119pnie dok\u0142adnie wymieszaj. Reszt\u0119 MLEKA lub napoju ro\u015blinnego zagotuj. Do gotuj\u0105cego si\u0119 MLEKA lub napoju wlej rozpuszczony proszek. Gotuj, ci\u0105gle mieszaj\u0105c, do momentu zg\u0119stnienia.<\/p>\n<p>WARTO\u015a\u0106 OD\u017bYWCZA W 100 g PO PRZYGOTOWANIU Z MLEKIEM 2 % T\u0141USZCZU<br \/>Warto\u015b\u0107 energetyczna &#8211; 360 kJ \/ 86 kcal  <br \/>T\u0142uszcz &#8211; 1,9 g  <br \/>w tym kwasy t\u0142uszczowe nasycone &#8211; 1,2 g  <br \/>W\u0119glowodany &#8211; 14 g  <br \/>w tym cukry &#8211; 8,8 g  <br \/>Bia\u0142ko &#8211; 3,3 g  <br \/>S\u00f3l &#8211; 0,10 g<\/p>\n<p>INFORMACJA ALERGENNA<br \/>Produkt mo\u017ce zawiera\u0107 zbo\u017ca zawieraj\u0105ce GLUTEN, MLEKO (\u0142\u0105cznie z LAKTOZ\u0104).<\/p>\n<p>ZALECANE WARUNKI PRZECHOWYWANIA<br \/>Przechowywa\u0107 w suchym i ch\u0142odnym miejscu.<\/p>","protected":false},"excerpt":{"rendered":"<p>SK\u0141ADNIKIskrobia*, kakao o obni\u017conej zawarto\u015bci t\u0142uszczu* (17,5 %), \u017curawina liofilizowana* (2,5 %) (*certyfikowany sk\u0142adnik ekologiczny). OPISBudy\u0144 o smaku czekoladowym w proszku z dodatkiem liofilizowanej \u017curawiny. Bez dodatku cukr\u00f3w. Zawiera naturalnie wyst\u0119puj\u0105ce cukry. SPOS\u00d3B PRZYGOTOWANIAZ 0,5 l MLEKA lub napoju ro\u015blinnego odlej 1\/2 szklanki, wsyp do niej zawarto\u015b\u0107 opakowania oraz 25 g cukru (ok.1,5 \u0142y\u017cki), a [&hellip;]<\/p>","protected":false},"featured_media":4283,"comment_status":"closed","ping_status":"open","template":"","meta":{"_acf_changed":false},"product_brand":[],"product_cat":[396],"product_tag":[],"class_list":{"0":"post-4282","1":"product","2":"type-product","3":"status-publish","4":"has-post-thumbnail","6":"product_cat-budynie-galaretki-kisiele","7":"pa_ean-matka-3546","8":"pa_gwarancja-przydatnosci-311","9":"pa_ilosc-w-opakowaniu-392","10":"pa_jednostka-podstawowa-szt","11":"pa_kod-cn-1901-90-99","12":"pa_kraj-pochodzenia-skladnikow-rolnictwo-ue-spoza-ue","13":"pa_masa-netto-351","14":"pa_objetosc-brutto-395","15":"pa_producent-bio-planet-seria-inne","16":"pa_producent-nazwa-adres-bio-planet-s-a-wilkowa-wies-7-05-084-leszno","17":"pa_tagi-bez-cukru-w-skladnikach","18":"pa_tagi-bez-glutenu-w-skladnikach","19":"pa_tagi-certyfikat-bio","20":"pa_tagi-wegetarianski","22":"first","23":"instock","24":"taxable","25":"shipping-taxable","26":"purchasable","27":"product-type-simple"},"acf":[],"_links":{"self":[{"href":"https:\/\/wiejskieprzysmaki.estima.site\/en\/wp-json\/wp\/v2\/product\/4282","targetHints":{"allow":["GET"]}}],"collection":[{"href":"https:\/\/wiejskieprzysmaki.estima.site\/en\/wp-json\/wp\/v2\/product"}],"about":[{"href":"https:\/\/wiejskieprzysmaki.estima.site\/en\/wp-json\/wp\/v2\/types\/product"}],"replies":[{"embeddable":true,"href":"https:\/\/wiejskieprzysmaki.estima.site\/en\/wp-json\/wp\/v2\/comments?post=4282"}],"wp:featuredmedia":[{"embeddable":true,"href":"https:\/\/wiejskieprzysmaki.estima.site\/en\/wp-json\/wp\/v2\/media\/4283"}],"wp:attachment":[{"href":"https:\/\/wiejskieprzysmaki.estima.site\/en\/wp-json\/wp\/v2\/media?parent=4282"}],"wp:term":[{"taxonomy":"product_brand","embeddable":true,"href":"https:\/\/wiejskieprzysmaki.estima.site\/en\/wp-json\/wp\/v2\/product_brand?post=4282"},{"taxonomy":"product_cat","embeddable":true,"href":"https:\/\/wiejskieprzysmaki.estima.site\/en\/wp-json\/wp\/v2\/product_cat?post=4282"},{"taxonomy":"product_tag","embeddable":true,"href":"https:\/\/wiejskieprzysmaki.estima.site\/en\/wp-json\/wp\/v2\/product_tag?post=4282"}],"curies":[{"name":"wp","href":"https:\/\/api.w.org\/{rel}","templated":true}]}}