{"id":4333,"date":"2025-02-18T10:57:44","date_gmt":"2025-02-18T09:57:44","guid":{"rendered":"https:\/\/wiejskieprzysmaki.estima.site\/produkt\/pektyna-jablkowa-do-dzemow-150-g-batom-produkt-sezonowy\/"},"modified":"2025-02-18T10:58:01","modified_gmt":"2025-02-18T09:58:01","slug":"pektyna-jablkowa-do-dzemow-150-g-batom-produkt-sezonowy","status":"publish","type":"product","link":"https:\/\/wiejskieprzysmaki.estima.site\/en\/product\/pektyna-jablkowa-do-dzemow-150-g-batom-produkt-sezonowy\/","title":{"rendered":"PEKTYNA JAB\u0141KOWA DO D\u017bEM\u00d3W 150 g &#8211; BATOM (PRODUKT SEZONOWY)"},"content":{"rendered":"<p>SK\u0141ADNIKI<br \/>pektyna jab\u0142kowa amidowana 100 %.<\/p>\n<p>OPIS  <br \/>Pektyna otrzymywana z pulpy jab\u0142kowej. W kwa\u015bnym \u015brodowisku, pektyna wykazuje w\u0142a\u015bciwo\u015bci \u017celuj\u0105ce, przyczyniaj\u0105c si\u0119 do zag\u0119szczania cieczy. Pektyna to wspania\u0142y \u015brodek \u017celuj\u0105cy do domowych d\u017cem\u00f3w owocowych, marmolad, galaretek, konfitur, sok\u00f3w owocowych, a tak\u017ce nadzie\u0144 stosowanych w s\u0142odkich deserach. Mo\u017ce by\u0107 r\u00f3wnie\u017c stosowana do napoj\u00f3w MLECZNYCH, napoj\u00f3w owocowych oraz ketchup\u00f3w.<\/p>\n<p>SPOS\u00d3B PRZYGOTOWANIA<br \/>Porcja 30 g pektyny na 2 kg owoc\u00f3w i 1 kg cukru.<br \/>Do gotuj\u0105cych si\u0119 owoc\u00f3w doda\u0107 1 szklank\u0119 cukru wymieszanego z 30 g pektyny. Gotowa\u0107 3-5 minut. Dosypa\u0107 reszt\u0119 cukru i gotowa\u0107 do rozpuszczenia. Doda\u0107 1 \u0142y\u017ceczk\u0119 kwasku cytrynowego rozpuszczonego w ma\u0142ej ilo\u015bci gor\u0105cej wody, dok\u0142adnie wymiesza\u0107. Gor\u0105cy d\u017cem rozla\u0107 do s\u0142oik\u00f3w i pasteryzowa\u0107 przez 20 minut.  <\/p>\n<p>INFORMACJA ALERGENNA<br \/>Produkt mo\u017ce zawiera\u0107 ZBO\u017bA ZAWIERAJ\u0104CE GLUTEN, ORZECHY, NASIONA SEZAMU. <\/p>\n<p>UWAGA<br \/>Produkt sezonowy &#8211; dost\u0119pny od czerwca do wrze\u015bnia (w\u0142\u0105cznie).<\/p>\n<p>ZALECANE WARUNKI PRZECHOWYWANIA  <br \/>Przechowywa\u0107 w suchym i ch\u0142odnym miejscu.  <\/p>","protected":false},"excerpt":{"rendered":"<p>SK\u0141ADNIKIpektyna jab\u0142kowa amidowana 100 %. OPIS Pektyna otrzymywana z pulpy jab\u0142kowej. W kwa\u015bnym \u015brodowisku, pektyna wykazuje w\u0142a\u015bciwo\u015bci \u017celuj\u0105ce, przyczyniaj\u0105c si\u0119 do zag\u0119szczania cieczy. Pektyna to wspania\u0142y \u015brodek \u017celuj\u0105cy do domowych d\u017cem\u00f3w owocowych, marmolad, galaretek, konfitur, sok\u00f3w owocowych, a tak\u017ce nadzie\u0144 stosowanych w s\u0142odkich deserach. Mo\u017ce by\u0107 r\u00f3wnie\u017c stosowana do napoj\u00f3w MLECZNYCH, napoj\u00f3w owocowych oraz ketchup\u00f3w. [&hellip;]<\/p>","protected":false},"featured_media":4334,"comment_status":"closed","ping_status":"open","template":"","meta":{"_acf_changed":false},"product_brand":[],"product_cat":[36],"product_tag":[],"class_list":{"0":"post-4333","1":"product","2":"type-product","3":"status-publish","4":"has-post-thumbnail","6":"product_cat-dodatki-do-wypiekow-i-deserow","7":"pa_ean-matka-3592","8":"pa_gwarancja-przydatnosci-3591","9":"pa_ilosc-w-opakowaniu-374","10":"pa_jednostka-podstawowa-szt","11":"pa_kod-cn-1302-20-10","12":"pa_masa-netto-197","13":"pa_objetosc-brutto-1796","14":"pa_producent-batom-oleje-soki-sole-kapielowe","15":"pa_producent-nazwa-adres-batom-pl-jozef-lesniak-hurtownia-zdrowej-zywnosci-generala-augusta-fieldorfa-nila-17-31-209-krakow","16":"pa_tagi-bez-cukru-w-skladnikach","17":"pa_tagi-bez-glutenu-w-skladnikach","18":"pa_tagi-weganski","19":"pa_tagi-wegetarianski","21":"first","22":"instock","23":"taxable","24":"shipping-taxable","25":"purchasable","26":"product-type-simple"},"acf":[],"_links":{"self":[{"href":"https:\/\/wiejskieprzysmaki.estima.site\/en\/wp-json\/wp\/v2\/product\/4333","targetHints":{"allow":["GET"]}}],"collection":[{"href":"https:\/\/wiejskieprzysmaki.estima.site\/en\/wp-json\/wp\/v2\/product"}],"about":[{"href":"https:\/\/wiejskieprzysmaki.estima.site\/en\/wp-json\/wp\/v2\/types\/product"}],"replies":[{"embeddable":true,"href":"https:\/\/wiejskieprzysmaki.estima.site\/en\/wp-json\/wp\/v2\/comments?post=4333"}],"wp:featuredmedia":[{"embeddable":true,"href":"https:\/\/wiejskieprzysmaki.estima.site\/en\/wp-json\/wp\/v2\/media\/4334"}],"wp:attachment":[{"href":"https:\/\/wiejskieprzysmaki.estima.site\/en\/wp-json\/wp\/v2\/media?parent=4333"}],"wp:term":[{"taxonomy":"product_brand","embeddable":true,"href":"https:\/\/wiejskieprzysmaki.estima.site\/en\/wp-json\/wp\/v2\/product_brand?post=4333"},{"taxonomy":"product_cat","embeddable":true,"href":"https:\/\/wiejskieprzysmaki.estima.site\/en\/wp-json\/wp\/v2\/product_cat?post=4333"},{"taxonomy":"product_tag","embeddable":true,"href":"https:\/\/wiejskieprzysmaki.estima.site\/en\/wp-json\/wp\/v2\/product_tag?post=4333"}],"curies":[{"name":"wp","href":"https:\/\/api.w.org\/{rel}","templated":true}]}}