{"id":4335,"date":"2025-02-18T10:57:44","date_gmt":"2025-02-18T09:57:44","guid":{"rendered":"https:\/\/wiejskieprzysmaki.estima.site\/produkt\/guma-guar-bio-surowiec-25-kg\/"},"modified":"2025-02-18T10:58:01","modified_gmt":"2025-02-18T09:58:01","slug":"guma-guar-bio-surowiec-25-kg","status":"publish","type":"product","link":"https:\/\/wiejskieprzysmaki.estima.site\/en\/product\/guma-guar-bio-surowiec-25-kg\/","title":{"rendered":"GUMA GUAR BIO (SUROWIEC) (25 kg)"},"content":{"rendered":"<p>SK\u0141ADNIKI<br \/>ekologiczna guma guar 100 %.<\/p>\n<p>OPIS<br \/>Ekologiczna guma guar to naturalny zag\u0119stnik uzyskiwany z bielma nasion ro\u015bliny z rodziny bobowatych &#8211; Cyamopsis tetragonolobus. Guma guar mo\u017ce by\u0107 stosowana jako neutralny w smaku i zapachu zamiennik \u017celatyny. Charakteryzuje si\u0119 dobr\u0105 rozpuszczalno\u015bci\u0105 w wodzie, a tak\u017ce zag\u0119szcza produkty bez konieczno\u015bci ich podgrzewania. Dzi\u0119ki swoim w\u0142a\u015bciwo\u015bciom stanowi idealny dodatek do sos\u00f3w, dresing\u00f3w, zup, d\u017cem\u00f3w czy deser\u00f3w.<\/p>\n<p>SPOS\u00d3B PRZYGOTOWANIA<br \/>Rozpu\u015bci\u0107 1 g gumy guar (1\/4 \u0142y\u017ceczki) w 100 g zag\u0119szczanego produktu. Nie wymaga podgrzewania.<\/p>\n<p>WARTO\u015a\u0106 OD\u017bYWCZA W 100 g<br \/>Warto\u015b\u0107 energetyczna: 843 kJ\/209 kcal<br \/>T\u0142uszcz: 0,6 g<br \/>w tym kwasy t\u0142uszczowe nasycone: 0,2 g<br \/>W\u0119glowodany: 1,0 g<br \/>w tym cukry: 0,9 g<br \/>B\u0142onnik: 88 g<br \/>Bia\u0142ko: 5,7 g<br \/>S\u00f3l: 0 g<\/p>\n<p>ZALECANE WARUNKI PRZECHOWYWANIA<br \/>Przechowywa\u0107 w suchym i ch\u0142odnym miejscu.<\/p>","protected":false},"excerpt":{"rendered":"<p>SK\u0141ADNIKIekologiczna guma guar 100 %. OPISEkologiczna guma guar to naturalny zag\u0119stnik uzyskiwany z bielma nasion ro\u015bliny z rodziny bobowatych &#8211; Cyamopsis tetragonolobus. Guma guar mo\u017ce by\u0107 stosowana jako neutralny w smaku i zapachu zamiennik \u017celatyny. Charakteryzuje si\u0119 dobr\u0105 rozpuszczalno\u015bci\u0105 w wodzie, a tak\u017ce zag\u0119szcza produkty bez konieczno\u015bci ich podgrzewania. Dzi\u0119ki swoim w\u0142a\u015bciwo\u015bciom stanowi idealny dodatek [&hellip;]<\/p>","protected":false},"featured_media":426,"comment_status":"closed","ping_status":"open","template":"","meta":{"_acf_changed":false},"product_brand":[],"product_cat":[36],"product_tag":[],"class_list":{"0":"post-4335","1":"product","2":"type-product","3":"status-publish","4":"has-post-thumbnail","6":"product_cat-dodatki-do-wypiekow-i-deserow","7":"pa_ean-matka-3593","8":"pa_gwarancja-przydatnosci-311","9":"pa_ilosc-w-opakowaniu-310","10":"pa_jednostka-podstawowa-kg","11":"pa_kod-cn-1302-32-90","12":"pa_kraj-pochodzenia-skladnikow-indie","13":"pa_masa-netto-209","14":"pa_producent-horeca-bio-surowce","15":"pa_producent-nazwa-adres-bio-planet-s-a-wilkowa-wies-7-05-084-leszno","16":"pa_tagi-bez-cukru-w-skladnikach","17":"pa_tagi-bez-glutenu-w-skladnikach","18":"pa_tagi-certyfikat-bio","19":"pa_tagi-weganski","20":"pa_tagi-wegetarianski","22":"first","23":"instock","24":"taxable","25":"shipping-taxable","26":"purchasable","27":"product-type-simple"},"acf":[],"_links":{"self":[{"href":"https:\/\/wiejskieprzysmaki.estima.site\/en\/wp-json\/wp\/v2\/product\/4335","targetHints":{"allow":["GET"]}}],"collection":[{"href":"https:\/\/wiejskieprzysmaki.estima.site\/en\/wp-json\/wp\/v2\/product"}],"about":[{"href":"https:\/\/wiejskieprzysmaki.estima.site\/en\/wp-json\/wp\/v2\/types\/product"}],"replies":[{"embeddable":true,"href":"https:\/\/wiejskieprzysmaki.estima.site\/en\/wp-json\/wp\/v2\/comments?post=4335"}],"wp:featuredmedia":[{"embeddable":true,"href":"https:\/\/wiejskieprzysmaki.estima.site\/en\/wp-json\/wp\/v2\/media\/426"}],"wp:attachment":[{"href":"https:\/\/wiejskieprzysmaki.estima.site\/en\/wp-json\/wp\/v2\/media?parent=4335"}],"wp:term":[{"taxonomy":"product_brand","embeddable":true,"href":"https:\/\/wiejskieprzysmaki.estima.site\/en\/wp-json\/wp\/v2\/product_brand?post=4335"},{"taxonomy":"product_cat","embeddable":true,"href":"https:\/\/wiejskieprzysmaki.estima.site\/en\/wp-json\/wp\/v2\/product_cat?post=4335"},{"taxonomy":"product_tag","embeddable":true,"href":"https:\/\/wiejskieprzysmaki.estima.site\/en\/wp-json\/wp\/v2\/product_tag?post=4335"}],"curies":[{"name":"wp","href":"https:\/\/api.w.org\/{rel}","templated":true}]}}