{"id":4338,"date":"2025-02-18T10:57:44","date_gmt":"2025-02-18T09:57:44","guid":{"rendered":"https:\/\/wiejskieprzysmaki.estima.site\/produkt\/grzyby-reishi-bio-500-mg-100-kapsulek-pilze-wohlrab\/"},"modified":"2025-02-20T15:13:56","modified_gmt":"2025-02-20T14:13:56","slug":"grzyby-reishi-bio-500-mg-100-kapsulek-pilze-wohlrab","status":"publish","type":"product","link":"https:\/\/wiejskieprzysmaki.estima.site\/en\/product\/grzyby-reishi-bio-500-mg-100-kapsulek-pilze-wohlrab\/","title":{"rendered":"GRZYBY REISHI BIO (500 mg) 100 KAPSU\u0141EK &#8211; PILZE WOHLRAB"},"content":{"rendered":"<p>SK\u0141ADNIKI  <br \/>100 % sproszkowane grzyby reishi*, otoczka kapsu\u0142ki: hydroksypropylometyloceluloza. (*certyfikowany sk\u0142adnik ekologiczny)<\/p>\n<p>OPIS  <br \/>Suplement diety. Dzienna porcja (3 kapsu\u0142ki) zawiera: 1500 mg sproszkowanych grzyb\u00f3w.  <\/p>\n<p>ZALECANE SPO\u017bYCIE I INNE UWAGI<br \/>3 x 1 kapsu\u0142k\u0119 dziennie popi\u0107 szklank\u0105 wody przed lub po posi\u0142ku.<br \/>Nie przekracza\u0107 zalecanej porcji do spo\u017cycia w ci\u0105gu dnia. Suplement diety nie mo\u017ce by\u0107 stosowany jako substytut zr\u00f3\u017cnicowanej diety.<\/p>\n<p>ZALECANE WARUNKI PRZECHOWYWANIA  <br \/>Przechowywa\u0107 w suchym i ch\u0142odnym miejscu, w spos\u00f3b niedost\u0119pny dla ma\u0142ych dzieci<\/p>","protected":false},"excerpt":{"rendered":"<p>SK\u0141ADNIKI 100 % sproszkowane grzyby reishi*, otoczka kapsu\u0142ki: hydroksypropylometyloceluloza. (*certyfikowany sk\u0142adnik ekologiczny) OPIS Suplement diety. Dzienna porcja (3 kapsu\u0142ki) zawiera: 1500 mg sproszkowanych grzyb\u00f3w. ZALECANE SPO\u017bYCIE I INNE UWAGI3 x 1 kapsu\u0142k\u0119 dziennie popi\u0107 szklank\u0105 wody przed lub po posi\u0142ku.Nie przekracza\u0107 zalecanej porcji do spo\u017cycia w ci\u0105gu dnia. Suplement diety nie mo\u017ce by\u0107 stosowany jako [&hellip;]<\/p>","protected":false},"featured_media":4339,"comment_status":"closed","ping_status":"open","template":"","meta":{"_acf_changed":false},"product_brand":[],"product_cat":[1497,9057],"product_tag":[],"class_list":{"0":"post-4338","1":"product","2":"type-product","3":"status-publish","4":"has-post-thumbnail","6":"product_cat-kapsulki-tabletki","7":"product_cat-suplementy-diety","8":"pa_ean-matka-3598","9":"pa_gwarancja-przydatnosci-320","10":"pa_ilosc-w-opakowaniu-322","11":"pa_jednostka-podstawowa-szt","12":"pa_kod-cn-2106-90-98","13":"pa_kraj-pochodzenia-skladnikow-chiny","14":"pa_masa-netto-2837","15":"pa_objetosc-brutto-3595","16":"pa_producent-pilze-wohlrab-grzyby-w-kapsulkach","17":"pa_producent-nazwa-adres-pilze-wohlrab-gmbh-co-kg-entrischenbrunn-3-85307-entrischenbrunn","18":"pa_tagi-bez-cukru-w-skladnikach","19":"pa_tagi-bez-glutenu-w-skladnikach","20":"pa_tagi-certyfikat-bio","21":"pa_tagi-weganski","22":"pa_tagi-wegetarianski","24":"first","25":"instock","26":"taxable","27":"shipping-taxable","28":"purchasable","29":"product-type-simple"},"acf":[],"_links":{"self":[{"href":"https:\/\/wiejskieprzysmaki.estima.site\/en\/wp-json\/wp\/v2\/product\/4338","targetHints":{"allow":["GET"]}}],"collection":[{"href":"https:\/\/wiejskieprzysmaki.estima.site\/en\/wp-json\/wp\/v2\/product"}],"about":[{"href":"https:\/\/wiejskieprzysmaki.estima.site\/en\/wp-json\/wp\/v2\/types\/product"}],"replies":[{"embeddable":true,"href":"https:\/\/wiejskieprzysmaki.estima.site\/en\/wp-json\/wp\/v2\/comments?post=4338"}],"wp:featuredmedia":[{"embeddable":true,"href":"https:\/\/wiejskieprzysmaki.estima.site\/en\/wp-json\/wp\/v2\/media\/4339"}],"wp:attachment":[{"href":"https:\/\/wiejskieprzysmaki.estima.site\/en\/wp-json\/wp\/v2\/media?parent=4338"}],"wp:term":[{"taxonomy":"product_brand","embeddable":true,"href":"https:\/\/wiejskieprzysmaki.estima.site\/en\/wp-json\/wp\/v2\/product_brand?post=4338"},{"taxonomy":"product_cat","embeddable":true,"href":"https:\/\/wiejskieprzysmaki.estima.site\/en\/wp-json\/wp\/v2\/product_cat?post=4338"},{"taxonomy":"product_tag","embeddable":true,"href":"https:\/\/wiejskieprzysmaki.estima.site\/en\/wp-json\/wp\/v2\/product_tag?post=4338"}],"curies":[{"name":"wp","href":"https:\/\/api.w.org\/{rel}","templated":true}]}}