{"id":4350,"date":"2025-02-18T10:58:08","date_gmt":"2025-02-18T09:58:08","guid":{"rendered":"https:\/\/wiejskieprzysmaki.estima.site\/produkt\/przyprawa-do-karkowki-bio-40-g-dary-natury\/"},"modified":"2025-02-18T10:58:11","modified_gmt":"2025-02-18T09:58:11","slug":"przyprawa-do-karkowki-bio-40-g-dary-natury","status":"publish","type":"product","link":"https:\/\/wiejskieprzysmaki.estima.site\/en\/product\/przyprawa-do-karkowki-bio-40-g-dary-natury\/","title":{"rendered":"PRZYPRAWA DO KARK\u00d3WKI BIO 40 g &#8211; DARY NATURY"},"content":{"rendered":"<p>SK\u0141ADNIKI<br \/>cebula*, papryka s\u0142odka*, tymianek*, marchew*, pietruszka korze\u0144*, pietruszka natka*, czosnek*, majeranek*, kolendra*, kminek*, pieprz czarny*, ga\u0142ka muszkato\u0142owa*, li\u015b\u0107 laurowy*, oregano* (*certyfikowany sk\u0142adnik ekologiczny)<\/p>\n<p>OPIS<br \/>Mieszanka przyprawowa nadaje kark\u00f3wce doskona\u0142y smak i aromat, posypane przypraw\u0105 mi\u0119so zyskuje tak\u017ce pi\u0119kny dekoracyjny wygl\u0105d.<\/p>\n<p>SPOS\u00d3B PRZYGOTOWANIA<br \/>Kark\u00f3wk\u0119 natrzyj przypraw\u0105, odstaw do lod\u00f3wki do zamarynowania na kilka godzin. Tak przygotowan\u0105 kark\u00f3wk\u0119 obsma\u017c na patelni, piecz kolejne 50 minut w naczyniu \u017caroodpornym pod przykryciem. Tak upieczona kark\u00f3wka na pewno b\u0119dzie aromatyczna i soczysta.<\/p>\n<p>ZALECANE WARUNKI PRZECHOWYWANIA<br \/>Przechowywa\u0107 w suchym miejscu<\/p>","protected":false},"excerpt":{"rendered":"<p>SK\u0141ADNIKIcebula*, papryka s\u0142odka*, tymianek*, marchew*, pietruszka korze\u0144*, pietruszka natka*, czosnek*, majeranek*, kolendra*, kminek*, pieprz czarny*, ga\u0142ka muszkato\u0142owa*, li\u015b\u0107 laurowy*, oregano* (*certyfikowany sk\u0142adnik ekologiczny) OPISMieszanka przyprawowa nadaje kark\u00f3wce doskona\u0142y smak i aromat, posypane przypraw\u0105 mi\u0119so zyskuje tak\u017ce pi\u0119kny dekoracyjny wygl\u0105d. SPOS\u00d3B PRZYGOTOWANIAKark\u00f3wk\u0119 natrzyj przypraw\u0105, odstaw do lod\u00f3wki do zamarynowania na kilka godzin. Tak przygotowan\u0105 kark\u00f3wk\u0119 obsma\u017c [&hellip;]<\/p>","protected":false},"featured_media":4351,"comment_status":"closed","ping_status":"open","template":"","meta":{"_acf_changed":false},"product_brand":[],"product_cat":[1052,229],"product_tag":[],"class_list":{"0":"post-4350","1":"product","2":"type-product","3":"status-publish","4":"has-post-thumbnail","6":"product_cat-mieszanki-przyprawy-i-ziola","7":"product_cat-przyprawy-i-ziola","8":"pa_ean-matka-3615","9":"pa_gwarancja-przydatnosci-979","10":"pa_ilosc-w-opakowaniu-350","11":"pa_jednostka-podstawowa-szt","12":"pa_kod-cn-2103-90-90","13":"pa_masa-netto-351","14":"pa_objetosc-brutto-353","15":"pa_producent-dary-natury-przyprawy-i-ziola","16":"pa_producent-nazwa-adres-miroslaw-angielczyk-dary-natury-koryciny-73-17-315-grodzisk","17":"pa_tagi-bez-cukru-w-skladnikach","18":"pa_tagi-bez-glutenu-w-skladnikach","19":"pa_tagi-certyfikat-bio","20":"pa_tagi-weganski","21":"pa_tagi-wegetarianski","23":"first","24":"instock","25":"taxable","26":"shipping-taxable","27":"purchasable","28":"product-type-simple"},"acf":[],"_links":{"self":[{"href":"https:\/\/wiejskieprzysmaki.estima.site\/en\/wp-json\/wp\/v2\/product\/4350","targetHints":{"allow":["GET"]}}],"collection":[{"href":"https:\/\/wiejskieprzysmaki.estima.site\/en\/wp-json\/wp\/v2\/product"}],"about":[{"href":"https:\/\/wiejskieprzysmaki.estima.site\/en\/wp-json\/wp\/v2\/types\/product"}],"replies":[{"embeddable":true,"href":"https:\/\/wiejskieprzysmaki.estima.site\/en\/wp-json\/wp\/v2\/comments?post=4350"}],"wp:featuredmedia":[{"embeddable":true,"href":"https:\/\/wiejskieprzysmaki.estima.site\/en\/wp-json\/wp\/v2\/media\/4351"}],"wp:attachment":[{"href":"https:\/\/wiejskieprzysmaki.estima.site\/en\/wp-json\/wp\/v2\/media?parent=4350"}],"wp:term":[{"taxonomy":"product_brand","embeddable":true,"href":"https:\/\/wiejskieprzysmaki.estima.site\/en\/wp-json\/wp\/v2\/product_brand?post=4350"},{"taxonomy":"product_cat","embeddable":true,"href":"https:\/\/wiejskieprzysmaki.estima.site\/en\/wp-json\/wp\/v2\/product_cat?post=4350"},{"taxonomy":"product_tag","embeddable":true,"href":"https:\/\/wiejskieprzysmaki.estima.site\/en\/wp-json\/wp\/v2\/product_tag?post=4350"}],"curies":[{"name":"wp","href":"https:\/\/api.w.org\/{rel}","templated":true}]}}