{"id":4386,"date":"2025-02-18T10:58:19","date_gmt":"2025-02-18T09:58:19","guid":{"rendered":"https:\/\/wiejskieprzysmaki.estima.site\/produkt\/cynamon-cejlonski-laska-bio-30-g-dary-natury\/"},"modified":"2025-02-18T10:58:23","modified_gmt":"2025-02-18T09:58:23","slug":"cynamon-cejlonski-laska-bio-30-g-dary-natury","status":"publish","type":"product","link":"https:\/\/wiejskieprzysmaki.estima.site\/en\/product\/cynamon-cejlonski-laska-bio-30-g-dary-natury\/","title":{"rendered":"CYNAMON CEJLO\u0143SKI LASKA BIO 30 g &#8211; DARY NATURY"},"content":{"rendered":"<p>SK\u0141ADNIKI<br \/>cynamon cejlo\u0144ski laska* 100 % (*certyfikowany sk\u0142adnik ekologiczny)<\/p>\n<p>OPIS<br \/>Cynamon doskonale komponuje si\u0119 z wieloma daniami. Idealnie pasuje do deser\u00f3w, wypiek\u00f3w oraz tradycyjnych piernik\u00f3w. Przyprawa nadaje si\u0119 tak\u017ce do podkre\u015blenia smaku i aromatu r\u00f3\u017cnych napoj\u00f3w, herbat, kaw, gor\u0105cych czekolad oraz nalewek. <br \/>Niewielk\u0105 ilo\u015b\u0107 stosuje si\u0119 r\u00f3wnie\u017c podczas przyrz\u0105dzania mi\u0119s oraz niekt\u00f3rych da\u0144 egzotycznych.<\/p>\n<p>ZALECANE WARUNKI PRZECHOWYWANIA<br \/>Przechowywa\u0107 w suchym miejscu.<\/p>","protected":false},"excerpt":{"rendered":"<p>SK\u0141ADNIKIcynamon cejlo\u0144ski laska* 100 % (*certyfikowany sk\u0142adnik ekologiczny) OPISCynamon doskonale komponuje si\u0119 z wieloma daniami. Idealnie pasuje do deser\u00f3w, wypiek\u00f3w oraz tradycyjnych piernik\u00f3w. Przyprawa nadaje si\u0119 tak\u017ce do podkre\u015blenia smaku i aromatu r\u00f3\u017cnych napoj\u00f3w, herbat, kaw, gor\u0105cych czekolad oraz nalewek. Niewielk\u0105 ilo\u015b\u0107 stosuje si\u0119 r\u00f3wnie\u017c podczas przyrz\u0105dzania mi\u0119s oraz niekt\u00f3rych da\u0144 egzotycznych. ZALECANE WARUNKI PRZECHOWYWANIAPrzechowywa\u0107 [&hellip;]<\/p>","protected":false},"featured_media":4387,"comment_status":"closed","ping_status":"open","template":"","meta":{"_acf_changed":false},"product_brand":[],"product_cat":[238,229],"product_tag":[],"class_list":{"0":"post-4386","1":"product","2":"type-product","3":"status-publish","4":"has-post-thumbnail","6":"product_cat-jednorodne","7":"product_cat-przyprawy-i-ziola","8":"pa_ean-matka-3634","9":"pa_gwarancja-przydatnosci-301","10":"pa_ilosc-w-opakowaniu-350","11":"pa_jednostka-podstawowa-szt","12":"pa_kod-cn-0906-11-00","13":"pa_kraj-pochodzenia-skladnikow-sri-lanka","14":"pa_masa-netto-232","15":"pa_objetosc-brutto-353","16":"pa_producent-dary-natury-przyprawy-i-ziola","17":"pa_producent-nazwa-adres-miroslaw-angielczyk-dary-natury-koryciny-73-17-315-grodzisk","18":"pa_tagi-bez-cukru-w-skladnikach","19":"pa_tagi-bez-glutenu-w-skladnikach","20":"pa_tagi-certyfikat-bio","21":"pa_tagi-weganski","22":"pa_tagi-wegetarianski","24":"first","25":"instock","26":"taxable","27":"shipping-taxable","28":"purchasable","29":"product-type-simple"},"acf":[],"_links":{"self":[{"href":"https:\/\/wiejskieprzysmaki.estima.site\/en\/wp-json\/wp\/v2\/product\/4386","targetHints":{"allow":["GET"]}}],"collection":[{"href":"https:\/\/wiejskieprzysmaki.estima.site\/en\/wp-json\/wp\/v2\/product"}],"about":[{"href":"https:\/\/wiejskieprzysmaki.estima.site\/en\/wp-json\/wp\/v2\/types\/product"}],"replies":[{"embeddable":true,"href":"https:\/\/wiejskieprzysmaki.estima.site\/en\/wp-json\/wp\/v2\/comments?post=4386"}],"wp:featuredmedia":[{"embeddable":true,"href":"https:\/\/wiejskieprzysmaki.estima.site\/en\/wp-json\/wp\/v2\/media\/4387"}],"wp:attachment":[{"href":"https:\/\/wiejskieprzysmaki.estima.site\/en\/wp-json\/wp\/v2\/media?parent=4386"}],"wp:term":[{"taxonomy":"product_brand","embeddable":true,"href":"https:\/\/wiejskieprzysmaki.estima.site\/en\/wp-json\/wp\/v2\/product_brand?post=4386"},{"taxonomy":"product_cat","embeddable":true,"href":"https:\/\/wiejskieprzysmaki.estima.site\/en\/wp-json\/wp\/v2\/product_cat?post=4386"},{"taxonomy":"product_tag","embeddable":true,"href":"https:\/\/wiejskieprzysmaki.estima.site\/en\/wp-json\/wp\/v2\/product_tag?post=4386"}],"curies":[{"name":"wp","href":"https:\/\/api.w.org\/{rel}","templated":true}]}}