{"id":4408,"date":"2025-02-18T10:58:24","date_gmt":"2025-02-18T09:58:24","guid":{"rendered":"https:\/\/wiejskieprzysmaki.estima.site\/produkt\/kawa-z-korzenia-cykorii-bio-200-g-dary-natury\/"},"modified":"2025-02-20T15:23:15","modified_gmt":"2025-02-20T14:23:15","slug":"kawa-z-korzenia-cykorii-bio-200-g-dary-natury","status":"publish","type":"product","link":"https:\/\/wiejskieprzysmaki.estima.site\/en\/product\/kawa-z-korzenia-cykorii-bio-200-g-dary-natury\/","title":{"rendered":"KAWA Z KORZENIA CYKORII BIO 200 g &#8211; DARY NATURY"},"content":{"rendered":"<p>SK\u0141ADNIKI<br \/>mielone korzenie pra\u017conej cykorii* 100 % (*certyfikowany sk\u0142adnik ekologiczny)<\/p>\n<p>OPIS<br \/>Naturalna kawa ro\u015blinna stworzona na bazie pra\u017conych korzeni cykorii. Intensywna, lekko goryczkowa w samku, polecana jako zdrowa alternatywa dla klasycznej kawy.<br \/>Cykoria wspomaga odchudzanie, korzystnie wp\u0142ywa na trawienie oraz zdrowie jelit, wspiera funkcjonowanie w\u0105troby, serca, ko\u015bci i staw\u00f3w.<br \/>Kawa z cykorii nie zawiera kofeiny i jest doskona\u0142ym napojem na codzie\u0144, szczeg\u00f3lnie dla os\u00f3b dbaj\u0105cych o zdrow\u0105 diet\u0119, tak\u017ce dla kobiet w ci\u0105\u017cy.<\/p>\n<p>SPOS\u00d3B PRZYGOTOWANIA<br \/>1 czubat\u0105 \u0142y\u017ceczk\u0119 kawy wsypa\u0107 do fili\u017canki i zala\u0107 wrz\u0105tkiem. Parzy\u0107 5 &#8211; 10 minut. Mo\u017cna doda\u0107 do smaku \u015bmietanki, MLEKA, cukru lub miodu. Dla uzyskania bardziej intensywnego naparu zaleca si\u0119 gotowa\u0107 kaw\u0119 przez ok. 2-3 minuty.<\/p>\n<p>ZALECANE WARUNKI PRZECHOWYWANIA<br \/>Przechowywa\u0107 w suchym i ch\u0142odnym miejscu.<\/p>","protected":false},"excerpt":{"rendered":"<p>SK\u0141ADNIKImielone korzenie pra\u017conej cykorii* 100 % (*certyfikowany sk\u0142adnik ekologiczny) OPISNaturalna kawa ro\u015blinna stworzona na bazie pra\u017conych korzeni cykorii. Intensywna, lekko goryczkowa w samku, polecana jako zdrowa alternatywa dla klasycznej kawy.Cykoria wspomaga odchudzanie, korzystnie wp\u0142ywa na trawienie oraz zdrowie jelit, wspiera funkcjonowanie w\u0105troby, serca, ko\u015bci i staw\u00f3w.Kawa z cykorii nie zawiera kofeiny i jest doskona\u0142ym napojem [&hellip;]<\/p>","protected":false},"featured_media":4409,"comment_status":"closed","ping_status":"open","template":"","meta":{"_acf_changed":false},"product_brand":[],"product_cat":[897],"product_tag":[],"class_list":{"0":"post-4408","1":"product","2":"type-product","3":"status-publish","4":"has-post-thumbnail","6":"product_cat-kawa-i-kakao","7":"pa_ean-matka-3649","8":"pa_gwarancja-przydatnosci-320","9":"pa_ilosc-w-opakowaniu-350","10":"pa_jednostka-podstawowa-szt","11":"pa_kod-cn-2101-30-11","12":"pa_kraj-pochodzenia-skladnikow-polska","13":"pa_masa-netto-354","14":"pa_objetosc-brutto-2395","15":"pa_producent-dary-natury-inne","16":"pa_producent-nazwa-adres-miroslaw-angielczyk-dary-natury-koryciny-73-17-315-grodzisk","17":"pa_tagi-bez-cukru-w-skladnikach","18":"pa_tagi-bez-glutenu-w-skladnikach","19":"pa_tagi-certyfikat-bio","20":"pa_tagi-weganski","21":"pa_tagi-wegetarianski","23":"first","24":"instock","25":"taxable","26":"shipping-taxable","27":"purchasable","28":"product-type-simple"},"acf":[],"_links":{"self":[{"href":"https:\/\/wiejskieprzysmaki.estima.site\/en\/wp-json\/wp\/v2\/product\/4408","targetHints":{"allow":["GET"]}}],"collection":[{"href":"https:\/\/wiejskieprzysmaki.estima.site\/en\/wp-json\/wp\/v2\/product"}],"about":[{"href":"https:\/\/wiejskieprzysmaki.estima.site\/en\/wp-json\/wp\/v2\/types\/product"}],"replies":[{"embeddable":true,"href":"https:\/\/wiejskieprzysmaki.estima.site\/en\/wp-json\/wp\/v2\/comments?post=4408"}],"wp:featuredmedia":[{"embeddable":true,"href":"https:\/\/wiejskieprzysmaki.estima.site\/en\/wp-json\/wp\/v2\/media\/4409"}],"wp:attachment":[{"href":"https:\/\/wiejskieprzysmaki.estima.site\/en\/wp-json\/wp\/v2\/media?parent=4408"}],"wp:term":[{"taxonomy":"product_brand","embeddable":true,"href":"https:\/\/wiejskieprzysmaki.estima.site\/en\/wp-json\/wp\/v2\/product_brand?post=4408"},{"taxonomy":"product_cat","embeddable":true,"href":"https:\/\/wiejskieprzysmaki.estima.site\/en\/wp-json\/wp\/v2\/product_cat?post=4408"},{"taxonomy":"product_tag","embeddable":true,"href":"https:\/\/wiejskieprzysmaki.estima.site\/en\/wp-json\/wp\/v2\/product_tag?post=4408"}],"curies":[{"name":"wp","href":"https:\/\/api.w.org\/{rel}","templated":true}]}}