{"id":4420,"date":"2025-02-18T10:58:24","date_gmt":"2025-02-18T09:58:24","guid":{"rendered":"https:\/\/wiejskieprzysmaki.estima.site\/produkt\/herbatka-cisnienie-krwi-bio-50-g-dary-natury\/"},"modified":"2025-02-18T10:58:35","modified_gmt":"2025-02-18T09:58:35","slug":"herbatka-cisnienie-krwi-bio-50-g-dary-natury","status":"publish","type":"product","link":"https:\/\/wiejskieprzysmaki.estima.site\/en\/product\/herbatka-cisnienie-krwi-bio-50-g-dary-natury\/","title":{"rendered":"HERBATKA CI\u015aNIENIE KRWI BIO 50 g &#8211; DARY NATURY"},"content":{"rendered":"<p>SK\u0141ADNIKI<br \/>g\u0142\u00f3g owoc (C. laevigata)*, r\u00f3\u017ca owoc (Rosa canina)*, serdecznik ziele (Leonurus cardiaca)*, g\u0142\u00f3g kwiat (C. laevigata)*, koz\u0142ek korze\u0144 (Valeriana officinalis)*, poziomka li\u015b\u0107 (Fragaria vesca)*, jemio\u0142a ziele (Viscum album)* w r\u00f3\u017cnych proporcjach (*certyfikowany sk\u0142adnik ekologiczny)<\/p>\n<p>OPIS<br \/>Suplement diety.  <\/p>\n<p>ZALECANE SPO\u017bYCIE I INNE UWAGI<br \/>Jedn\u0105 czubat\u0105 \u0142y\u017ceczk\u0119 (2,5 g) herbatki zala\u0107 szklank\u0105 wrz\u0105tku i pozostawi\u0107 pod przykryciem do zaparzenia na oko\u0142o 10-15 minut. Pi\u0107 1-2 razy dziennie.<br \/>Nie nale\u017cy przekracza\u0107 zalecanej porcji do spo\u017cycia w ci\u0105gu dnia. <br \/>Suplement diety nie mo\u017ce by\u0107 stosowany jako substytut (zamiennik) zr\u00f3\u017cnicowanej diety.  <br \/>Nie stosowa\u0107 w trakcie ci\u0105\u017cy i podczas karmienia.<\/p>\n<p>ZALECANE WARUNKI PRZECHOWYWANIA<br \/>Przechowywa\u0107 w spos\u00f3b niedost\u0119pny dla ma\u0142ych dzieci.  <\/p>","protected":false},"excerpt":{"rendered":"<p>SK\u0141ADNIKIg\u0142\u00f3g owoc (C. laevigata)*, r\u00f3\u017ca owoc (Rosa canina)*, serdecznik ziele (Leonurus cardiaca)*, g\u0142\u00f3g kwiat (C. laevigata)*, koz\u0142ek korze\u0144 (Valeriana officinalis)*, poziomka li\u015b\u0107 (Fragaria vesca)*, jemio\u0142a ziele (Viscum album)* w r\u00f3\u017cnych proporcjach (*certyfikowany sk\u0142adnik ekologiczny) OPISSuplement diety. ZALECANE SPO\u017bYCIE I INNE UWAGIJedn\u0105 czubat\u0105 \u0142y\u017ceczk\u0119 (2,5 g) herbatki zala\u0107 szklank\u0105 wrz\u0105tku i pozostawi\u0107 pod przykryciem do zaparzenia [&hellip;]<\/p>","protected":false},"featured_media":4421,"comment_status":"closed","ping_status":"open","template":"","meta":{"_acf_changed":false},"product_brand":[],"product_cat":[282,478],"product_tag":[],"class_list":{"0":"post-4420","1":"product","2":"type-product","3":"status-publish","4":"has-post-thumbnail","6":"product_cat-herbaty-i-ziola","7":"product_cat-ziolowe-owocowe-mieszanki","8":"pa_ean-matka-3655","9":"pa_gwarancja-przydatnosci-522","10":"pa_ilosc-w-opakowaniu-327","11":"pa_jednostka-podstawowa-szt","12":"pa_kod-cn-2106-90-98","13":"pa_masa-netto-461","14":"pa_objetosc-brutto-2839","15":"pa_producent-dary-natury-suplementy","16":"pa_producent-nazwa-adres-miroslaw-angielczyk-dary-natury-koryciny-73-17-315-grodzisk","17":"pa_tagi-bez-cukru-w-skladnikach","18":"pa_tagi-bez-glutenu-w-skladnikach","19":"pa_tagi-certyfikat-bio","20":"pa_tagi-weganski","21":"pa_tagi-wegetarianski","23":"first","24":"instock","25":"taxable","26":"shipping-taxable","27":"purchasable","28":"product-type-simple"},"acf":[],"_links":{"self":[{"href":"https:\/\/wiejskieprzysmaki.estima.site\/en\/wp-json\/wp\/v2\/product\/4420","targetHints":{"allow":["GET"]}}],"collection":[{"href":"https:\/\/wiejskieprzysmaki.estima.site\/en\/wp-json\/wp\/v2\/product"}],"about":[{"href":"https:\/\/wiejskieprzysmaki.estima.site\/en\/wp-json\/wp\/v2\/types\/product"}],"replies":[{"embeddable":true,"href":"https:\/\/wiejskieprzysmaki.estima.site\/en\/wp-json\/wp\/v2\/comments?post=4420"}],"wp:featuredmedia":[{"embeddable":true,"href":"https:\/\/wiejskieprzysmaki.estima.site\/en\/wp-json\/wp\/v2\/media\/4421"}],"wp:attachment":[{"href":"https:\/\/wiejskieprzysmaki.estima.site\/en\/wp-json\/wp\/v2\/media?parent=4420"}],"wp:term":[{"taxonomy":"product_brand","embeddable":true,"href":"https:\/\/wiejskieprzysmaki.estima.site\/en\/wp-json\/wp\/v2\/product_brand?post=4420"},{"taxonomy":"product_cat","embeddable":true,"href":"https:\/\/wiejskieprzysmaki.estima.site\/en\/wp-json\/wp\/v2\/product_cat?post=4420"},{"taxonomy":"product_tag","embeddable":true,"href":"https:\/\/wiejskieprzysmaki.estima.site\/en\/wp-json\/wp\/v2\/product_tag?post=4420"}],"curies":[{"name":"wp","href":"https:\/\/api.w.org\/{rel}","templated":true}]}}