{"id":4426,"date":"2025-02-18T10:58:24","date_gmt":"2025-02-18T09:58:24","guid":{"rendered":"https:\/\/wiejskieprzysmaki.estima.site\/produkt\/orzechy-brazylijskie-bio-100-g-biominki\/"},"modified":"2025-02-20T15:20:00","modified_gmt":"2025-02-20T14:20:00","slug":"orzechy-brazylijskie-bio-100-g-biominki","status":"publish","type":"product","link":"https:\/\/wiejskieprzysmaki.estima.site\/en\/product\/orzechy-brazylijskie-bio-100-g-biominki\/","title":{"rendered":"ORZECHY BRAZYLIJSKIE BIO 100 g &#8211; BIOMINKI"},"content":{"rendered":"<p>SK\u0141ADNIKI  <br \/>ekologiczne ORZECHY BRAZYLIJSKIE 100 %.<\/p>\n<p>OPIS  <br \/>Ekologiczne ORZECHY BRAZYLIJSKIE delikatne i \u0142agodne w smaku. Polecamy przede wszystkim jako niezwykle od\u017cywcz\u0105 przek\u0105sk\u0119, dodatek do p\u0142atk\u00f3w zbo\u017cowych, ciast i innych deser\u00f3w.\t\t\t<\/p>\n<p>WARTO\u015a\u0106 OD\u017bYWCZA W 100 g  <br \/>Warto\u015b\u0107 energetyczna \t2857 kJ\/693 kcal<br \/>T\u0142uszcz \t67 g<br \/>w tym kwasy t\u0142uszczowe nasycone \t16 g<br \/>W\u0119glowodany \t4,2 g<br \/>w tym cukry \t2,3 g<br \/>B\u0142onnik \t7,5 g<br \/>Bia\u0142ko \t14 g<br \/>S\u00f3l \t0 g<\/p>\n<p>INFORMACJA ALERGENNA<br \/>Produkt mo\u017ce zawiera\u0107: ZBO\u017bA ZAWIERAJ\u0104CE GLUTEN, ORZESZKI ZIEMNE, INNE ORZECHY, NASIONA SEZAMU, SOJ\u0118.<\/p>\n<p>ZALECANE WARUNKI PRZECHOWYWANIA<br \/>Przechowywa\u0107 w suchym i ch\u0142odnym miejscu.<\/p>","protected":false},"excerpt":{"rendered":"<p>SK\u0141ADNIKI ekologiczne ORZECHY BRAZYLIJSKIE 100 %. OPIS Ekologiczne ORZECHY BRAZYLIJSKIE delikatne i \u0142agodne w smaku. Polecamy przede wszystkim jako niezwykle od\u017cywcz\u0105 przek\u0105sk\u0119, dodatek do p\u0142atk\u00f3w zbo\u017cowych, ciast i innych deser\u00f3w. WARTO\u015a\u0106 OD\u017bYWCZA W 100 g Warto\u015b\u0107 energetyczna 2857 kJ\/693 kcalT\u0142uszcz 67 gw tym kwasy t\u0142uszczowe nasycone 16 gW\u0119glowodany 4,2 gw tym cukry 2,3 gB\u0142onnik 7,5 [&hellip;]<\/p>","protected":false},"featured_media":4427,"comment_status":"closed","ping_status":"open","template":"","meta":{"_acf_changed":false},"product_brand":[],"product_cat":[830,810],"product_tag":[],"class_list":{"0":"post-4426","1":"product","2":"type-product","3":"status-publish","4":"has-post-thumbnail","6":"product_cat-orzechy-i-owoce-suszone","7":"product_cat-orzechy-kasztany-wiorki-kokosowe","8":"pa_ean-matka-3658","9":"pa_ean-matka-808","10":"pa_gwarancja-przydatnosci-324","11":"pa_ilosc-w-opakowaniu-298","12":"pa_jednostka-podstawowa-szt","13":"pa_kod-cn-0801-22-00","14":"pa_kraj-pochodzenia-skladnikow-boliwia","15":"pa_masa-netto-242","16":"pa_objetosc-brutto-201","17":"pa_producent-biominki-przekaski-dla-dzieci-kaszki","18":"pa_producent-nazwa-adres-bio-planet-s-a-wilkowa-wies-7-05-084-leszno","19":"pa_tagi-bez-cukru-w-skladnikach","20":"pa_tagi-bez-glutenu-w-skladnikach","21":"pa_tagi-certyfikat-bio","22":"pa_tagi-weganski","23":"pa_tagi-wegetarianski","25":"first","26":"instock","27":"taxable","28":"shipping-taxable","29":"purchasable","30":"product-type-simple"},"acf":[],"_links":{"self":[{"href":"https:\/\/wiejskieprzysmaki.estima.site\/en\/wp-json\/wp\/v2\/product\/4426","targetHints":{"allow":["GET"]}}],"collection":[{"href":"https:\/\/wiejskieprzysmaki.estima.site\/en\/wp-json\/wp\/v2\/product"}],"about":[{"href":"https:\/\/wiejskieprzysmaki.estima.site\/en\/wp-json\/wp\/v2\/types\/product"}],"replies":[{"embeddable":true,"href":"https:\/\/wiejskieprzysmaki.estima.site\/en\/wp-json\/wp\/v2\/comments?post=4426"}],"wp:featuredmedia":[{"embeddable":true,"href":"https:\/\/wiejskieprzysmaki.estima.site\/en\/wp-json\/wp\/v2\/media\/4427"}],"wp:attachment":[{"href":"https:\/\/wiejskieprzysmaki.estima.site\/en\/wp-json\/wp\/v2\/media?parent=4426"}],"wp:term":[{"taxonomy":"product_brand","embeddable":true,"href":"https:\/\/wiejskieprzysmaki.estima.site\/en\/wp-json\/wp\/v2\/product_brand?post=4426"},{"taxonomy":"product_cat","embeddable":true,"href":"https:\/\/wiejskieprzysmaki.estima.site\/en\/wp-json\/wp\/v2\/product_cat?post=4426"},{"taxonomy":"product_tag","embeddable":true,"href":"https:\/\/wiejskieprzysmaki.estima.site\/en\/wp-json\/wp\/v2\/product_tag?post=4426"}],"curies":[{"name":"wp","href":"https:\/\/api.w.org\/{rel}","templated":true}]}}