{"id":4430,"date":"2025-02-18T10:58:38","date_gmt":"2025-02-18T09:58:38","guid":{"rendered":"https:\/\/wiejskieprzysmaki.estima.site\/produkt\/zestaw-yerba-mate-bio-400-g-matero-losowy-wzor-bombilla-organic-mate-green\/"},"modified":"2025-02-18T10:58:39","modified_gmt":"2025-02-18T09:58:39","slug":"zestaw-yerba-mate-bio-400-g-matero-losowy-wzor-bombilla-organic-mate-green","status":"publish","type":"product","link":"https:\/\/wiejskieprzysmaki.estima.site\/en\/product\/zestaw-yerba-mate-bio-400-g-matero-losowy-wzor-bombilla-organic-mate-green\/","title":{"rendered":"ZESTAW YERBA MATE BIO 400 g, MATERO (LOSOWY WZ\u00d3R), BOMBILLA &#8211; ORGANIC MATE GREEN"},"content":{"rendered":"<p>OPIS <br \/>Zestaw zawiera:  <br \/>&#8211; Yerba Mate Green BIO 400 g  <br \/>&#8211; Bombilla Liza 19 cm  <br \/>&#8211; Naczynie Luka 350 ml (zielone, z\u00f3\u0142te lub br\u0105zowe &#8211; w zale\u017cno\u015bci od dost\u0119pno\u015bci towaru u producenta)  <br \/>&#8211; Pude\u0142ko czarne z wk\u0142adk\u0105<\/p>\n<p>Wz\u00f3r opakowania wydawany losowo<\/p>","protected":false},"excerpt":{"rendered":"<p>OPIS Zestaw zawiera: &#8211; Yerba Mate Green BIO 400 g &#8211; Bombilla Liza 19 cm &#8211; Naczynie Luka 350 ml (zielone, z\u00f3\u0142te lub br\u0105zowe &#8211; w zale\u017cno\u015bci od dost\u0119pno\u015bci towaru u producenta) &#8211; Pude\u0142ko czarne z wk\u0142adk\u0105 Wz\u00f3r opakowania wydawany losowo<\/p>","protected":false},"featured_media":4431,"comment_status":"closed","ping_status":"open","template":"","meta":{"_acf_changed":false},"product_brand":[],"product_cat":[282,1315],"product_tag":[],"class_list":{"0":"post-4430","1":"product","2":"type-product","3":"status-publish","4":"has-post-thumbnail","6":"product_cat-herbaty-i-ziola","7":"product_cat-zestawy-kalendarze","8":"pa_ean-matka-3666","9":"pa_gwarancja-przydatnosci-324","10":"pa_ilosc-w-opakowaniu-374","11":"pa_jednostka-podstawowa-szt","12":"pa_kod-cn-0903-00-00","13":"pa_kraj-pochodzenia-skladnikow-brazylia","14":"pa_masa-netto-3664","15":"pa_objetosc-brutto-3665","16":"pa_producent-organic-mate-green-yerba-mate","17":"pa_producent-nazwa-adres-derlatka-robert-oranzada-stefana-batorego-42-24-05-400-otwock","18":"pa_tagi-bez-cukru-w-skladnikach","19":"pa_tagi-bez-glutenu-w-skladnikach","20":"pa_tagi-certyfikat-bio","21":"pa_tagi-weganski","22":"pa_tagi-wegetarianski","24":"first","25":"instock","26":"taxable","27":"shipping-taxable","28":"purchasable","29":"product-type-simple"},"acf":[],"_links":{"self":[{"href":"https:\/\/wiejskieprzysmaki.estima.site\/en\/wp-json\/wp\/v2\/product\/4430","targetHints":{"allow":["GET"]}}],"collection":[{"href":"https:\/\/wiejskieprzysmaki.estima.site\/en\/wp-json\/wp\/v2\/product"}],"about":[{"href":"https:\/\/wiejskieprzysmaki.estima.site\/en\/wp-json\/wp\/v2\/types\/product"}],"replies":[{"embeddable":true,"href":"https:\/\/wiejskieprzysmaki.estima.site\/en\/wp-json\/wp\/v2\/comments?post=4430"}],"wp:featuredmedia":[{"embeddable":true,"href":"https:\/\/wiejskieprzysmaki.estima.site\/en\/wp-json\/wp\/v2\/media\/4431"}],"wp:attachment":[{"href":"https:\/\/wiejskieprzysmaki.estima.site\/en\/wp-json\/wp\/v2\/media?parent=4430"}],"wp:term":[{"taxonomy":"product_brand","embeddable":true,"href":"https:\/\/wiejskieprzysmaki.estima.site\/en\/wp-json\/wp\/v2\/product_brand?post=4430"},{"taxonomy":"product_cat","embeddable":true,"href":"https:\/\/wiejskieprzysmaki.estima.site\/en\/wp-json\/wp\/v2\/product_cat?post=4430"},{"taxonomy":"product_tag","embeddable":true,"href":"https:\/\/wiejskieprzysmaki.estima.site\/en\/wp-json\/wp\/v2\/product_tag?post=4430"}],"curies":[{"name":"wp","href":"https:\/\/api.w.org\/{rel}","templated":true}]}}