{"id":4432,"date":"2025-02-18T10:58:38","date_gmt":"2025-02-18T09:58:38","guid":{"rendered":"https:\/\/wiejskieprzysmaki.estima.site\/produkt\/ocet-jablkowy-5-niefiltrowany-demeter-bio-750-ml-beutelsbacher\/"},"modified":"2025-02-18T10:58:40","modified_gmt":"2025-02-18T09:58:40","slug":"ocet-jablkowy-5-niefiltrowany-demeter-bio-750-ml-beutelsbacher","status":"publish","type":"product","link":"https:\/\/wiejskieprzysmaki.estima.site\/en\/product\/ocet-jablkowy-5-niefiltrowany-demeter-bio-750-ml-beutelsbacher\/","title":{"rendered":"OCET JAB\u0141KOWY 5 % NIEFILTROWANY DEMETER BIO 750 ml &#8211; BEUTELSBACHER"},"content":{"rendered":"<p>SK\u0141ADNIKI  <br \/>ocet jab\u0142kowy niefiltrowany* (* z upraw biodynamicznych)<\/p>\n<p>OPIS<br \/>Ocet nie z koncentratu, niepasteryzowany. <br \/>Kwasowo\u015b\u0107: 5 %. <br \/>Przed spo\u017cyciem wstrz\u0105sn\u0105\u0107.<\/p>\n<p>WARTO\u015a\u0106 OD\u017bYWCZA W 100 g<br \/>Warto\u015b\u0107 energetyczna: 75 kJ \/ 18 kcal  <br \/>T\u0142uszcz: 0,1 g  <br \/>w tym kwasy nasycone: 0,02 g  <br \/>W\u0119glowodany: 0,4 g  <br \/>w tym cukry: 0,1 g  <br \/>Bia\u0142ko: 0,1 g  <br \/>S\u00f3l: 0,005 g  <\/p>\n<p>ZALECANE WARUNKI PRZECHOWYWANIA  <br \/>Przechowywa\u0107 w suchym i ch\u0142odnym miejscu.<\/p>","protected":false},"excerpt":{"rendered":"<p>SK\u0141ADNIKI ocet jab\u0142kowy niefiltrowany* (* z upraw biodynamicznych) OPISOcet nie z koncentratu, niepasteryzowany. Kwasowo\u015b\u0107: 5 %. Przed spo\u017cyciem wstrz\u0105sn\u0105\u0107. WARTO\u015a\u0106 OD\u017bYWCZA W 100 gWarto\u015b\u0107 energetyczna: 75 kJ \/ 18 kcal T\u0142uszcz: 0,1 g w tym kwasy nasycone: 0,02 g W\u0119glowodany: 0,4 g w tym cukry: 0,1 g Bia\u0142ko: 0,1 g S\u00f3l: 0,005 g ZALECANE WARUNKI [&hellip;]<\/p>","protected":false},"featured_media":4433,"comment_status":"closed","ping_status":"open","template":"","meta":{"_acf_changed":false},"product_brand":[],"product_cat":[363,362],"product_tag":[],"class_list":{"0":"post-4432","1":"product","2":"type-product","3":"status-publish","4":"has-post-thumbnail","6":"product_cat-jablkowe","7":"product_cat-octy","8":"pa_ean-matka-3670","9":"pa_gwarancja-przydatnosci-522","10":"pa_ilosc-w-opakowaniu-298","11":"pa_jednostka-podstawowa-szt","12":"pa_kod-cn-2209-00-91","13":"pa_objetosc-brutto-3668","14":"pa_objetosc-netto-450","15":"pa_producent-beutelsbacher-soki-napoje-ocet-jablkowy","16":"pa_producent-nazwa-adres-beutelsbacher-fruchtsaftkelterei-birkelstrasse-11-71370-weinstadt","17":"pa_tagi-bez-cukru-w-skladnikach","18":"pa_tagi-bez-glutenu-w-skladnikach","19":"pa_tagi-certyfikat-bio","20":"pa_tagi-weganski","21":"pa_tagi-wegetarianski","23":"first","24":"instock","25":"taxable","26":"shipping-taxable","27":"purchasable","28":"product-type-simple"},"acf":[],"_links":{"self":[{"href":"https:\/\/wiejskieprzysmaki.estima.site\/en\/wp-json\/wp\/v2\/product\/4432","targetHints":{"allow":["GET"]}}],"collection":[{"href":"https:\/\/wiejskieprzysmaki.estima.site\/en\/wp-json\/wp\/v2\/product"}],"about":[{"href":"https:\/\/wiejskieprzysmaki.estima.site\/en\/wp-json\/wp\/v2\/types\/product"}],"replies":[{"embeddable":true,"href":"https:\/\/wiejskieprzysmaki.estima.site\/en\/wp-json\/wp\/v2\/comments?post=4432"}],"wp:featuredmedia":[{"embeddable":true,"href":"https:\/\/wiejskieprzysmaki.estima.site\/en\/wp-json\/wp\/v2\/media\/4433"}],"wp:attachment":[{"href":"https:\/\/wiejskieprzysmaki.estima.site\/en\/wp-json\/wp\/v2\/media?parent=4432"}],"wp:term":[{"taxonomy":"product_brand","embeddable":true,"href":"https:\/\/wiejskieprzysmaki.estima.site\/en\/wp-json\/wp\/v2\/product_brand?post=4432"},{"taxonomy":"product_cat","embeddable":true,"href":"https:\/\/wiejskieprzysmaki.estima.site\/en\/wp-json\/wp\/v2\/product_cat?post=4432"},{"taxonomy":"product_tag","embeddable":true,"href":"https:\/\/wiejskieprzysmaki.estima.site\/en\/wp-json\/wp\/v2\/product_tag?post=4432"}],"curies":[{"name":"wp","href":"https:\/\/api.w.org\/{rel}","templated":true}]}}