{"id":4436,"date":"2025-02-18T10:58:38","date_gmt":"2025-02-18T09:58:38","guid":{"rendered":"https:\/\/wiejskieprzysmaki.estima.site\/produkt\/sok-ananasowy-nfc-bio-700-ml-beutelsbacher\/"},"modified":"2025-02-18T10:58:41","modified_gmt":"2025-02-18T09:58:41","slug":"sok-ananasowy-nfc-bio-700-ml-beutelsbacher","status":"publish","type":"product","link":"https:\/\/wiejskieprzysmaki.estima.site\/en\/product\/sok-ananasowy-nfc-bio-700-ml-beutelsbacher\/","title":{"rendered":"SOK ANANASOWY NFC BIO 700 ml &#8211; BEUTELSBACHER"},"content":{"rendered":"<p>SK\u0141ADNIKI<br \/>bezpo\u015bredni sok z ananasa*. (*certyfikowany sk\u0142adnik ekologiczny)<\/p>\n<p>OPIS <br \/>Sok bezpo\u015brednio t\u0142oczony NFC (nie z koncentratu) z ananasa. <br \/>Produkt pasteryzowany. Przed spo\u017cyciem wstrz\u0105sn\u0105\u0107.<\/p>\n<p>WARTO\u015a\u0106 OD\u017bYWCZA W 100 g<br \/>Warto\u015b\u0107 energetyczna: 214 kJ\/51 kcal <br \/>T\u0142uszcz: 0,1 g <br \/>w tym kwasy nasycone: 0,01 g <br \/>W\u0119glowodany: 11,5 g <br \/>w tym cukry: 11,5 g <br \/>Bia\u0142ko: 0,4 g <br \/>S\u00f3l: 0,003 g <br \/>Witamina C: 28 mg (35 %)** <br \/>** dzienna referencyjna warto\u015b\u0107 spo\u017cycia witaminy C (dla osoby doros\u0142ej) <\/p>\n<p>ZALECANE WARUNKI PRZECHOWYWANIA <br \/>Po otwarciu przechowywa\u0107 w lod\u00f3wce i spo\u017cy\u0107 w ci\u0105gu 5 dni<\/p>","protected":false},"excerpt":{"rendered":"<p>SK\u0141ADNIKIbezpo\u015bredni sok z ananasa*. (*certyfikowany sk\u0142adnik ekologiczny) OPIS Sok bezpo\u015brednio t\u0142oczony NFC (nie z koncentratu) z ananasa. Produkt pasteryzowany. Przed spo\u017cyciem wstrz\u0105sn\u0105\u0107. WARTO\u015a\u0106 OD\u017bYWCZA W 100 gWarto\u015b\u0107 energetyczna: 214 kJ\/51 kcal T\u0142uszcz: 0,1 g w tym kwasy nasycone: 0,01 g W\u0119glowodany: 11,5 g w tym cukry: 11,5 g Bia\u0142ko: 0,4 g S\u00f3l: 0,003 g Witamina [&hellip;]<\/p>","protected":false},"featured_media":4437,"comment_status":"closed","ping_status":"open","template":"","meta":{"_acf_changed":false},"product_brand":[],"product_cat":[134,410],"product_tag":[],"class_list":{"0":"post-4436","1":"product","2":"type-product","3":"status-publish","4":"has-post-thumbnail","6":"product_cat-napoje","7":"product_cat-soki-owocowe-soki-owocowe-z-dodatkami","8":"pa_ean-matka-3674","9":"pa_gwarancja-przydatnosci-311","10":"pa_ilosc-w-opakowaniu-298","11":"pa_jednostka-podstawowa-szt","12":"pa_kod-cn-2009-41-99","13":"pa_objetosc-brutto-1904","14":"pa_objetosc-netto-2182","15":"pa_producent-beutelsbacher-soki-napoje-ocet-jablkowy","16":"pa_producent-nazwa-adres-beutelsbacher-fruchtsaftkelterei-birkelstrasse-11-71370-weinstadt","17":"pa_tagi-bez-cukru-w-skladnikach","18":"pa_tagi-bez-glutenu-w-skladnikach","19":"pa_tagi-certyfikat-bio","20":"pa_tagi-weganski","21":"pa_tagi-wegetarianski","23":"first","24":"instock","25":"taxable","26":"shipping-taxable","27":"purchasable","28":"product-type-simple"},"acf":[],"_links":{"self":[{"href":"https:\/\/wiejskieprzysmaki.estima.site\/en\/wp-json\/wp\/v2\/product\/4436","targetHints":{"allow":["GET"]}}],"collection":[{"href":"https:\/\/wiejskieprzysmaki.estima.site\/en\/wp-json\/wp\/v2\/product"}],"about":[{"href":"https:\/\/wiejskieprzysmaki.estima.site\/en\/wp-json\/wp\/v2\/types\/product"}],"replies":[{"embeddable":true,"href":"https:\/\/wiejskieprzysmaki.estima.site\/en\/wp-json\/wp\/v2\/comments?post=4436"}],"wp:featuredmedia":[{"embeddable":true,"href":"https:\/\/wiejskieprzysmaki.estima.site\/en\/wp-json\/wp\/v2\/media\/4437"}],"wp:attachment":[{"href":"https:\/\/wiejskieprzysmaki.estima.site\/en\/wp-json\/wp\/v2\/media?parent=4436"}],"wp:term":[{"taxonomy":"product_brand","embeddable":true,"href":"https:\/\/wiejskieprzysmaki.estima.site\/en\/wp-json\/wp\/v2\/product_brand?post=4436"},{"taxonomy":"product_cat","embeddable":true,"href":"https:\/\/wiejskieprzysmaki.estima.site\/en\/wp-json\/wp\/v2\/product_cat?post=4436"},{"taxonomy":"product_tag","embeddable":true,"href":"https:\/\/wiejskieprzysmaki.estima.site\/en\/wp-json\/wp\/v2\/product_tag?post=4436"}],"curies":[{"name":"wp","href":"https:\/\/api.w.org\/{rel}","templated":true}]}}