{"id":4446,"date":"2025-02-18T10:58:38","date_gmt":"2025-02-18T09:58:38","guid":{"rendered":"https:\/\/wiejskieprzysmaki.estima.site\/produkt\/bulion-kostki-wolowe-bez-dodatku-cukrow-bio-8-x-12-g-96-g-natur-compagnie\/"},"modified":"2025-02-18T10:58:45","modified_gmt":"2025-02-18T09:58:45","slug":"bulion-kostki-wolowe-bez-dodatku-cukrow-bio-8-x-12-g-96-g-natur-compagnie","status":"publish","type":"product","link":"https:\/\/wiejskieprzysmaki.estima.site\/en\/product\/bulion-kostki-wolowe-bez-dodatku-cukrow-bio-8-x-12-g-96-g-natur-compagnie\/","title":{"rendered":"BULION &#8211; KOSTKI WO\u0141OWE BEZ DODATKU CUKR\u00d3W BIO (8 x 12 g) 96 g &#8211; NATUR COMPAGNIE"},"content":{"rendered":"<p>SK\u0141ADNIKI<br \/>s\u00f3l morska, skrobia kukurydziana*, t\u0142uszcz shea*, sproszkowana wo\u0142owina* (4,8 %), t\u0142uszcz wo\u0142owy* (4,3 %), ekstrakt dro\u017cd\u017cowy, pomidory*, cebula pra\u017cona*, marchew*, czosnek*, li\u015bcie lubczyku lekarskiego*, pietruszka*, pieprz*, ga\u0142ka muszkato\u0142owa*, li\u015b\u0107 laurowy*, tymianek*, rozmaryn*. (*certyfikowany sk\u0142adnik ekologiczny)<\/p>\n<p>SPOS\u00d3B PRZYGOTOWANIA<br \/>Rozpu\u015bci\u0107 kostk\u0119 w 1\/2 litra wrz\u0105cej wody lub doda\u0107 w trakcie gotowania.<\/p>\n<p>WARTO\u015a\u0106 OD\u017bYWCZA W 100 ml przygotowanego bulionu<br \/>Warto\u015b\u0107 energetyczna: 28 kJ\/7 kcal  <br \/>T\u0142uszcz: 0,4 g  <br \/>w tym kwasy t\u0142uszczowe nasycone: 0,2 g  <br \/>W\u0119glowodany: 0,6 g  <br \/>w tym cukry: 0,1 g  <br \/>Bia\u0142ko: 0,1 g  <br \/>S\u00f3l: 1,1 g<\/p>\n<p>INFORMACJA ALERGENNA  <br \/>Mo\u017ce zawiera\u0107 MLEKO (\u0142\u0105cznie z LAKTOZ\u0104), ZBO\u017bA ZAWIERAJ\u0104CE GLUTEN, SOJ\u0118, GORCZYC\u0118, SELER, JAJA<\/p>\n<p>ZALECANE WARUNKI PRZECHOWYWANIA  <br \/>Przechowywa\u0107 w suchym miejscu.  <\/p>","protected":false},"excerpt":{"rendered":"<p>SK\u0141ADNIKIs\u00f3l morska, skrobia kukurydziana*, t\u0142uszcz shea*, sproszkowana wo\u0142owina* (4,8 %), t\u0142uszcz wo\u0142owy* (4,3 %), ekstrakt dro\u017cd\u017cowy, pomidory*, cebula pra\u017cona*, marchew*, czosnek*, li\u015bcie lubczyku lekarskiego*, pietruszka*, pieprz*, ga\u0142ka muszkato\u0142owa*, li\u015b\u0107 laurowy*, tymianek*, rozmaryn*. (*certyfikowany sk\u0142adnik ekologiczny) SPOS\u00d3B PRZYGOTOWANIARozpu\u015bci\u0107 kostk\u0119 w 1\/2 litra wrz\u0105cej wody lub doda\u0107 w trakcie gotowania. WARTO\u015a\u0106 OD\u017bYWCZA W 100 ml przygotowanego bulionuWarto\u015b\u0107 [&hellip;]<\/p>","protected":false},"featured_media":4447,"comment_status":"closed","ping_status":"open","template":"","meta":{"_acf_changed":false},"product_brand":[],"product_cat":[229],"product_tag":[],"class_list":{"0":"post-4446","1":"product","2":"type-product","3":"status-publish","4":"has-post-thumbnail","6":"product_cat-przyprawy-i-ziola","7":"pa_ean-matka-3681","8":"pa_gwarancja-przydatnosci-311","9":"pa_ilosc-w-opakowaniu-374","10":"pa_jednostka-podstawowa-szt","11":"pa_kod-cn-2104-10-00","12":"pa_kraj-pochodzenia-skladnikow-turcja","13":"pa_masa-netto-3680","14":"pa_objetosc-brutto-703","15":"pa_producent-natur-compagnie-buliony-kostki-rosolowe","16":"pa_producent-nazwa-adres-heirler-cenovis-gmbh-schutzenstrasse-24-78315-radolfzell","17":"pa_tagi-bez-cukru-w-skladnikach","18":"pa_tagi-bez-glutenu-w-skladnikach","19":"pa_tagi-certyfikat-bio","21":"first","22":"instock","23":"taxable","24":"shipping-taxable","25":"purchasable","26":"product-type-simple"},"acf":[],"_links":{"self":[{"href":"https:\/\/wiejskieprzysmaki.estima.site\/en\/wp-json\/wp\/v2\/product\/4446","targetHints":{"allow":["GET"]}}],"collection":[{"href":"https:\/\/wiejskieprzysmaki.estima.site\/en\/wp-json\/wp\/v2\/product"}],"about":[{"href":"https:\/\/wiejskieprzysmaki.estima.site\/en\/wp-json\/wp\/v2\/types\/product"}],"replies":[{"embeddable":true,"href":"https:\/\/wiejskieprzysmaki.estima.site\/en\/wp-json\/wp\/v2\/comments?post=4446"}],"wp:featuredmedia":[{"embeddable":true,"href":"https:\/\/wiejskieprzysmaki.estima.site\/en\/wp-json\/wp\/v2\/media\/4447"}],"wp:attachment":[{"href":"https:\/\/wiejskieprzysmaki.estima.site\/en\/wp-json\/wp\/v2\/media?parent=4446"}],"wp:term":[{"taxonomy":"product_brand","embeddable":true,"href":"https:\/\/wiejskieprzysmaki.estima.site\/en\/wp-json\/wp\/v2\/product_brand?post=4446"},{"taxonomy":"product_cat","embeddable":true,"href":"https:\/\/wiejskieprzysmaki.estima.site\/en\/wp-json\/wp\/v2\/product_cat?post=4446"},{"taxonomy":"product_tag","embeddable":true,"href":"https:\/\/wiejskieprzysmaki.estima.site\/en\/wp-json\/wp\/v2\/product_tag?post=4446"}],"curies":[{"name":"wp","href":"https:\/\/api.w.org\/{rel}","templated":true}]}}