{"id":4452,"date":"2025-02-18T10:58:38","date_gmt":"2025-02-18T09:58:38","guid":{"rendered":"https:\/\/wiejskieprzysmaki.estima.site\/produkt\/chipsy-ziemniaczane-smazone-na-oleju-kokosowym-bio-100-g-trafo\/"},"modified":"2025-02-18T10:58:48","modified_gmt":"2025-02-18T09:58:48","slug":"chipsy-ziemniaczane-smazone-na-oleju-kokosowym-bio-100-g-trafo","status":"publish","type":"product","link":"https:\/\/wiejskieprzysmaki.estima.site\/en\/product\/chipsy-ziemniaczane-smazone-na-oleju-kokosowym-bio-100-g-trafo\/","title":{"rendered":"CHIPSY ZIEMNIACZANE SMA\u017bONE NA OLEJU KOKOSOWYM BIO 100 g &#8211; TRAFO"},"content":{"rendered":"<p>SK\u0141ADNIKI<br \/>ziemniaki*, olej kokosowy*, s\u00f3l morska (*certyfikowany sk\u0142adnik ekologiczny)<\/p>\n<p>WARTO\u015a\u0106 OD\u017bYWACZA W 100 g<br \/>Warto\u015b\u0107 energetyczna &#8211; 2325 kJ\/ 559 kcal  <br \/>T\u0142uszcz &#8211; 38,0 g  <br \/>w tym kwasy t\u0142uszczowe nasycone &#8211; 33,5 g  <br \/>W\u0119glowodany &#8211; 45,0 g  <br \/>w tym cukry  &#8211; < 0,1 g  <br \/>B\u0142onnik &#8211; 4,3 g  <br \/>Bia\u0142ko &#8211; 4,0 g  <br \/>S\u00f3l &#8211; 2,0 g  <\/p>\n<p>ZALECANE WARUNKI PRZECHOWYWANIA<br \/>Przechowywa\u0107 w suchym miejscu  <\/p>","protected":false},"excerpt":{"rendered":"<p>SK\u0141ADNIKIziemniaki*, olej kokosowy*, s\u00f3l morska (*certyfikowany sk\u0142adnik ekologiczny) WARTO\u015a\u0106 OD\u017bYWACZA W 100 gWarto\u015b\u0107 energetyczna &#8211; 2325 kJ\/ 559 kcal T\u0142uszcz &#8211; 38,0 g w tym kwasy t\u0142uszczowe nasycone &#8211; 33,5 g W\u0119glowodany &#8211; 45,0 g w tym cukry &#8211; < 0,1 g B\u0142onnik &#8211; 4,3 g Bia\u0142ko &#8211; 4,0 g S\u00f3l &#8211; 2,0 g ZALECANE [&hellip;]\n<\/p>","protected":false},"featured_media":4453,"comment_status":"closed","ping_status":"open","template":"","meta":{"_acf_changed":false},"product_brand":[],"product_cat":[422,139],"product_tag":[],"class_list":{"0":"post-4452","1":"product","2":"type-product","3":"status-publish","4":"has-post-thumbnail","6":"product_cat-chipsy-chrupki-popcorn","7":"product_cat-slodycze-i-przekaski","8":"pa_ean-matka-3686","9":"pa_gwarancja-przydatnosci-535","10":"pa_ilosc-w-opakowaniu-374","11":"pa_jednostka-podstawowa-szt","12":"pa_kod-cn-2005-20-20","13":"pa_kraj-pochodzenia-skladnikow-turcja","14":"pa_masa-netto-242","15":"pa_objetosc-brutto-3685","16":"pa_producent-trafo-chipsy-warzywne-i-ziemniaczne","17":"pa_producent-nazwa-adres-fz-organic-food-trafo-oppers-58-8471-zm-wolvega","18":"pa_tagi-bez-cukru-w-skladnikach","19":"pa_tagi-bez-glutenu-w-skladnikach","20":"pa_tagi-certyfikat-bio","21":"pa_tagi-weganski","22":"pa_tagi-wegetarianski","24":"first","25":"instock","26":"taxable","27":"shipping-taxable","28":"purchasable","29":"product-type-simple"},"acf":[],"_links":{"self":[{"href":"https:\/\/wiejskieprzysmaki.estima.site\/en\/wp-json\/wp\/v2\/product\/4452","targetHints":{"allow":["GET"]}}],"collection":[{"href":"https:\/\/wiejskieprzysmaki.estima.site\/en\/wp-json\/wp\/v2\/product"}],"about":[{"href":"https:\/\/wiejskieprzysmaki.estima.site\/en\/wp-json\/wp\/v2\/types\/product"}],"replies":[{"embeddable":true,"href":"https:\/\/wiejskieprzysmaki.estima.site\/en\/wp-json\/wp\/v2\/comments?post=4452"}],"wp:featuredmedia":[{"embeddable":true,"href":"https:\/\/wiejskieprzysmaki.estima.site\/en\/wp-json\/wp\/v2\/media\/4453"}],"wp:attachment":[{"href":"https:\/\/wiejskieprzysmaki.estima.site\/en\/wp-json\/wp\/v2\/media?parent=4452"}],"wp:term":[{"taxonomy":"product_brand","embeddable":true,"href":"https:\/\/wiejskieprzysmaki.estima.site\/en\/wp-json\/wp\/v2\/product_brand?post=4452"},{"taxonomy":"product_cat","embeddable":true,"href":"https:\/\/wiejskieprzysmaki.estima.site\/en\/wp-json\/wp\/v2\/product_cat?post=4452"},{"taxonomy":"product_tag","embeddable":true,"href":"https:\/\/wiejskieprzysmaki.estima.site\/en\/wp-json\/wp\/v2\/product_tag?post=4452"}],"curies":[{"name":"wp","href":"https:\/\/api.w.org\/{rel}","templated":true}]}}