{"id":4465,"date":"2025-02-18T10:58:38","date_gmt":"2025-02-18T09:58:38","guid":{"rendered":"https:\/\/wiejskieprzysmaki.estima.site\/produkt\/sledz-msc-filety-w-bio-sosie-pomidorowym-200-g-hein-i-graetje\/"},"modified":"2025-02-18T10:58:53","modified_gmt":"2025-02-18T09:58:53","slug":"sledz-msc-filety-w-bio-sosie-pomidorowym-200-g-hein-i-graetje","status":"publish","type":"product","link":"https:\/\/wiejskieprzysmaki.estima.site\/en\/product\/sledz-msc-filety-w-bio-sosie-pomidorowym-200-g-hein-i-graetje\/","title":{"rendered":"\u015aLED\u0179 MSC FILETY W BIO SOSIE POMIDOROWYM 200 g &#8211; HEIN i GRAETJE"},"content":{"rendered":"<p>SK\u0141ADNIKI<br \/>filety \u015aLEDZIOWE (60 %), przecier pomidorowy*, woda, cukier trzcinowy*, olej s\u0142onecznikowy*, s\u00f3l morska, \u015aMIETANA*, ocet brandy*, substancja zag\u0119szczaj\u0105ca: guma guar, sok cytrynowy*, przyprawy*.  (*certyfikowany sk\u0142adnik ekologiczny)<\/p>\n<p>OPIS<br \/>Filety \u015bledziowe ze zr\u00f3wnowa\u017conego rybo\u0142\u00f3wstwa. \u015aledzie z\u0142owione na p\u00f3\u0142nocno-wschodnim Atlantyku.<\/p>\n<p>WARTO\u015a\u0106 OD\u017bYWCZA W 100 g<br \/>Warto\u015b\u0107 energetyczna: 788 kJ\/189 kcal  <br \/>T\u0142uszcz: 13 g  <br \/>w tym kwasy nasycone: 3,3 g  <br \/>jednonienasycone: 5,2 g  <br \/>wielonienasycone: 4,5 g  <br \/>W\u0119glowodany: 6,6 g  <br \/>w tym cukry: 6,6 g  <br \/>B\u0142onnik: 1,2 g  <br \/>Bia\u0142ko: 10,9 g  <br \/>S\u00f3l: 1 g  <\/p>\n<p>ZALECANE WARUNKI PRZECHOWYWANIA<br \/>Po otwarciu przechowywa\u0107 w lod\u00f3wce w niemetalowym pojemniku i spo\u017cy\u0107 w ci\u0105gu 3 dni.<\/p>","protected":false},"excerpt":{"rendered":"<p>SK\u0141ADNIKIfilety \u015aLEDZIOWE (60 %), przecier pomidorowy*, woda, cukier trzcinowy*, olej s\u0142onecznikowy*, s\u00f3l morska, \u015aMIETANA*, ocet brandy*, substancja zag\u0119szczaj\u0105ca: guma guar, sok cytrynowy*, przyprawy*. (*certyfikowany sk\u0142adnik ekologiczny) OPISFilety \u015bledziowe ze zr\u00f3wnowa\u017conego rybo\u0142\u00f3wstwa. \u015aledzie z\u0142owione na p\u00f3\u0142nocno-wschodnim Atlantyku. WARTO\u015a\u0106 OD\u017bYWCZA W 100 gWarto\u015b\u0107 energetyczna: 788 kJ\/189 kcal T\u0142uszcz: 13 g w tym kwasy nasycone: 3,3 g jednonienasycone: [&hellip;]<\/p>","protected":false},"featured_media":4466,"comment_status":"closed","ping_status":"open","template":"","meta":{"_acf_changed":false},"product_brand":[],"product_cat":[1567],"product_tag":[],"class_list":{"0":"post-4465","1":"product","2":"type-product","3":"status-publish","4":"has-post-thumbnail","6":"product_cat-wedliny","7":"pa_ean-matka-3699","8":"pa_gwarancja-przydatnosci-301","9":"pa_ilosc-w-opakowaniu-406","10":"pa_jednostka-podstawowa-szt","11":"pa_kod-cn-1604-12-91","12":"pa_masa-netto-354","13":"pa_objetosc-brutto-3696","14":"pa_producent-hein-i-graetje-filety-sledziowe","15":"pa_producent-nazwa-adres-schwaaner-fischwaren-gmbh-niendorfer-chaussee-2-18258-schwaan","16":"pa_tagi-bez-glutenu-w-skladnikach","17":"pa_tagi-certyfikat-bio","19":"first","20":"instock","21":"taxable","22":"shipping-taxable","23":"purchasable","24":"product-type-simple"},"acf":[],"_links":{"self":[{"href":"https:\/\/wiejskieprzysmaki.estima.site\/en\/wp-json\/wp\/v2\/product\/4465","targetHints":{"allow":["GET"]}}],"collection":[{"href":"https:\/\/wiejskieprzysmaki.estima.site\/en\/wp-json\/wp\/v2\/product"}],"about":[{"href":"https:\/\/wiejskieprzysmaki.estima.site\/en\/wp-json\/wp\/v2\/types\/product"}],"replies":[{"embeddable":true,"href":"https:\/\/wiejskieprzysmaki.estima.site\/en\/wp-json\/wp\/v2\/comments?post=4465"}],"wp:featuredmedia":[{"embeddable":true,"href":"https:\/\/wiejskieprzysmaki.estima.site\/en\/wp-json\/wp\/v2\/media\/4466"}],"wp:attachment":[{"href":"https:\/\/wiejskieprzysmaki.estima.site\/en\/wp-json\/wp\/v2\/media?parent=4465"}],"wp:term":[{"taxonomy":"product_brand","embeddable":true,"href":"https:\/\/wiejskieprzysmaki.estima.site\/en\/wp-json\/wp\/v2\/product_brand?post=4465"},{"taxonomy":"product_cat","embeddable":true,"href":"https:\/\/wiejskieprzysmaki.estima.site\/en\/wp-json\/wp\/v2\/product_cat?post=4465"},{"taxonomy":"product_tag","embeddable":true,"href":"https:\/\/wiejskieprzysmaki.estima.site\/en\/wp-json\/wp\/v2\/product_tag?post=4465"}],"curies":[{"name":"wp","href":"https:\/\/api.w.org\/{rel}","templated":true}]}}