{"id":4469,"date":"2025-02-18T10:58:54","date_gmt":"2025-02-18T09:58:54","guid":{"rendered":"https:\/\/wiejskieprzysmaki.estima.site\/produkt\/panierka-kukurydziana-bezglutenowa-bio-200-g-amylon\/"},"modified":"2025-02-18T10:58:55","modified_gmt":"2025-02-18T09:58:55","slug":"panierka-kukurydziana-bezglutenowa-bio-200-g-amylon","status":"publish","type":"product","link":"https:\/\/wiejskieprzysmaki.estima.site\/en\/product\/panierka-kukurydziana-bezglutenowa-bio-200-g-amylon\/","title":{"rendered":"PANIERKA KUKURYDZIANA BEZGLUTENOWA BIO 200 g &#8211; AMYLON"},"content":{"rendered":"<p>SK\u0141ADNIKI<br \/>Ekstrudowana kukurydza* (*certyfikowany sk\u0142adnik ekologiczny)<\/p>\n<p>WARTO\u015a\u0106 OD\u017bYWCZA W 100 g<br \/>Warto\u015b\u0107 energetyczna: 1454 kJ \/ 343 kcal  <br \/>T\u0142uszcz: 3,1 g  <br \/>w tym kwasy t\u0142uszczowe nasycone: <0,1 g  <br \/>W\u0119glowodany: 70 g  <br \/>w tym cukry:  <0,5 g  <br \/>Bia\u0142ko: 9,8 g  <br \/>S\u00f3l: 0,01 g<\/p>\n<p>ZALECANE WARUNKI PRZECHOWYWANIA<br \/>Przechowywa\u0107 w suchym miejscu.<\/p>","protected":false},"excerpt":{"rendered":"<p>SK\u0141ADNIKIEkstrudowana kukurydza* (*certyfikowany sk\u0142adnik ekologiczny) WARTO\u015a\u0106 OD\u017bYWCZA W 100 gWarto\u015b\u0107 energetyczna: 1454 kJ \/ 343 kcal T\u0142uszcz: 3,1 g w tym kwasy t\u0142uszczowe nasycone:<\/p>","protected":false},"featured_media":4470,"comment_status":"closed","ping_status":"open","template":"","meta":{"_acf_changed":false},"product_brand":[],"product_cat":[537,64],"product_tag":[],"class_list":{"0":"post-4469","1":"product","2":"type-product","3":"status-publish","4":"has-post-thumbnail","6":"product_cat-bulka-tarta-panierki","7":"product_cat-pieczywo","8":"pa_ean-matka-3702","9":"pa_gwarancja-przydatnosci-311","10":"pa_ilosc-w-opakowaniu-392","11":"pa_jednostka-podstawowa-szt","12":"pa_kod-cn-1901-90-99","13":"pa_masa-netto-354","14":"pa_objetosc-brutto-3701","15":"pa_producent-amylon-budynie-galaretkikisielecukry-skrobie","16":"pa_producent-nazwa-adres-amylon-a-s-svermova-117-580-36-havlickuv-brod","17":"pa_tagi-bez-cukru-w-skladnikach","18":"pa_tagi-bez-glutenu-deklaracja","19":"pa_tagi-bez-glutenu-w-skladnikach","20":"pa_tagi-certyfikat-bio","21":"pa_tagi-weganski","22":"pa_tagi-wegetarianski","24":"first","25":"instock","26":"taxable","27":"shipping-taxable","28":"purchasable","29":"product-type-simple"},"acf":[],"_links":{"self":[{"href":"https:\/\/wiejskieprzysmaki.estima.site\/en\/wp-json\/wp\/v2\/product\/4469","targetHints":{"allow":["GET"]}}],"collection":[{"href":"https:\/\/wiejskieprzysmaki.estima.site\/en\/wp-json\/wp\/v2\/product"}],"about":[{"href":"https:\/\/wiejskieprzysmaki.estima.site\/en\/wp-json\/wp\/v2\/types\/product"}],"replies":[{"embeddable":true,"href":"https:\/\/wiejskieprzysmaki.estima.site\/en\/wp-json\/wp\/v2\/comments?post=4469"}],"wp:featuredmedia":[{"embeddable":true,"href":"https:\/\/wiejskieprzysmaki.estima.site\/en\/wp-json\/wp\/v2\/media\/4470"}],"wp:attachment":[{"href":"https:\/\/wiejskieprzysmaki.estima.site\/en\/wp-json\/wp\/v2\/media?parent=4469"}],"wp:term":[{"taxonomy":"product_brand","embeddable":true,"href":"https:\/\/wiejskieprzysmaki.estima.site\/en\/wp-json\/wp\/v2\/product_brand?post=4469"},{"taxonomy":"product_cat","embeddable":true,"href":"https:\/\/wiejskieprzysmaki.estima.site\/en\/wp-json\/wp\/v2\/product_cat?post=4469"},{"taxonomy":"product_tag","embeddable":true,"href":"https:\/\/wiejskieprzysmaki.estima.site\/en\/wp-json\/wp\/v2\/product_tag?post=4469"}],"curies":[{"name":"wp","href":"https:\/\/api.w.org\/{rel}","templated":true}]}}