{"id":4471,"date":"2025-02-18T10:58:54","date_gmt":"2025-02-18T09:58:54","guid":{"rendered":"https:\/\/wiejskieprzysmaki.estima.site\/produkt\/bulion-kostki-warzywne-bez-dodatku-cukrow-bio-8-x-105-g-84-g-natur-compagnie\/"},"modified":"2025-02-18T10:58:56","modified_gmt":"2025-02-18T09:58:56","slug":"bulion-kostki-warzywne-bez-dodatku-cukrow-bio-8-x-105-g-84-g-natur-compagnie","status":"publish","type":"product","link":"https:\/\/wiejskieprzysmaki.estima.site\/en\/product\/bulion-kostki-warzywne-bez-dodatku-cukrow-bio-8-x-105-g-84-g-natur-compagnie\/","title":{"rendered":"BULION &#8211; KOSTKI WARZYWNE BEZ DODATKU CUKR\u00d3W BIO (8 x 10,5 g) 84 g &#8211; NATUR COMPAGNIE"},"content":{"rendered":"<p>SK\u0141ADNIKI <br \/>s\u00f3l morska, skrobia kukurydziana*, t\u0142uszcz shea*, ekstrakt dro\u017cd\u017cowy, olej s\u0142onecznikowy*, cebula* (0,5 %), marchew* (0,5 %), pietruszka*, kurkuma*. (*certyfikowany sk\u0142adnik ekologiczny)<\/p>\n<p>OPIS <br \/>Nasz klasyczny bulion warzywny \u2013 uniwersalny, na 4 litry.<br \/>Bez cukru, bez oleju palmowego, wega\u0144ski, wegetaria\u0144ski.<\/p>\n<p>SPOS\u00d3B PRZYGOTOWANIA<br \/>1 kostk\u0119 rozpu\u015bci\u0107 w 1\/2 litra wrz\u0105cej wody lub doda\u0107 podczas gotowania. Idealny do aromatyzowania i uszlachetniania warzyw, zup, sos\u00f3w i wielu innych potraw.<\/p>\n<p>WARTO\u015a\u0106 OD\u017bYWCZA W 100 ml<br \/>Warto\u015b\u0107 energetyczna: 27 kJ\/6 kcal <br \/>T\u0142uszcz: 0,4 g<br \/>w tym kwasy t\u0142uszczowe nasycone: 0,2 g<br \/>W\u0119glowodany: 0,6 g<br \/>w tym cukry: 0 g<br \/>Bia\u0142ko: 0 g<br \/>S\u00f3l: 0,93 g<\/p>\n<p>INFORMACJA ALERGENNA<br \/>Mo\u017ce zawiera\u0107 MLEKO, ZBO\u017bA ZAWIERAJ\u0104CE GLUTEN, SOJ\u0118, GORCZYC\u0118, SELER, jaja<\/p>\n<p>ZALECANE WARUNKI PRZECHOWYWANIA<br \/>Przechowywa\u0107 w suchym i ch\u0142odnym miejscu. <\/p>","protected":false},"excerpt":{"rendered":"<p>SK\u0141ADNIKI s\u00f3l morska, skrobia kukurydziana*, t\u0142uszcz shea*, ekstrakt dro\u017cd\u017cowy, olej s\u0142onecznikowy*, cebula* (0,5 %), marchew* (0,5 %), pietruszka*, kurkuma*. (*certyfikowany sk\u0142adnik ekologiczny) OPIS Nasz klasyczny bulion warzywny \u2013 uniwersalny, na 4 litry.Bez cukru, bez oleju palmowego, wega\u0144ski, wegetaria\u0144ski. SPOS\u00d3B PRZYGOTOWANIA1 kostk\u0119 rozpu\u015bci\u0107 w 1\/2 litra wrz\u0105cej wody lub doda\u0107 podczas gotowania. Idealny do aromatyzowania i [&hellip;]<\/p>","protected":false},"featured_media":4472,"comment_status":"closed","ping_status":"open","template":"","meta":{"_acf_changed":false},"product_brand":[],"product_cat":[229],"product_tag":[],"class_list":{"0":"post-4471","1":"product","2":"type-product","3":"status-publish","4":"has-post-thumbnail","6":"product_cat-przyprawy-i-ziola","7":"pa_ean-matka-3703","8":"pa_gwarancja-przydatnosci-311","9":"pa_ilosc-w-opakowaniu-374","10":"pa_jednostka-podstawowa-szt","11":"pa_kod-cn-2104-10-00","12":"pa_kraj-pochodzenia-skladnikow-turcja","13":"pa_masa-netto-224","14":"pa_objetosc-brutto-703","15":"pa_producent-natur-compagnie-buliony-kostki-rosolowe","16":"pa_producent-nazwa-adres-heirler-cenovis-gmbh-schutzenstrasse-24-78315-radolfzell","17":"pa_tagi-bez-cukru-w-skladnikach","18":"pa_tagi-bez-glutenu-w-skladnikach","19":"pa_tagi-certyfikat-bio","20":"pa_tagi-weganski","21":"pa_tagi-wegetarianski","23":"first","24":"instock","25":"taxable","26":"shipping-taxable","27":"purchasable","28":"product-type-simple"},"acf":[],"_links":{"self":[{"href":"https:\/\/wiejskieprzysmaki.estima.site\/en\/wp-json\/wp\/v2\/product\/4471","targetHints":{"allow":["GET"]}}],"collection":[{"href":"https:\/\/wiejskieprzysmaki.estima.site\/en\/wp-json\/wp\/v2\/product"}],"about":[{"href":"https:\/\/wiejskieprzysmaki.estima.site\/en\/wp-json\/wp\/v2\/types\/product"}],"replies":[{"embeddable":true,"href":"https:\/\/wiejskieprzysmaki.estima.site\/en\/wp-json\/wp\/v2\/comments?post=4471"}],"wp:featuredmedia":[{"embeddable":true,"href":"https:\/\/wiejskieprzysmaki.estima.site\/en\/wp-json\/wp\/v2\/media\/4472"}],"wp:attachment":[{"href":"https:\/\/wiejskieprzysmaki.estima.site\/en\/wp-json\/wp\/v2\/media?parent=4471"}],"wp:term":[{"taxonomy":"product_brand","embeddable":true,"href":"https:\/\/wiejskieprzysmaki.estima.site\/en\/wp-json\/wp\/v2\/product_brand?post=4471"},{"taxonomy":"product_cat","embeddable":true,"href":"https:\/\/wiejskieprzysmaki.estima.site\/en\/wp-json\/wp\/v2\/product_cat?post=4471"},{"taxonomy":"product_tag","embeddable":true,"href":"https:\/\/wiejskieprzysmaki.estima.site\/en\/wp-json\/wp\/v2\/product_tag?post=4471"}],"curies":[{"name":"wp","href":"https:\/\/api.w.org\/{rel}","templated":true}]}}