{"id":4489,"date":"2025-02-18T10:58:54","date_gmt":"2025-02-18T09:58:54","guid":{"rendered":"https:\/\/wiejskieprzysmaki.estima.site\/produkt\/kaszka-5-zboz-bez-dodatku-cukrow-bio-200-g-helpa\/"},"modified":"2025-02-18T10:59:03","modified_gmt":"2025-02-18T09:59:03","slug":"kaszka-5-zboz-bez-dodatku-cukrow-bio-200-g-helpa","status":"publish","type":"product","link":"https:\/\/wiejskieprzysmaki.estima.site\/en\/product\/kaszka-5-zboz-bez-dodatku-cukrow-bio-200-g-helpa\/","title":{"rendered":"KASZKA 5 ZB\u00d3\u017b BEZ DODATKU CUKR\u00d3W BIO 200 g &#8211; HELPA"},"content":{"rendered":"<p>SK\u0141ADNIKI<br \/>kasza gryczana* (20 %), kasza jaglana* (20 %), pe\u0142noziarnista kaszka manna z PSZENICY ORKISZ* (20 %),kaszka OWSIANA* (20 %), kaszka \u017bYTNIA* (20 %)  (*certyfikowany sk\u0142adnik ekologiczny)<\/p>\n<p>OPIS<br \/>Bio Kaszka 5 Zb\u00f3\u017c to po\u0142\u0105czenie ORKISZU, owsa, prosa, gryki i \u017cyta. To \u017ar\u00f3d\u0142o w\u0119glowodan\u00f3w, bia\u0142ka, korzystnych kwas\u00f3w t\u0142uszczowych, witamin m.in. z grupy B, a tak\u017ce sk\u0142adnik\u00f3w mineralnych. Dzi\u0119ki takiej kompozycji zb\u00f3\u017c kaszka jest naprawd\u0119 po\u017cywna. Sprawdzi si\u0119 jako posi\u0142ek dla ca\u0142ej rodziny.<br \/>Odkryj Kaszki HELPA &#8211; smaczne i szybkie w przygotowaniu kaszki zbo\u017cowe, kt\u00f3re ugotujesz w zaledwie 2-3 minuty. Nasze kaszki to produkty dla ca\u0142ej rodziny. Nie s\u0105 produktem specjalnego przeznaczenia \u017cywieniowego. <br \/>Co wyr\u00f3\u017cnia kaszki HELPA?<br \/>&#8211; 100% naturalne<br \/>&#8211; brak dodatku cukru                                                                                              <br \/>&#8211; prosty sk\u0142ad<br \/>&#8211; szybki i prosty spos\u00f3b przygotowania<br \/>Kaszki HELPA to propozycja dla wszystkich, kt\u00f3rzy ceni\u0105 sobie naturalno\u015b\u0107 i praktyczno\u015b\u0107 w kuchni. Dzi\u0119ki nim ka\u017cdy z nas mo\u017ce w kilka minut wyczarowa\u0107 posi\u0142ek pe\u0142en warto\u015bci od\u017cywczych i smaku.<\/p>\n<p>SPOS\u00d3B PRZYGOTOWANIA  <br \/>Przygotuj w naczyniu do gotowania 200 ml wody lub MLEKA. Wsyp powoli dwie \u0142y\u017cki kaszki czary mamy. Doprowad\u017a do wrzenia ca\u0142y czas mieszaj\u0105\u0107 do uzyskania jednolitej konsystencji i gotuj 2-3 minuty.<\/p>\n<p>WARTO\u015a\u0106 OD\u017bYWCZA W 100 g  <br \/>Warto\u015b\u0107 energetyczna: 1382 kJ \/ 351 kcal  <br \/>T\u0142uszcz: 3,4 g  <br \/>w tym kwasy t\u0142uszczowe nasycone: 0,6 g  <br \/>W\u0119glowodany: 63 g  <br \/>w tym cukry: 2,9 g  <br \/>B\u0142onnik: 9,3 g  <br \/>Bia\u0142ko: 12 g  <br \/>S\u00f3l: 0,01 g<\/p>\n<p>ZALECANE WARUNKI PRZECHOWYWANIA<br \/>Przechowywa\u0107 w szczelnie zamkni\u0119tym, oryginalnym opakowaniu w suchym i ch\u0142odnym miejscu.<\/p>","protected":false},"excerpt":{"rendered":"<p>SK\u0141ADNIKIkasza gryczana* (20 %), kasza jaglana* (20 %), pe\u0142noziarnista kaszka manna z PSZENICY ORKISZ* (20 %),kaszka OWSIANA* (20 %), kaszka \u017bYTNIA* (20 %) (*certyfikowany sk\u0142adnik ekologiczny) OPISBio Kaszka 5 Zb\u00f3\u017c to po\u0142\u0105czenie ORKISZU, owsa, prosa, gryki i \u017cyta. To \u017ar\u00f3d\u0142o w\u0119glowodan\u00f3w, bia\u0142ka, korzystnych kwas\u00f3w t\u0142uszczowych, witamin m.in. z grupy B, a tak\u017ce sk\u0142adnik\u00f3w mineralnych. Dzi\u0119ki [&hellip;]<\/p>","protected":false},"featured_media":4490,"comment_status":"closed","ping_status":"open","template":"","meta":{"_acf_changed":false},"product_brand":[],"product_cat":[1987,265],"product_tag":[],"class_list":{"0":"post-4489","1":"product","2":"type-product","3":"status-publish","4":"has-post-thumbnail","6":"product_cat-kaszki","7":"product_cat-sniadaniowe","8":"pa_ean-matka-3717","9":"pa_gwarancja-przydatnosci-324","10":"pa_ilosc-w-opakowaniu-392","11":"pa_jednostka-podstawowa-szt","12":"pa_kod-cn-1103-11-90","13":"pa_masa-netto-354","14":"pa_objetosc-brutto-523","15":"pa_producent-helpa-kaszki","16":"pa_producent-nazwa-adres-helpa-spolka-z-ograniczona-odpowiedzialnoscia-spolka-komandytowa-zabia-40-05-504-henrykow-urocze","17":"pa_tagi-bez-cukru-w-skladnikach","18":"pa_tagi-certyfikat-bio","19":"pa_tagi-weganski","20":"pa_tagi-wegetarianski","22":"first","23":"instock","24":"taxable","25":"shipping-taxable","26":"purchasable","27":"product-type-simple"},"acf":[],"_links":{"self":[{"href":"https:\/\/wiejskieprzysmaki.estima.site\/en\/wp-json\/wp\/v2\/product\/4489","targetHints":{"allow":["GET"]}}],"collection":[{"href":"https:\/\/wiejskieprzysmaki.estima.site\/en\/wp-json\/wp\/v2\/product"}],"about":[{"href":"https:\/\/wiejskieprzysmaki.estima.site\/en\/wp-json\/wp\/v2\/types\/product"}],"replies":[{"embeddable":true,"href":"https:\/\/wiejskieprzysmaki.estima.site\/en\/wp-json\/wp\/v2\/comments?post=4489"}],"wp:featuredmedia":[{"embeddable":true,"href":"https:\/\/wiejskieprzysmaki.estima.site\/en\/wp-json\/wp\/v2\/media\/4490"}],"wp:attachment":[{"href":"https:\/\/wiejskieprzysmaki.estima.site\/en\/wp-json\/wp\/v2\/media?parent=4489"}],"wp:term":[{"taxonomy":"product_brand","embeddable":true,"href":"https:\/\/wiejskieprzysmaki.estima.site\/en\/wp-json\/wp\/v2\/product_brand?post=4489"},{"taxonomy":"product_cat","embeddable":true,"href":"https:\/\/wiejskieprzysmaki.estima.site\/en\/wp-json\/wp\/v2\/product_cat?post=4489"},{"taxonomy":"product_tag","embeddable":true,"href":"https:\/\/wiejskieprzysmaki.estima.site\/en\/wp-json\/wp\/v2\/product_tag?post=4489"}],"curies":[{"name":"wp","href":"https:\/\/api.w.org\/{rel}","templated":true}]}}