{"id":4493,"date":"2025-02-18T10:58:54","date_gmt":"2025-02-18T09:58:54","guid":{"rendered":"https:\/\/wiejskieprzysmaki.estima.site\/produkt\/kaszka-jaglano-gryczana-z-amarantusem-bez-dodatku-cukrow-bio-200-g-helpa\/"},"modified":"2025-02-18T10:59:06","modified_gmt":"2025-02-18T09:59:06","slug":"kaszka-jaglano-gryczana-z-amarantusem-bez-dodatku-cukrow-bio-200-g-helpa","status":"publish","type":"product","link":"https:\/\/wiejskieprzysmaki.estima.site\/en\/product\/kaszka-jaglano-gryczana-z-amarantusem-bez-dodatku-cukrow-bio-200-g-helpa\/","title":{"rendered":"KASZKA JAGLANO &#8211; GRYCZANA Z AMARANTUSEM BEZ DODATKU CUKR\u00d3W BIO 200 g &#8211; HELPA"},"content":{"rendered":"<p>SK\u0141ADNIKI  <br \/>kaszka jaglana * (40 %), kaszka gryczana* (30 %), kaszka z amarantusa* (30 %) (*certyfikowany sk\u0142adnik ekologiczny)<\/p>\n<p>OPIS<br \/>Bio Kaszka Jaglano &#8211; Gryczana z Amarantusem to po\u0142\u0105czenie delikatnego prosa, wyrazistej gryki oraz amarantusa. Ta kaszka to \u017ar\u00f3d\u0142o w\u0119glowodan\u00f3w, bia\u0142ka oraz sk\u0142adnik\u00f3w mineralnych, takich jak \u017celazo, magnez i wap\u0144.<br \/>Odkryj Kaszki HELPA &#8211; smaczne i szybkie w przygotowaniu kaszki zbo\u017cowe, kt\u00f3re ugotujesz w zaledwie 2-3 minuty. Nasze kaszki to produkty dla ca\u0142ej rodziny. Nie s\u0105 produktem specjalnego przeznaczenia \u017cywieniowego. <br \/>Co wyr\u00f3\u017cnia kaszki HELPA?<br \/>&#8211; 100% naturalne<br \/>&#8211; brak dodatku cukru                                                                                              <br \/>&#8211; prosty sk\u0142ad<br \/>&#8211; szybki i prosty spos\u00f3b przygotowania<br \/>Kaszki HELPA to propozycja dla wszystkich, kt\u00f3rzy ceni\u0105 sobie naturalno\u015b\u0107 i praktyczno\u015b\u0107 w kuchni. Dzi\u0119ki nim, ka\u017cdy z nas mo\u017ce w kilka minut wyczarowa\u0107 posi\u0142ek pe\u0142en warto\u015bci od\u017cywczych i smaku.<\/p>\n<p>SPOS\u00d3B PRZYGOTOWANIA  <br \/>Przygotuj w naczyniu do gotowania 200 ml wody lub MLEKA. Wsyp powoli dwie \u0142y\u017cki kaszki czary mamy. Doprowad\u017a do wrzenia ca\u0142y czas mieszaj\u0105\u0107 do uzyskania jednolitej konsystencji i gotuj 2-3 minuty.<\/p>\n<p>WARTO\u015a\u0106 OD\u017bYWCZA W 100 g<br \/>Warto\u015b\u0107 energetyczna: 1530  kJ \/ 364 kcal  <br \/>T\u0142uszcz: 4,1 g  <br \/>w tym kwasy t\u0142uszczowe nasycone: 0,9 g  <br \/>W\u0119glowodany: 65 g  <br \/>w tym cukry: 1,0 g  <br \/>B\u0142onnik: 8,6 g  <br \/>Bia\u0142ko: 13 g  <br \/>S\u00f3l: 0,0 g<\/p>\n<p>INFORMACJA ALERGENNA<br \/>Mo\u017ce zawiera\u0107 pszenic\u0119 (orkisz, P\u0141ASKURKA, samopsza), \u017bYTO, J\u0118CZMIE\u0143, owies.<\/p>\n<p>ZALECANE WARUNKI PRZECHOWYWANIA<br \/>Przechowywa\u0107 w szczelnie zamkni\u0119tym, oryginalnym opakowaniu w suchym i ch\u0142odnym miejscu.<\/p>","protected":false},"excerpt":{"rendered":"<p>SK\u0141ADNIKI kaszka jaglana * (40 %), kaszka gryczana* (30 %), kaszka z amarantusa* (30 %) (*certyfikowany sk\u0142adnik ekologiczny) OPISBio Kaszka Jaglano &#8211; Gryczana z Amarantusem to po\u0142\u0105czenie delikatnego prosa, wyrazistej gryki oraz amarantusa. Ta kaszka to \u017ar\u00f3d\u0142o w\u0119glowodan\u00f3w, bia\u0142ka oraz sk\u0142adnik\u00f3w mineralnych, takich jak \u017celazo, magnez i wap\u0144.Odkryj Kaszki HELPA &#8211; smaczne i szybkie w [&hellip;]<\/p>","protected":false},"featured_media":4494,"comment_status":"closed","ping_status":"open","template":"","meta":{"_acf_changed":false},"product_brand":[],"product_cat":[1987,265],"product_tag":[],"class_list":{"0":"post-4493","1":"product","2":"type-product","3":"status-publish","4":"has-post-thumbnail","6":"product_cat-kaszki","7":"product_cat-sniadaniowe","8":"pa_ean-matka-3719","9":"pa_gwarancja-przydatnosci-535","10":"pa_ilosc-w-opakowaniu-392","11":"pa_jednostka-podstawowa-szt","12":"pa_kod-cn-1103-19-90","13":"pa_masa-netto-354","14":"pa_objetosc-brutto-523","15":"pa_producent-helpa-kaszki","16":"pa_producent-nazwa-adres-helpa-spolka-z-ograniczona-odpowiedzialnoscia-spolka-komandytowa-zabia-40-05-504-henrykow-urocze","17":"pa_tagi-bez-cukru-w-skladnikach","18":"pa_tagi-bez-glutenu-w-skladnikach","19":"pa_tagi-certyfikat-bio","20":"pa_tagi-weganski","21":"pa_tagi-wegetarianski","23":"first","24":"instock","25":"taxable","26":"shipping-taxable","27":"purchasable","28":"product-type-simple"},"acf":[],"_links":{"self":[{"href":"https:\/\/wiejskieprzysmaki.estima.site\/en\/wp-json\/wp\/v2\/product\/4493","targetHints":{"allow":["GET"]}}],"collection":[{"href":"https:\/\/wiejskieprzysmaki.estima.site\/en\/wp-json\/wp\/v2\/product"}],"about":[{"href":"https:\/\/wiejskieprzysmaki.estima.site\/en\/wp-json\/wp\/v2\/types\/product"}],"replies":[{"embeddable":true,"href":"https:\/\/wiejskieprzysmaki.estima.site\/en\/wp-json\/wp\/v2\/comments?post=4493"}],"wp:featuredmedia":[{"embeddable":true,"href":"https:\/\/wiejskieprzysmaki.estima.site\/en\/wp-json\/wp\/v2\/media\/4494"}],"wp:attachment":[{"href":"https:\/\/wiejskieprzysmaki.estima.site\/en\/wp-json\/wp\/v2\/media?parent=4493"}],"wp:term":[{"taxonomy":"product_brand","embeddable":true,"href":"https:\/\/wiejskieprzysmaki.estima.site\/en\/wp-json\/wp\/v2\/product_brand?post=4493"},{"taxonomy":"product_cat","embeddable":true,"href":"https:\/\/wiejskieprzysmaki.estima.site\/en\/wp-json\/wp\/v2\/product_cat?post=4493"},{"taxonomy":"product_tag","embeddable":true,"href":"https:\/\/wiejskieprzysmaki.estima.site\/en\/wp-json\/wp\/v2\/product_tag?post=4493"}],"curies":[{"name":"wp","href":"https:\/\/api.w.org\/{rel}","templated":true}]}}