{"id":4509,"date":"2025-02-18T10:59:21","date_gmt":"2025-02-18T09:59:21","guid":{"rendered":"https:\/\/wiejskieprzysmaki.estima.site\/produkt\/kapusta-kiszona-z-marchewka-bio-450-g-satyrz\/"},"modified":"2025-02-18T10:59:29","modified_gmt":"2025-02-18T09:59:29","slug":"kapusta-kiszona-z-marchewka-bio-450-g-satyrz","status":"publish","type":"product","link":"https:\/\/wiejskieprzysmaki.estima.site\/en\/product\/kapusta-kiszona-z-marchewka-bio-450-g-satyrz\/","title":{"rendered":"KAPUSTA KISZONA Z MARCHEWK\u0104 BIO 450 g  &#8211; S\u0104TYRZ"},"content":{"rendered":"<p>SK\u0141ADNIKI<br \/>kapusta bia\u0142a*, marchew*, s\u00f3l kamienna niejodowana. (*certyfikowany sk\u0142adnik ekologiczny)<\/p>\n<p>OPIS<br \/>Produkt niepasteryzowany.<\/p>\n<p>WARTO\u015a\u0106 OD\u017bYWCZA W 100 g<br \/>Warto\u015b\u0107 energetyczna: 71 kJ\/17 kcal  <br \/>T\u0142uszcz: 0,2 g  <br \/>w tym kwasy t\u0142uszczowe nasycone: <0,06 g  <br \/>W\u0119glowodany: 2,3 g  <br \/>w tym cukry: 2,0 g  <br \/>Bia\u0142ko: 0,9 g  <br \/>S\u00f3l: 0,8 g<\/p>\n<p>UWAGA<br \/>Wybrzuszone wieczko nie wp\u0142ywa na jako\u015b\u0107 produktu jest naturalnym efektem kiszenia. Nie wstrz\u0105sa\u0107, otwiera\u0107 powoli.  <\/p>\n<p>ZALECANE WARUNKI PRZECHOWYWANIA<br \/>Przechowywa\u0107 w temperaturze od +4 do +8\u00b0C. Po otwarciu spo\u017cy\u0107 w ci\u0105gu 3 dni.<\/p>","protected":false},"excerpt":{"rendered":"<p>SK\u0141ADNIKIkapusta bia\u0142a*, marchew*, s\u00f3l kamienna niejodowana. (*certyfikowany sk\u0142adnik ekologiczny) OPISProdukt niepasteryzowany. WARTO\u015a\u0106 OD\u017bYWCZA W 100 gWarto\u015b\u0107 energetyczna: 71 kJ\/17 kcal T\u0142uszcz: 0,2 g w tym kwasy t\u0142uszczowe nasycone:<\/p>","protected":false},"featured_media":4510,"comment_status":"closed","ping_status":"open","template":"","meta":{"_acf_changed":false},"product_brand":[],"product_cat":[274,1117],"product_tag":[],"class_list":{"0":"post-4509","1":"product","2":"type-product","3":"status-publish","4":"has-post-thumbnail","6":"product_cat-lodowka-inne","7":"product_cat-warzywa-i-owoce-przetworzone","8":"pa_ean-matka-3729","9":"pa_gwarancja-przydatnosci-324","10":"pa_ilosc-w-opakowaniu-298","11":"pa_jednostka-podstawowa-szt","12":"pa_kod-cn-2005-99-50","13":"pa_kraj-pochodzenia-skladnikow-polska","14":"pa_masa-netto-300","15":"pa_objetosc-brutto-1704","16":"pa_producent-satyrz-warzywa-kiszone","17":"pa_producent-nazwa-adres-gospodarstwo-ekologiczne-satyrz-piotr-woznicki-satyrz-pierwszy-6-73-120-chociwel","18":"pa_tagi-bez-cukru-w-skladnikach","19":"pa_tagi-bez-glutenu-w-skladnikach","20":"pa_tagi-certyfikat-bio","21":"pa_tagi-weganski","22":"pa_tagi-wegetarianski","24":"first","25":"instock","26":"taxable","27":"shipping-taxable","28":"purchasable","29":"product-type-simple"},"acf":[],"_links":{"self":[{"href":"https:\/\/wiejskieprzysmaki.estima.site\/en\/wp-json\/wp\/v2\/product\/4509","targetHints":{"allow":["GET"]}}],"collection":[{"href":"https:\/\/wiejskieprzysmaki.estima.site\/en\/wp-json\/wp\/v2\/product"}],"about":[{"href":"https:\/\/wiejskieprzysmaki.estima.site\/en\/wp-json\/wp\/v2\/types\/product"}],"replies":[{"embeddable":true,"href":"https:\/\/wiejskieprzysmaki.estima.site\/en\/wp-json\/wp\/v2\/comments?post=4509"}],"wp:featuredmedia":[{"embeddable":true,"href":"https:\/\/wiejskieprzysmaki.estima.site\/en\/wp-json\/wp\/v2\/media\/4510"}],"wp:attachment":[{"href":"https:\/\/wiejskieprzysmaki.estima.site\/en\/wp-json\/wp\/v2\/media?parent=4509"}],"wp:term":[{"taxonomy":"product_brand","embeddable":true,"href":"https:\/\/wiejskieprzysmaki.estima.site\/en\/wp-json\/wp\/v2\/product_brand?post=4509"},{"taxonomy":"product_cat","embeddable":true,"href":"https:\/\/wiejskieprzysmaki.estima.site\/en\/wp-json\/wp\/v2\/product_cat?post=4509"},{"taxonomy":"product_tag","embeddable":true,"href":"https:\/\/wiejskieprzysmaki.estima.site\/en\/wp-json\/wp\/v2\/product_tag?post=4509"}],"curies":[{"name":"wp","href":"https:\/\/api.w.org\/{rel}","templated":true}]}}