{"id":4515,"date":"2025-02-18T10:59:21","date_gmt":"2025-02-18T09:59:21","guid":{"rendered":"https:\/\/wiejskieprzysmaki.estima.site\/produkt\/czekolada-do-picia-hot-winter-fair-trade-bezglutenowa-bio-250-g-becks-cocoa\/"},"modified":"2025-02-18T10:59:31","modified_gmt":"2025-02-18T09:59:31","slug":"czekolada-do-picia-hot-winter-fair-trade-bezglutenowa-bio-250-g-becks-cocoa","status":"publish","type":"product","link":"https:\/\/wiejskieprzysmaki.estima.site\/en\/product\/czekolada-do-picia-hot-winter-fair-trade-bezglutenowa-bio-250-g-becks-cocoa\/","title":{"rendered":"CZEKOLADA DO PICIA HOT WINTER FAIR TRADE BEZGLUTENOWA BIO 250 g &#8211; BECKS COCOA"},"content":{"rendered":"<p>SK\u0141ADNIKI<br \/>kakao* 50 %, surowy cukier trzcinowy*, s\u00f3l morska, cynamon*, kwiat muszkato\u0142owy*, go\u017adziki*, ziele angielskie*, ga\u0142ka muszkato\u0142owa*, kardamon*, imbir*, pieprz cayenne*. (*sk\u0142adniki ekologiczne)<\/p>\n<p>OPIS<br \/>Zimowe przyprawy zawarte w tej czekoladzie wprowadz\u0105 Ci\u0119 w magiczn\u0105 atmosfer\u0119 \u015bwi\u0105t, rozprzestrzeniaj\u0105c wok\u00f3\u0142 ciep\u0142o i rado\u015b\u0107. Korzenny aromat cynamonu, go\u017adzik\u00f3w i innych klasycznych przypraw \u015bwi\u0105tecznych doskonale wsp\u00f3\u0142gra z bogatym smakiem czekolady, tworz\u0105c harmonijn\u0105 kompozycj\u0119, kt\u00f3ra otula zmys\u0142y. Ka\u017cdy \u0142yk to przypomnienie o wyj\u0105tkowych chwilach, kt\u00f3re sp\u0119dzamy w gronie najbli\u017cszych, pe\u0142nych zapach\u00f3w i smak\u00f3w, kt\u00f3re kojarz\u0105 si\u0119 z zimow\u0105, \u015bwi\u0105teczn\u0105 magi\u0105.<\/p>\n<p>SPOS\u00d3B PRZYGOTOWANIA <br \/>2 czubate \u0142y\u017ceczki proszku zala\u0107 250 ml spienionego MLEKA (78 \u00b0C), dobrze wymiesza\u0107. Nie podawa\u0107 z wod\u0105. <br \/>Mo\u017cna zamiast MLEKA u\u017cy\u0107 napoju sojowego lub migda\u0142owego. <\/p>\n<p>WARTO\u015a\u0106 OD\u017bYWCZA W 100 g<br \/>Warto\u015b\u0107 energetyczna: 1585 kJ\/378 kcal <br \/>T\u0142uszcz: 11 g <br \/>w tym kwasy t\u0142uszczowe nasycone: 6,4 g <br \/>W\u0119glowodany: 53 g <br \/>w tym cukry: 48 g <br \/>Bia\u0142ko: 9,9 g <br \/>S\u00f3l: 0,77 g <\/p>\n<p>ZALECANE WARUNKI PRZECHOWYWANIA<br \/>Przechowywa\u0107 w suchym i ch\u0142odnym miejscu. <\/p>","protected":false},"excerpt":{"rendered":"<p>SK\u0141ADNIKIkakao* 50 %, surowy cukier trzcinowy*, s\u00f3l morska, cynamon*, kwiat muszkato\u0142owy*, go\u017adziki*, ziele angielskie*, ga\u0142ka muszkato\u0142owa*, kardamon*, imbir*, pieprz cayenne*. (*sk\u0142adniki ekologiczne) OPISZimowe przyprawy zawarte w tej czekoladzie wprowadz\u0105 Ci\u0119 w magiczn\u0105 atmosfer\u0119 \u015bwi\u0105t, rozprzestrzeniaj\u0105c wok\u00f3\u0142 ciep\u0142o i rado\u015b\u0107. Korzenny aromat cynamonu, go\u017adzik\u00f3w i innych klasycznych przypraw \u015bwi\u0105tecznych doskonale wsp\u00f3\u0142gra z bogatym smakiem czekolady, tworz\u0105c [&hellip;]<\/p>","protected":false},"featured_media":4516,"comment_status":"closed","ping_status":"open","template":"","meta":{"_acf_changed":false},"product_brand":[],"product_cat":[2494,897],"product_tag":[],"class_list":{"0":"post-4515","1":"product","2":"type-product","3":"status-publish","4":"has-post-thumbnail","6":"product_cat-czekolady-do-picia","7":"product_cat-kawa-i-kakao","8":"pa_ean-matka-3736","9":"pa_gwarancja-przydatnosci-762","10":"pa_ilosc-w-opakowaniu-331","11":"pa_jednostka-podstawowa-szt","12":"pa_kod-cn-1806-10-15","13":"pa_kraj-pochodzenia-skladnikow-turcja","14":"pa_masa-netto-480","15":"pa_objetosc-brutto-3733","16":"pa_producent-becks-cocoa-kakao-czekolady-do-picia-na-goraco","17":"pa_producent-nazwa-adres-pit-suswaren-und-nahrmittelfabrik-hoffmann-gmbh-co-kg-reichenbergerstrase-36-83071-stephanskirchen","18":"pa_tagi-bez-glutenu-deklaracja","19":"pa_tagi-bez-glutenu-w-skladnikach","20":"pa_tagi-certyfikat-bio","21":"pa_tagi-weganski","22":"pa_tagi-wegetarianski","24":"first","25":"instock","26":"taxable","27":"shipping-taxable","28":"purchasable","29":"product-type-simple"},"acf":[],"_links":{"self":[{"href":"https:\/\/wiejskieprzysmaki.estima.site\/en\/wp-json\/wp\/v2\/product\/4515","targetHints":{"allow":["GET"]}}],"collection":[{"href":"https:\/\/wiejskieprzysmaki.estima.site\/en\/wp-json\/wp\/v2\/product"}],"about":[{"href":"https:\/\/wiejskieprzysmaki.estima.site\/en\/wp-json\/wp\/v2\/types\/product"}],"replies":[{"embeddable":true,"href":"https:\/\/wiejskieprzysmaki.estima.site\/en\/wp-json\/wp\/v2\/comments?post=4515"}],"wp:featuredmedia":[{"embeddable":true,"href":"https:\/\/wiejskieprzysmaki.estima.site\/en\/wp-json\/wp\/v2\/media\/4516"}],"wp:attachment":[{"href":"https:\/\/wiejskieprzysmaki.estima.site\/en\/wp-json\/wp\/v2\/media?parent=4515"}],"wp:term":[{"taxonomy":"product_brand","embeddable":true,"href":"https:\/\/wiejskieprzysmaki.estima.site\/en\/wp-json\/wp\/v2\/product_brand?post=4515"},{"taxonomy":"product_cat","embeddable":true,"href":"https:\/\/wiejskieprzysmaki.estima.site\/en\/wp-json\/wp\/v2\/product_cat?post=4515"},{"taxonomy":"product_tag","embeddable":true,"href":"https:\/\/wiejskieprzysmaki.estima.site\/en\/wp-json\/wp\/v2\/product_tag?post=4515"}],"curies":[{"name":"wp","href":"https:\/\/api.w.org\/{rel}","templated":true}]}}