{"id":4531,"date":"2025-02-18T10:59:21","date_gmt":"2025-02-18T09:59:21","guid":{"rendered":"https:\/\/wiejskieprzysmaki.estima.site\/produkt\/curry-lagodne-bio-50-g-lebensbaum\/"},"modified":"2025-02-18T10:59:37","modified_gmt":"2025-02-18T09:59:37","slug":"curry-lagodne-bio-50-g-lebensbaum","status":"publish","type":"product","link":"https:\/\/wiejskieprzysmaki.estima.site\/en\/product\/curry-lagodne-bio-50-g-lebensbaum\/","title":{"rendered":"CURRY \u0141AGODNE BIO 50 g &#8211; LEBENSBAUM"},"content":{"rendered":"<p>SK\u0141ADNIKI<br \/>kurkuma*, GORCZYCA*, kolendra*, kozieradka*, kumin*, kminek*, cebula*, pieprz*, lubczyk*, chili*  (*certyfikowany sk\u0142adnik ekologiczny)<\/p>\n<p>OPIS<br \/>Przyprawa do da\u0144 z ry\u017cu, mi\u0119snych oraz jako dodatek do sos\u00f3w. <br \/>Idealnie nadaje si\u0119 r\u00f3wnie\u017c do przyprawiania potraw rybych oraz sa\u0142atek.<\/p>\n<p>INFORMACJA ALERGENNA<br \/>Mo\u017ce zawiera\u0107 SELER<\/p>\n<p>ZALECANE WARUNKI PRZECHOWYWANIA<br \/>Przechowywa\u0107 w suchym miejscu  <\/p>","protected":false},"excerpt":{"rendered":"<p>SK\u0141ADNIKIkurkuma*, GORCZYCA*, kolendra*, kozieradka*, kumin*, kminek*, cebula*, pieprz*, lubczyk*, chili* (*certyfikowany sk\u0142adnik ekologiczny) OPISPrzyprawa do da\u0144 z ry\u017cu, mi\u0119snych oraz jako dodatek do sos\u00f3w. Idealnie nadaje si\u0119 r\u00f3wnie\u017c do przyprawiania potraw rybych oraz sa\u0142atek. INFORMACJA ALERGENNAMo\u017ce zawiera\u0107 SELER ZALECANE WARUNKI PRZECHOWYWANIAPrzechowywa\u0107 w suchym miejscu<\/p>","protected":false},"featured_media":4532,"comment_status":"closed","ping_status":"open","template":"","meta":{"_acf_changed":false},"product_brand":[],"product_cat":[1052,229],"product_tag":[],"class_list":{"0":"post-4531","1":"product","2":"type-product","3":"status-publish","4":"has-post-thumbnail","6":"product_cat-mieszanki-przyprawy-i-ziola","7":"product_cat-przyprawy-i-ziola","8":"pa_ean-matka-3745","9":"pa_gwarancja-przydatnosci-522","10":"pa_ilosc-w-opakowaniu-298","11":"pa_jednostka-podstawowa-szt","12":"pa_kod-cn-0910-91-05","13":"pa_kraj-pochodzenia-skladnikow-egipt","14":"pa_masa-netto-461","15":"pa_objetosc-brutto-1032","16":"pa_producent-lebensbaum-przyprawy-herbaty-kawy","17":"pa_producent-nazwa-adres-ulrich-walter-gmbh-dr-jurgen-ulderup-strase-12-49356-diepholz","18":"pa_tagi-bez-cukru-w-skladnikach","19":"pa_tagi-bez-glutenu-w-skladnikach","20":"pa_tagi-certyfikat-bio","21":"pa_tagi-weganski","22":"pa_tagi-wegetarianski","24":"first","25":"instock","26":"taxable","27":"shipping-taxable","28":"purchasable","29":"product-type-simple"},"acf":[],"_links":{"self":[{"href":"https:\/\/wiejskieprzysmaki.estima.site\/en\/wp-json\/wp\/v2\/product\/4531","targetHints":{"allow":["GET"]}}],"collection":[{"href":"https:\/\/wiejskieprzysmaki.estima.site\/en\/wp-json\/wp\/v2\/product"}],"about":[{"href":"https:\/\/wiejskieprzysmaki.estima.site\/en\/wp-json\/wp\/v2\/types\/product"}],"replies":[{"embeddable":true,"href":"https:\/\/wiejskieprzysmaki.estima.site\/en\/wp-json\/wp\/v2\/comments?post=4531"}],"wp:featuredmedia":[{"embeddable":true,"href":"https:\/\/wiejskieprzysmaki.estima.site\/en\/wp-json\/wp\/v2\/media\/4532"}],"wp:attachment":[{"href":"https:\/\/wiejskieprzysmaki.estima.site\/en\/wp-json\/wp\/v2\/media?parent=4531"}],"wp:term":[{"taxonomy":"product_brand","embeddable":true,"href":"https:\/\/wiejskieprzysmaki.estima.site\/en\/wp-json\/wp\/v2\/product_brand?post=4531"},{"taxonomy":"product_cat","embeddable":true,"href":"https:\/\/wiejskieprzysmaki.estima.site\/en\/wp-json\/wp\/v2\/product_cat?post=4531"},{"taxonomy":"product_tag","embeddable":true,"href":"https:\/\/wiejskieprzysmaki.estima.site\/en\/wp-json\/wp\/v2\/product_tag?post=4531"}],"curies":[{"name":"wp","href":"https:\/\/api.w.org\/{rel}","templated":true}]}}