{"id":4545,"date":"2025-02-18T10:59:21","date_gmt":"2025-02-18T09:59:21","guid":{"rendered":"https:\/\/wiejskieprzysmaki.estima.site\/produkt\/marmolada-z-pomaranczy-sycylijskich-bio-360-g-agrisicilia\/"},"modified":"2025-02-18T10:59:43","modified_gmt":"2025-02-18T09:59:43","slug":"marmolada-z-pomaranczy-sycylijskich-bio-360-g-agrisicilia","status":"publish","type":"product","link":"https:\/\/wiejskieprzysmaki.estima.site\/en\/product\/marmolada-z-pomaranczy-sycylijskich-bio-360-g-agrisicilia\/","title":{"rendered":"MARMOLADA Z POMARA\u0143CZY SYCYLIJSKICH BIO 360 g &#8211; AGRISICILIA"},"content":{"rendered":"<p>SK\u0141ADNIKI  <br \/>cukier trzcinowy*, pomara\u0144cze &#8220;Arancia di Ribera D.O.P.&#8221; ze sk\u00f3rk\u0105*,  substancja \u017celuj\u0105ca: pektyny, regulator kwasowo\u015bci: kwas cytrynowy (*certyfikowany sk\u0142adnik ekologiczny)<\/p>\n<p>OPIS<br \/>Produkt pasteryzowany. Sporz\u0105dzono z 55 g owoc\u00f3w na 100 g wyrobu gotowego.<\/p>\n<p>WARTO\u015a\u0106 OD\u017bYWCZA W 100 g<br \/>Warto\u015b\u0107 energetyczna: 1038 kJ \/ 244 kcal  <br \/>T\u0142uszcz: 0,1 g  <br \/>w tym kwasy t\u0142uszczowe nasycone: 0 g  <br \/>W\u0119glowodany: 60 g  <br \/>w tym cukry: 60 g  <br \/>Bia\u0142ko: 0,3 g  <br \/>S\u00f3l: 0 g  <\/p>\n<p>ZALECANE WARUNKI PRZECHOWYWANIA<br \/>Po otwarciu przechowywa\u0107 w temperaturze + 4 stopni Celsjusza i spo\u017cy\u0107 w ci\u0105gu 14 dni.<\/p>","protected":false},"excerpt":{"rendered":"<p>SK\u0141ADNIKI cukier trzcinowy*, pomara\u0144cze &#8220;Arancia di Ribera D.O.P.&#8221; ze sk\u00f3rk\u0105*, substancja \u017celuj\u0105ca: pektyny, regulator kwasowo\u015bci: kwas cytrynowy (*certyfikowany sk\u0142adnik ekologiczny) OPISProdukt pasteryzowany. Sporz\u0105dzono z 55 g owoc\u00f3w na 100 g wyrobu gotowego. WARTO\u015a\u0106 OD\u017bYWCZA W 100 gWarto\u015b\u0107 energetyczna: 1038 kJ \/ 244 kcal T\u0142uszcz: 0,1 g w tym kwasy t\u0142uszczowe nasycone: 0 g W\u0119glowodany: 60 [&hellip;]<\/p>","protected":false},"featured_media":4546,"comment_status":"closed","ping_status":"open","template":"","meta":{"_acf_changed":false},"product_brand":[],"product_cat":[999,998],"product_tag":[],"class_list":{"0":"post-4545","1":"product","2":"type-product","3":"status-publish","4":"has-post-thumbnail","6":"product_cat-dzemy-konfitury-musy","7":"product_cat-przetwory-warzywne-i-owocowe","8":"pa_ean-matka-3757","9":"pa_gwarancja-przydatnosci-301","10":"pa_ilosc-w-opakowaniu-298","11":"pa_jednostka-podstawowa-szt","12":"pa_kod-cn-2007-91-10","13":"pa_kraj-pochodzenia-skladnikow-wlochy","14":"pa_masa-netto-1398","15":"pa_objetosc-brutto-3753","16":"pa_producent-agrisicilia-marmolady-krem-pistacjowy","17":"pa_producent-nazwa-adres-agrisicilia-s-p-a-c-da-vignale-7-95032-belpasso","18":"pa_tagi-bez-glutenu-w-skladnikach","19":"pa_tagi-certyfikat-bio","20":"pa_tagi-weganski","21":"pa_tagi-wegetarianski","23":"first","24":"instock","25":"taxable","26":"shipping-taxable","27":"purchasable","28":"product-type-simple"},"acf":[],"_links":{"self":[{"href":"https:\/\/wiejskieprzysmaki.estima.site\/en\/wp-json\/wp\/v2\/product\/4545","targetHints":{"allow":["GET"]}}],"collection":[{"href":"https:\/\/wiejskieprzysmaki.estima.site\/en\/wp-json\/wp\/v2\/product"}],"about":[{"href":"https:\/\/wiejskieprzysmaki.estima.site\/en\/wp-json\/wp\/v2\/types\/product"}],"replies":[{"embeddable":true,"href":"https:\/\/wiejskieprzysmaki.estima.site\/en\/wp-json\/wp\/v2\/comments?post=4545"}],"wp:featuredmedia":[{"embeddable":true,"href":"https:\/\/wiejskieprzysmaki.estima.site\/en\/wp-json\/wp\/v2\/media\/4546"}],"wp:attachment":[{"href":"https:\/\/wiejskieprzysmaki.estima.site\/en\/wp-json\/wp\/v2\/media?parent=4545"}],"wp:term":[{"taxonomy":"product_brand","embeddable":true,"href":"https:\/\/wiejskieprzysmaki.estima.site\/en\/wp-json\/wp\/v2\/product_brand?post=4545"},{"taxonomy":"product_cat","embeddable":true,"href":"https:\/\/wiejskieprzysmaki.estima.site\/en\/wp-json\/wp\/v2\/product_cat?post=4545"},{"taxonomy":"product_tag","embeddable":true,"href":"https:\/\/wiejskieprzysmaki.estima.site\/en\/wp-json\/wp\/v2\/product_tag?post=4545"}],"curies":[{"name":"wp","href":"https:\/\/api.w.org\/{rel}","templated":true}]}}