{"id":4567,"date":"2025-02-18T10:59:44","date_gmt":"2025-02-18T09:59:44","guid":{"rendered":"https:\/\/wiejskieprzysmaki.estima.site\/produkt\/woda-fulvica-premium-black-niegazowana-500-ml-aqua-east\/"},"modified":"2025-02-18T10:59:54","modified_gmt":"2025-02-18T09:59:54","slug":"woda-fulvica-premium-black-niegazowana-500-ml-aqua-east","status":"publish","type":"product","link":"https:\/\/wiejskieprzysmaki.estima.site\/en\/product\/woda-fulvica-premium-black-niegazowana-500-ml-aqua-east\/","title":{"rendered":"WODA FULVICA PREMIUM BLACK NIEGAZOWANA 500 ml &#8211; AQUA EAST"},"content":{"rendered":"<p>SK\u0141ADNIKI<br \/>woda \u017ar\u00f3dlana, kompleks naturalnych sk\u0142adnik\u00f3w organicznych zawieraj\u0105cych kwasy humusowe wraz z minera\u0142ami \u015bladowymi.<br \/>Sk\u0142adnik aktywny w porcji 500 ml<br \/>kompleks naturalnych sk\u0142adnik\u00f3w organicznych (kwasy humusowe): 93,5 mg<\/p>\n<p>OPIS<br \/>Fulvica Premium Black to suplement diety w p\u0142ynie zawieraj\u0105cy naturalne kwasy humusowe pochodz\u0105ce z materii organicznej wyst\u0119puj\u0105cej pomi\u0119dzy torfem, a ska\u0142ami leonardyt\u00f3w. S\u0105 one najbardziej rozpowszechnionymi w przyrodzie zwi\u0105zkami organicznymi, wyst\u0119puj\u0105cymi we wszystkich ekosystemach: w glebach, w wodach s\u0142odkich i morskich, jako tzw. rozpuszczony w\u0119giel organiczny. W sk\u0142ad kwas\u00f3w humusowych wchodz\u0105 kwasy huminowe i kwasy fulwowe.<br \/>Dzi\u0119ki innowacyjnej metodzie wydobywania kwas\u00f3w humusowych Fulvica Premium Black posiada naturalnie czarn\u0105 barw\u0119.<\/p>\n<p>ZALECANE SPO\u017bYCIE I INNE UWAGI<br \/>Zalecana porcja do spo\u017cycia w ci\u0105gu dnia: 500 ml (1 butelka)<br \/>Nie nale\u017cy przekracza\u0107 zalecanej porcji do spo\u017cycia w ci\u0105gu dnia.<br \/>Suplementy diety nie mog\u0105 by\u0107 stosowane jako substytut (zamiennik) zr\u00f3\u017cnicowanej diety.<\/p>\n<p>ZALECANE WARUNKI PRZECHOWYWANIA<br \/>Przechowywa\u0107 w suchym i ch\u0142odnym miejscu. Chroni\u0107 przed dzia\u0142aniem promieni s\u0142onecznych i przemarzaniem.<br \/>Suplementy diety powinny by\u0107 przechowywane w spos\u00f3b niedost\u0119pny dla ma\u0142ych dzieci.<br \/>Spo\u017cy\u0107 w ci\u0105gu 24 godzin od otwarcia. <\/p>","protected":false},"excerpt":{"rendered":"<p>SK\u0141ADNIKIwoda \u017ar\u00f3dlana, kompleks naturalnych sk\u0142adnik\u00f3w organicznych zawieraj\u0105cych kwasy humusowe wraz z minera\u0142ami \u015bladowymi.Sk\u0142adnik aktywny w porcji 500 mlkompleks naturalnych sk\u0142adnik\u00f3w organicznych (kwasy humusowe): 93,5 mg OPISFulvica Premium Black to suplement diety w p\u0142ynie zawieraj\u0105cy naturalne kwasy humusowe pochodz\u0105ce z materii organicznej wyst\u0119puj\u0105cej pomi\u0119dzy torfem, a ska\u0142ami leonardyt\u00f3w. S\u0105 one najbardziej rozpowszechnionymi w przyrodzie zwi\u0105zkami organicznymi, [&hellip;]<\/p>","protected":false},"featured_media":4568,"comment_status":"closed","ping_status":"open","template":"","meta":{"_acf_changed":false},"product_brand":[],"product_cat":[134,379],"product_tag":[],"class_list":{"0":"post-4567","1":"product","2":"type-product","3":"status-publish","4":"has-post-thumbnail","6":"product_cat-napoje","7":"product_cat-wody-mineralne-zrodlane-i-smakowe","8":"pa_ean-matka-3772","9":"pa_gwarancja-przydatnosci-324","10":"pa_ilosc-w-opakowaniu-298","11":"pa_jednostka-podstawowa-szt","12":"pa_kod-cn-2202-99-19","13":"pa_objetosc-brutto-3771","14":"pa_objetosc-netto-376","15":"pa_producent-aqua-east-wody-zrodlane","16":"pa_producent-nazwa-adres-aqua-east-polska-spolka-z-ograniczona-odpowiedzialnoscia-niepodleglosci-2-22-110-ruda-huta","17":"pa_tagi-bez-cukru-w-skladnikach","18":"pa_tagi-bez-glutenu-w-skladnikach","19":"pa_tagi-weganski","20":"pa_tagi-wegetarianski","22":"first","23":"instock","24":"taxable","25":"shipping-taxable","26":"purchasable","27":"product-type-simple"},"acf":[],"_links":{"self":[{"href":"https:\/\/wiejskieprzysmaki.estima.site\/en\/wp-json\/wp\/v2\/product\/4567","targetHints":{"allow":["GET"]}}],"collection":[{"href":"https:\/\/wiejskieprzysmaki.estima.site\/en\/wp-json\/wp\/v2\/product"}],"about":[{"href":"https:\/\/wiejskieprzysmaki.estima.site\/en\/wp-json\/wp\/v2\/types\/product"}],"replies":[{"embeddable":true,"href":"https:\/\/wiejskieprzysmaki.estima.site\/en\/wp-json\/wp\/v2\/comments?post=4567"}],"wp:featuredmedia":[{"embeddable":true,"href":"https:\/\/wiejskieprzysmaki.estima.site\/en\/wp-json\/wp\/v2\/media\/4568"}],"wp:attachment":[{"href":"https:\/\/wiejskieprzysmaki.estima.site\/en\/wp-json\/wp\/v2\/media?parent=4567"}],"wp:term":[{"taxonomy":"product_brand","embeddable":true,"href":"https:\/\/wiejskieprzysmaki.estima.site\/en\/wp-json\/wp\/v2\/product_brand?post=4567"},{"taxonomy":"product_cat","embeddable":true,"href":"https:\/\/wiejskieprzysmaki.estima.site\/en\/wp-json\/wp\/v2\/product_cat?post=4567"},{"taxonomy":"product_tag","embeddable":true,"href":"https:\/\/wiejskieprzysmaki.estima.site\/en\/wp-json\/wp\/v2\/product_tag?post=4567"}],"curies":[{"name":"wp","href":"https:\/\/api.w.org\/{rel}","templated":true}]}}