{"id":4589,"date":"2025-02-18T11:00:04","date_gmt":"2025-02-18T10:00:04","guid":{"rendered":"https:\/\/wiejskieprzysmaki.estima.site\/produkt\/sos-pomidorowy-passata-z-pomidorow-daktylowych-bio-350-g-alce-nero\/"},"modified":"2025-02-18T11:00:06","modified_gmt":"2025-02-18T10:00:06","slug":"sos-pomidorowy-passata-z-pomidorow-daktylowych-bio-350-g-alce-nero","status":"publish","type":"product","link":"https:\/\/wiejskieprzysmaki.estima.site\/en\/product\/sos-pomidorowy-passata-z-pomidorow-daktylowych-bio-350-g-alce-nero\/","title":{"rendered":"SOS POMIDOROWY PASSATA (Z POMIDOR\u00d3W DAKTYLOWYCH) BIO 350 g &#8211; ALCE NERO"},"content":{"rendered":"<p>SK\u0141ADNIKI<br \/>pomidory koktajlowe* (100 %) (*certyfikowany sk\u0142adnik ekologiczny)<\/p>\n<p>OPIS<br \/>Ekologiczny sos z zag\u0119szczonych pomidor\u00f3w. Wy\u015bmienicie smakuje z w\u0142oskim, ekologicznym makaronem Alce Nero. Stanowi r\u00f3wnie\u017c doskona\u0142\u0105 baz\u0119 dla innych sos\u00f3w, np. z dodatkiem warzyw (bak\u0142a\u017can, cukinia, papryka) i aromatycznych, \u015bwie\u017cych zi\u00f3\u0142 (bazylia, rozmaryn i tymianek).<\/p>\n<p>WARTO\u015a\u0106 OD\u017bYWCZA W 100 g<br \/>Warto\u015b\u0107 energetyczna &#8211; 193 kJ \/ 46 kcal  <br \/>T\u0142uszcz &#8211;  0,2 g  <br \/>w tym kwasy t\u0142uszczowe nasycone &#8211; 0,03 g  <br \/>W\u0119glowodany &#8211; 9,5 g  <br \/>w tym cukry &#8211; 6,7 g  <br \/>B\u0142onnik &#8211; 1,2 g  <br \/>Bia\u0142ko &#8211; 1,0 g  <br \/>S\u00f3l &#8211; 0 g<\/p>\n<p>ZALECANE WARUNKI PRZECHOWYWANIA<br \/>Po otwarciu przechowywa\u0107 w lod\u00f3wce i spo\u017cy\u0107 w ci\u0105gu 3-4 dni.<\/p>","protected":false},"excerpt":{"rendered":"<p>SK\u0141ADNIKIpomidory koktajlowe* (100 %) (*certyfikowany sk\u0142adnik ekologiczny) OPISEkologiczny sos z zag\u0119szczonych pomidor\u00f3w. Wy\u015bmienicie smakuje z w\u0142oskim, ekologicznym makaronem Alce Nero. Stanowi r\u00f3wnie\u017c doskona\u0142\u0105 baz\u0119 dla innych sos\u00f3w, np. z dodatkiem warzyw (bak\u0142a\u017can, cukinia, papryka) i aromatycznych, \u015bwie\u017cych zi\u00f3\u0142 (bazylia, rozmaryn i tymianek). WARTO\u015a\u0106 OD\u017bYWCZA W 100 gWarto\u015b\u0107 energetyczna &#8211; 193 kJ \/ 46 kcal T\u0142uszcz [&hellip;]<\/p>","protected":false},"featured_media":4590,"comment_status":"closed","ping_status":"open","template":"","meta":{"_acf_changed":false},"product_brand":[],"product_cat":[95,94],"product_tag":[],"class_list":{"0":"post-4589","1":"product","2":"type-product","3":"status-publish","4":"has-post-thumbnail","6":"product_cat-ketchupy-koncentraty-sosy-pomidorowe","7":"product_cat-sosy","8":"pa_ean-matka-3789","9":"pa_gwarancja-przydatnosci-718","10":"pa_ilosc-w-opakowaniu-374","11":"pa_jednostka-podstawowa-szt","12":"pa_kod-cn-2002-90-19","13":"pa_kraj-pochodzenia-skladnikow-wlochy","14":"pa_masa-netto-203","15":"pa_objetosc-brutto-3788","16":"pa_producent-alce-nero-wloskie-produkty","17":"pa_producent-nazwa-adres-alce-nero-s-p-a-via-palazzetti-5c-40068-san-lazzaro-di-savena-bo","18":"pa_tagi-bez-cukru-w-skladnikach","19":"pa_tagi-bez-glutenu-w-skladnikach","20":"pa_tagi-certyfikat-bio","21":"pa_tagi-weganski","22":"pa_tagi-wegetarianski","24":"first","25":"instock","26":"taxable","27":"shipping-taxable","28":"purchasable","29":"product-type-simple"},"acf":[],"_links":{"self":[{"href":"https:\/\/wiejskieprzysmaki.estima.site\/en\/wp-json\/wp\/v2\/product\/4589","targetHints":{"allow":["GET"]}}],"collection":[{"href":"https:\/\/wiejskieprzysmaki.estima.site\/en\/wp-json\/wp\/v2\/product"}],"about":[{"href":"https:\/\/wiejskieprzysmaki.estima.site\/en\/wp-json\/wp\/v2\/types\/product"}],"replies":[{"embeddable":true,"href":"https:\/\/wiejskieprzysmaki.estima.site\/en\/wp-json\/wp\/v2\/comments?post=4589"}],"wp:featuredmedia":[{"embeddable":true,"href":"https:\/\/wiejskieprzysmaki.estima.site\/en\/wp-json\/wp\/v2\/media\/4590"}],"wp:attachment":[{"href":"https:\/\/wiejskieprzysmaki.estima.site\/en\/wp-json\/wp\/v2\/media?parent=4589"}],"wp:term":[{"taxonomy":"product_brand","embeddable":true,"href":"https:\/\/wiejskieprzysmaki.estima.site\/en\/wp-json\/wp\/v2\/product_brand?post=4589"},{"taxonomy":"product_cat","embeddable":true,"href":"https:\/\/wiejskieprzysmaki.estima.site\/en\/wp-json\/wp\/v2\/product_cat?post=4589"},{"taxonomy":"product_tag","embeddable":true,"href":"https:\/\/wiejskieprzysmaki.estima.site\/en\/wp-json\/wp\/v2\/product_tag?post=4589"}],"curies":[{"name":"wp","href":"https:\/\/api.w.org\/{rel}","templated":true}]}}