{"id":4621,"date":"2025-02-18T11:00:04","date_gmt":"2025-02-18T10:00:04","guid":{"rendered":"https:\/\/wiejskieprzysmaki.estima.site\/produkt\/pieprz-bialy-cytrynowy-bio-50-g-dary-natury\/"},"modified":"2025-02-18T11:00:19","modified_gmt":"2025-02-18T10:00:19","slug":"pieprz-bialy-cytrynowy-bio-50-g-dary-natury","status":"publish","type":"product","link":"https:\/\/wiejskieprzysmaki.estima.site\/en\/product\/pieprz-bialy-cytrynowy-bio-50-g-dary-natury\/","title":{"rendered":"PIEPRZ BIA\u0141Y CYTRYNOWY BIO 50 g &#8211; DARY NATURY"},"content":{"rendered":"<p>SK\u0141ADNIKI <br \/>pieprz bia\u0142y* 79%, sok z pigwowca*, sk\u00f3rka z cytryny* 6%, trawa cytrynowa* (*certyfikowany sk\u0142adnik ekologiczny)<\/p>\n<p>OPIS <br \/>Pieprz cytrynowy to po\u0142\u0105czenie aromatycznego pieprzu, soku z pigwowca oraz sk\u00f3rki z cytryny i trawy cytrynowej. Znakomicie sprawdzi si\u0119 jako przyprawa do RYB, mi\u0119s, sa\u0142atek, dressing\u00f3w i sos\u00f3w. Kompozycja podkre\u015bli smak i aromat przygotowanych da\u0144.<\/p>\n<p>ZALECANE WARUNKI PRZECHOWYWANIA <br \/>Przechowywa\u0107 w suchym miejscu.<\/p>","protected":false},"excerpt":{"rendered":"<p>SK\u0141ADNIKI pieprz bia\u0142y* 79%, sok z pigwowca*, sk\u00f3rka z cytryny* 6%, trawa cytrynowa* (*certyfikowany sk\u0142adnik ekologiczny) OPIS Pieprz cytrynowy to po\u0142\u0105czenie aromatycznego pieprzu, soku z pigwowca oraz sk\u00f3rki z cytryny i trawy cytrynowej. Znakomicie sprawdzi si\u0119 jako przyprawa do RYB, mi\u0119s, sa\u0142atek, dressing\u00f3w i sos\u00f3w. Kompozycja podkre\u015bli smak i aromat przygotowanych da\u0144. ZALECANE WARUNKI PRZECHOWYWANIA [&hellip;]<\/p>","protected":false},"featured_media":4622,"comment_status":"closed","ping_status":"open","template":"","meta":{"_acf_changed":false},"product_brand":[],"product_cat":[238,229],"product_tag":[],"class_list":{"0":"post-4621","1":"product","2":"type-product","3":"status-publish","4":"has-post-thumbnail","6":"product_cat-jednorodne","7":"product_cat-przyprawy-i-ziola","8":"pa_ean-matka-3808","9":"pa_gwarancja-przydatnosci-522","10":"pa_ilosc-w-opakowaniu-350","11":"pa_jednostka-podstawowa-szt","12":"pa_kod-cn-0904-12-00","13":"pa_masa-netto-461","14":"pa_objetosc-brutto-353","15":"pa_producent-dary-natury-przyprawy-i-ziola","16":"pa_producent-nazwa-adres-miroslaw-angielczyk-dary-natury-koryciny-73-17-315-grodzisk","17":"pa_tagi-bez-cukru-w-skladnikach","18":"pa_tagi-bez-glutenu-w-skladnikach","19":"pa_tagi-certyfikat-bio","20":"pa_tagi-weganski","21":"pa_tagi-wegetarianski","23":"first","24":"instock","25":"taxable","26":"shipping-taxable","27":"purchasable","28":"product-type-simple"},"acf":[],"_links":{"self":[{"href":"https:\/\/wiejskieprzysmaki.estima.site\/en\/wp-json\/wp\/v2\/product\/4621","targetHints":{"allow":["GET"]}}],"collection":[{"href":"https:\/\/wiejskieprzysmaki.estima.site\/en\/wp-json\/wp\/v2\/product"}],"about":[{"href":"https:\/\/wiejskieprzysmaki.estima.site\/en\/wp-json\/wp\/v2\/types\/product"}],"replies":[{"embeddable":true,"href":"https:\/\/wiejskieprzysmaki.estima.site\/en\/wp-json\/wp\/v2\/comments?post=4621"}],"wp:featuredmedia":[{"embeddable":true,"href":"https:\/\/wiejskieprzysmaki.estima.site\/en\/wp-json\/wp\/v2\/media\/4622"}],"wp:attachment":[{"href":"https:\/\/wiejskieprzysmaki.estima.site\/en\/wp-json\/wp\/v2\/media?parent=4621"}],"wp:term":[{"taxonomy":"product_brand","embeddable":true,"href":"https:\/\/wiejskieprzysmaki.estima.site\/en\/wp-json\/wp\/v2\/product_brand?post=4621"},{"taxonomy":"product_cat","embeddable":true,"href":"https:\/\/wiejskieprzysmaki.estima.site\/en\/wp-json\/wp\/v2\/product_cat?post=4621"},{"taxonomy":"product_tag","embeddable":true,"href":"https:\/\/wiejskieprzysmaki.estima.site\/en\/wp-json\/wp\/v2\/product_tag?post=4621"}],"curies":[{"name":"wp","href":"https:\/\/api.w.org\/{rel}","templated":true}]}}