{"id":4635,"date":"2025-02-18T11:00:22","date_gmt":"2025-02-18T10:00:22","guid":{"rendered":"https:\/\/wiejskieprzysmaki.estima.site\/produkt\/askorbinian-sodu-proszek-250-g-soul-farm\/"},"modified":"2025-02-20T15:13:52","modified_gmt":"2025-02-20T14:13:52","slug":"askorbinian-sodu-proszek-250-g-soul-farm","status":"publish","type":"product","link":"https:\/\/wiejskieprzysmaki.estima.site\/en\/product\/askorbinian-sodu-proszek-250-g-soul-farm\/","title":{"rendered":"ASKORBINIAN SODU PROSZEK 250 g &#8211; SOUL FARM"},"content":{"rendered":"<p>SK\u0141ADNIKI<br \/>askorbinian sodu<\/p>\n<p>OPIS<br \/>Suplement diety.  <\/p>\n<p>ZALECANE SPO\u017bYCIE I INNE UWAGI<br \/>1 g askorbinianu sodu nale\u017cy rozpu\u015bci\u0107 w szklance wody. Mo\u017cna tak\u017ce rozpu\u015bci\u0107 w ulubionym napoju. Stosowa\u0107 raz dziennie. Nie przekracza\u0107 zalecanej porcji do spo\u017cycia w ci\u0105gu dnia.<br \/>Suplementy diety nie mog\u0105 by\u0107 stosowane jako substytut zr\u00f3\u017cnicowanej diety. Suplement diety nie jest przeznaczony dla dzieci. Stosowanie suplementu diety w okresie ci\u0105\u017cy lub w okresie karmienia piersi\u0105 nale\u017cy skonsultowa\u0107 z lekarzem.<\/p>\n<p>INFORMACJA ALERGENNA<br \/>Mo\u017ce zawiera\u0107 SEZAM, SOJ\u0118, ORZESZKI ZIEMNE i inne ORZECHY, ZBO\u017bA ZAWIERAJ\u0104CE GLUTEN.<\/p>\n<p>ZALECANE WARUNKI PRZECHOWYWANIA<br \/>Przechowywa\u0107 w suchym i ciemnym miejscu w temperaturze pokojowej. Przechowywa\u0107 w spos\u00f3b niedost\u0119pny dla ma\u0142ych dzieci.  <\/p>","protected":false},"excerpt":{"rendered":"<p>SK\u0141ADNIKIaskorbinian sodu OPISSuplement diety. ZALECANE SPO\u017bYCIE I INNE UWAGI1 g askorbinianu sodu nale\u017cy rozpu\u015bci\u0107 w szklance wody. Mo\u017cna tak\u017ce rozpu\u015bci\u0107 w ulubionym napoju. Stosowa\u0107 raz dziennie. Nie przekracza\u0107 zalecanej porcji do spo\u017cycia w ci\u0105gu dnia.Suplementy diety nie mog\u0105 by\u0107 stosowane jako substytut zr\u00f3\u017cnicowanej diety. Suplement diety nie jest przeznaczony dla dzieci. Stosowanie suplementu diety w [&hellip;]<\/p>","protected":false},"featured_media":4636,"comment_status":"closed","ping_status":"open","template":"","meta":{"_acf_changed":false},"product_brand":[],"product_cat":[290,9057],"product_tag":[],"class_list":{"0":"post-4635","1":"product","2":"type-product","3":"status-publish","4":"has-post-thumbnail","6":"product_cat-produkty-sproszkowane","7":"product_cat-suplementy-diety","8":"pa_ean-matka-3816","9":"pa_gwarancja-przydatnosci-320","10":"pa_ilosc-w-opakowaniu-3815","11":"pa_jednostka-podstawowa-szt","12":"pa_kod-cn-2106-90-92","13":"pa_kraj-pochodzenia-skladnikow-chiny","14":"pa_masa-netto-480","15":"pa_objetosc-brutto-3367","16":"pa_producent-soul-farm-witaminy-i-ekstrakty","17":"pa_producent-nazwa-adres-soul-farm-maciej-foszcz-janowicka-138-43-334-bielsko-biala","18":"pa_tagi-bez-cukru-w-skladnikach","19":"pa_tagi-bez-glutenu-w-skladnikach","20":"pa_tagi-weganski","21":"pa_tagi-wegetarianski","23":"first","24":"instock","25":"taxable","26":"shipping-taxable","27":"purchasable","28":"product-type-simple"},"acf":[],"_links":{"self":[{"href":"https:\/\/wiejskieprzysmaki.estima.site\/en\/wp-json\/wp\/v2\/product\/4635","targetHints":{"allow":["GET"]}}],"collection":[{"href":"https:\/\/wiejskieprzysmaki.estima.site\/en\/wp-json\/wp\/v2\/product"}],"about":[{"href":"https:\/\/wiejskieprzysmaki.estima.site\/en\/wp-json\/wp\/v2\/types\/product"}],"replies":[{"embeddable":true,"href":"https:\/\/wiejskieprzysmaki.estima.site\/en\/wp-json\/wp\/v2\/comments?post=4635"}],"wp:featuredmedia":[{"embeddable":true,"href":"https:\/\/wiejskieprzysmaki.estima.site\/en\/wp-json\/wp\/v2\/media\/4636"}],"wp:attachment":[{"href":"https:\/\/wiejskieprzysmaki.estima.site\/en\/wp-json\/wp\/v2\/media?parent=4635"}],"wp:term":[{"taxonomy":"product_brand","embeddable":true,"href":"https:\/\/wiejskieprzysmaki.estima.site\/en\/wp-json\/wp\/v2\/product_brand?post=4635"},{"taxonomy":"product_cat","embeddable":true,"href":"https:\/\/wiejskieprzysmaki.estima.site\/en\/wp-json\/wp\/v2\/product_cat?post=4635"},{"taxonomy":"product_tag","embeddable":true,"href":"https:\/\/wiejskieprzysmaki.estima.site\/en\/wp-json\/wp\/v2\/product_tag?post=4635"}],"curies":[{"name":"wp","href":"https:\/\/api.w.org\/{rel}","templated":true}]}}