{"id":4638,"date":"2025-02-18T11:00:22","date_gmt":"2025-02-18T10:00:22","guid":{"rendered":"https:\/\/wiejskieprzysmaki.estima.site\/produkt\/czekolada-gorzka-70-bio-15-g-cocoa-one-bite\/"},"modified":"2025-02-18T11:00:24","modified_gmt":"2025-02-18T10:00:24","slug":"czekolada-gorzka-70-bio-15-g-cocoa-one-bite","status":"publish","type":"product","link":"https:\/\/wiejskieprzysmaki.estima.site\/en\/product\/czekolada-gorzka-70-bio-15-g-cocoa-one-bite\/","title":{"rendered":"CZEKOLADA GORZKA 70 % BIO 15 g &#8211; COCOA (ONE BITE)"},"content":{"rendered":"<p>SK\u0141ADNIKI <br \/>ziarno kakaowca*, cukier kokosowy*, t\u0142uszcz kakaowy*, MIGDA\u0141Y*, wanilia*, emulgator: lecytyny (ze s\u0142onecznika*) (*certyfikowany sk\u0142adnik ekologiczny) <br \/>Zawarto\u015b\u0107 masy kakaowej min. 70 %.<\/p>\n<p>OPIS<br \/>One Bite czekolada gorzka, ma\u0142a, por\u0119czna zawsze przy Tobie! Tw\u00f3j ulubiony smak czekolady surowej z niepra\u017conych ziaren kakaowca w kieszonkowej wersji.&nbsp;<br \/>Zabierz: do szko\u0142y, do pracy, na wycieczk\u0119. Sprawdzi si\u0119 \u015bwietnie jako ratunkowa czekoladka w aucie czy na dnie torebki lub plecaka \ud83d\ude09&nbsp;<\/p>\n<p>WARTO\u015a\u0106 OD\u017bYWCZA W 100 g <br \/>Warto\u015b\u0107 energetyczna: 2470 kJ\/596 kcal <br \/>T\u0142uszcz: 47 g <br \/>w tym kwasy nasycone: 29 g <br \/>W\u0119glowodany: 32 g <br \/>w tym cukry: 23 g <br \/>B\u0142onnik: 10 g <br \/>Bia\u0142ko: 6,0 g <br \/>S\u00f3l: 0,10 g<\/p>\n<p>INFORMACJA ALERGENNA <br \/>Produkt mo\u017ce zawiera\u0107 MIGDA\u0141Y. <\/p>\n<p>ZALECANE WARUNKI PRZECHOWYWANIA <br \/>Przechowywa\u0107 w suchym i ch\u0142odnym miejscu.<\/p>","protected":false},"excerpt":{"rendered":"<p>SK\u0141ADNIKI ziarno kakaowca*, cukier kokosowy*, t\u0142uszcz kakaowy*, MIGDA\u0141Y*, wanilia*, emulgator: lecytyny (ze s\u0142onecznika*) (*certyfikowany sk\u0142adnik ekologiczny) Zawarto\u015b\u0107 masy kakaowej min. 70 %. OPISOne Bite czekolada gorzka, ma\u0142a, por\u0119czna zawsze przy Tobie! Tw\u00f3j ulubiony smak czekolady surowej z niepra\u017conych ziaren kakaowca w kieszonkowej wersji.&nbsp;Zabierz: do szko\u0142y, do pracy, na wycieczk\u0119. Sprawdzi si\u0119 \u015bwietnie jako ratunkowa czekoladka [&hellip;]<\/p>","protected":false},"featured_media":4640,"comment_status":"closed","ping_status":"open","template":"","meta":{"_acf_changed":false},"product_brand":[],"product_cat":[1187,139],"product_tag":[],"class_list":{"0":"post-4638","1":"product","2":"type-product","3":"status-publish","4":"has-post-thumbnail","6":"product_cat-czekolady-i-czekoladki","7":"product_cat-slodycze-i-przekaski","8":"pa_ean-matka-3818","9":"pa_gwarancja-przydatnosci-522","10":"pa_ilosc-w-opakowaniu-374","11":"pa_jednostka-podstawowa-szt","12":"pa_kod-cn-1806-32-90","13":"pa_kraj-pochodzenia-skladnikow-turcja","14":"pa_masa-netto-249","15":"pa_objetosc-brutto-3817","16":"pa_producent-cocoa-czekolady-i-bakalie-w-surowej-czekoladzie","17":"pa_producent-nazwa-adres-surovital-marcin-rendak-karol-szwed-s-c-sw-urszuli-ledochowskiej-5-18-02-972-warszawa","18":"pa_tagi-bez-glutenu-w-skladnikach","19":"pa_tagi-certyfikat-bio","20":"pa_tagi-weganski","21":"pa_tagi-wegetarianski","23":"first","24":"instock","25":"taxable","26":"shipping-taxable","27":"purchasable","28":"product-type-simple"},"acf":[],"_links":{"self":[{"href":"https:\/\/wiejskieprzysmaki.estima.site\/en\/wp-json\/wp\/v2\/product\/4638","targetHints":{"allow":["GET"]}}],"collection":[{"href":"https:\/\/wiejskieprzysmaki.estima.site\/en\/wp-json\/wp\/v2\/product"}],"about":[{"href":"https:\/\/wiejskieprzysmaki.estima.site\/en\/wp-json\/wp\/v2\/types\/product"}],"replies":[{"embeddable":true,"href":"https:\/\/wiejskieprzysmaki.estima.site\/en\/wp-json\/wp\/v2\/comments?post=4638"}],"wp:featuredmedia":[{"embeddable":true,"href":"https:\/\/wiejskieprzysmaki.estima.site\/en\/wp-json\/wp\/v2\/media\/4640"}],"wp:attachment":[{"href":"https:\/\/wiejskieprzysmaki.estima.site\/en\/wp-json\/wp\/v2\/media?parent=4638"}],"wp:term":[{"taxonomy":"product_brand","embeddable":true,"href":"https:\/\/wiejskieprzysmaki.estima.site\/en\/wp-json\/wp\/v2\/product_brand?post=4638"},{"taxonomy":"product_cat","embeddable":true,"href":"https:\/\/wiejskieprzysmaki.estima.site\/en\/wp-json\/wp\/v2\/product_cat?post=4638"},{"taxonomy":"product_tag","embeddable":true,"href":"https:\/\/wiejskieprzysmaki.estima.site\/en\/wp-json\/wp\/v2\/product_tag?post=4638"}],"curies":[{"name":"wp","href":"https:\/\/api.w.org\/{rel}","templated":true}]}}