{"id":4656,"date":"2025-02-18T11:00:22","date_gmt":"2025-02-18T10:00:22","guid":{"rendered":"https:\/\/wiejskieprzysmaki.estima.site\/produkt\/brzoskwinie-plastry-w-lekkim-syropie-bio-350-g-190-g-sloik-aarts\/"},"modified":"2025-02-18T11:00:29","modified_gmt":"2025-02-18T10:00:29","slug":"brzoskwinie-plastry-w-lekkim-syropie-bio-350-g-190-g-sloik-aarts","status":"publish","type":"product","link":"https:\/\/wiejskieprzysmaki.estima.site\/en\/product\/brzoskwinie-plastry-w-lekkim-syropie-bio-350-g-190-g-sloik-aarts\/","title":{"rendered":"BRZOSKWINIE PLASTRY W LEKKIM SYROPIE BIO 350 g (190 g) (S\u0141OIK) &#8211; AARTS"},"content":{"rendered":"<p>SK\u0141ADNIKI<br \/>brzoskwinia*, woda, cukier*, regulator kwasowo\u015bci: kwas cytrynowy, przeciwutleniacz: kwas askorbinowy (*certyfikowany sk\u0142adnik ekologiczny)<\/p>\n<p>WARTO\u015a\u0106 OD\u017bYWCZA W 100 g<br \/>Warto\u015b\u0107 energetyczna: 288 kJ \/68 kcal  <br \/>T\u0142uszcz: 0 g  <br \/>w tym kwasy t\u0142uszczowe nasycone:  0 g  <br \/>W\u0119glowodany: 16 g  <br \/>w tym cukry: 16 g  <br \/>Bia\u0142ko: 0,5 g  <br \/>S\u00f3l:< 0,01 g\n\nZALECANE WARUNKI PRZECHOWYWANIA<br \/>Po otwarciu przechowywa\u0107 w lod\u00f3wce (max. 7\u00b0C) i spo\u017cy\u0107 w ci\u0105gu kilku dni<\/p>","protected":false},"excerpt":{"rendered":"<p>SK\u0141ADNIKIbrzoskwinia*, woda, cukier*, regulator kwasowo\u015bci: kwas cytrynowy, przeciwutleniacz: kwas askorbinowy (*certyfikowany sk\u0142adnik ekologiczny) WARTO\u015a\u0106 OD\u017bYWCZA W 100 gWarto\u015b\u0107 energetyczna: 288 kJ \/68 kcal T\u0142uszcz: 0 g w tym kwasy t\u0142uszczowe nasycone: 0 g W\u0119glowodany: 16 g w tym cukry: 16 g Bia\u0142ko: 0,5 g S\u00f3l:< 0,01 g ZALECANE WARUNKI PRZECHOWYWANIAPo otwarciu przechowywa\u0107 w lod\u00f3wce (max. [&hellip;]\n<\/p>","protected":false},"featured_media":4657,"comment_status":"closed","ping_status":"open","template":"","meta":{"_acf_changed":false},"product_brand":[],"product_cat":[1792,998],"product_tag":[],"class_list":{"0":"post-4656","1":"product","2":"type-product","3":"status-publish","4":"has-post-thumbnail","6":"product_cat-owoce-w-zalewie-kiszone","7":"product_cat-przetwory-warzywne-i-owocowe","8":"pa_ean-matka-3829","9":"pa_gwarancja-przydatnosci-522","10":"pa_ilosc-w-opakowaniu-298","11":"pa_jednostka-podstawowa-szt","12":"pa_kod-cn-2008-70-71","13":"pa_masa-netto-203","14":"pa_objetosc-brutto-3826","15":"pa_producent-aarts-owoce-i-warzywa-w-zalewie","16":"pa_producent-nazwa-adres-aarts-conserven-bv-houthuizerweg-20-59-73-lottum","17":"pa_tagi-bez-glutenu-w-skladnikach","18":"pa_tagi-certyfikat-bio","19":"pa_tagi-weganski","20":"pa_tagi-wegetarianski","22":"first","23":"instock","24":"taxable","25":"shipping-taxable","26":"purchasable","27":"product-type-simple"},"acf":[],"_links":{"self":[{"href":"https:\/\/wiejskieprzysmaki.estima.site\/en\/wp-json\/wp\/v2\/product\/4656","targetHints":{"allow":["GET"]}}],"collection":[{"href":"https:\/\/wiejskieprzysmaki.estima.site\/en\/wp-json\/wp\/v2\/product"}],"about":[{"href":"https:\/\/wiejskieprzysmaki.estima.site\/en\/wp-json\/wp\/v2\/types\/product"}],"replies":[{"embeddable":true,"href":"https:\/\/wiejskieprzysmaki.estima.site\/en\/wp-json\/wp\/v2\/comments?post=4656"}],"wp:featuredmedia":[{"embeddable":true,"href":"https:\/\/wiejskieprzysmaki.estima.site\/en\/wp-json\/wp\/v2\/media\/4657"}],"wp:attachment":[{"href":"https:\/\/wiejskieprzysmaki.estima.site\/en\/wp-json\/wp\/v2\/media?parent=4656"}],"wp:term":[{"taxonomy":"product_brand","embeddable":true,"href":"https:\/\/wiejskieprzysmaki.estima.site\/en\/wp-json\/wp\/v2\/product_brand?post=4656"},{"taxonomy":"product_cat","embeddable":true,"href":"https:\/\/wiejskieprzysmaki.estima.site\/en\/wp-json\/wp\/v2\/product_cat?post=4656"},{"taxonomy":"product_tag","embeddable":true,"href":"https:\/\/wiejskieprzysmaki.estima.site\/en\/wp-json\/wp\/v2\/product_tag?post=4656"}],"curies":[{"name":"wp","href":"https:\/\/api.w.org\/{rel}","templated":true}]}}