{"id":4659,"date":"2025-02-18T11:00:22","date_gmt":"2025-02-18T10:00:22","guid":{"rendered":"https:\/\/wiejskieprzysmaki.estima.site\/produkt\/koncentrat-napoju-probiotycznego-chmiel-bezglutenowy-bio-500-ml-joy-day-2\/"},"modified":"2025-02-20T15:13:52","modified_gmt":"2025-02-20T14:13:52","slug":"koncentrat-napoju-probiotycznego-chmiel-bezglutenowy-bio-500-ml-joy-day-2","status":"publish","type":"product","link":"https:\/\/wiejskieprzysmaki.estima.site\/en\/product\/koncentrat-napoju-probiotycznego-chmiel-bezglutenowy-bio-500-ml-joy-day-2\/","title":{"rendered":"KONCENTRAT NAPOJU PROBIOTYCZNEGO CHMIEL BEZGLUTENOWY BIO 500 ml &#8211; JOY DAY"},"content":{"rendered":"<p>SK\u0141ADNIKI<br \/>zestaw \u017cywych szczep\u00f3w bakterii probiotycznych (2&#215;107 jkt\/ml) (Lactobacillus rhamnosus GG, Lactobacillus rhamnosus LR 04, Lactobacillus rhamnosus LR 05, Lactobacillus acidophilus LA 1, Lactobacillus delbrueckii ssp. bulgaricus LB 2, Lactobacillus plantarum LP 02, Lactobacillus plantarum LP 01, Lactobacillus fermentum LF2, Bifidobacterium breve BL 10, Bifidobacterium breve BL 8, Bifidobacterium longum BL 03, Bifidobacterium animals ssp. lactis Bi 1 MDX, Streptococcus thermophilus Z57,  Streptococcus thermophilus 9Y, Lactobacillus casei LC 101\/37), ekstrakt z fermentowanych ro\u015blin zio\u0142owych* (20%) (przykwiat chmielu* 23,3%, kwiat czarnego bzu* 20%, kwiat g\u0142ogu* 16,7%, li\u015bci melisy* 16,7%, kwiat lipy* 13,3%, ziele skrzypu* 10%), sok jab\u0142kowy* (20%) (*certyfikowany sk\u0142adnik ekologiczny)  <\/p>\n<p>OPIS  <br \/>Opakowanie 500 ml zawiera 50 porcji produktu. Produkt nieklarowany, niepasteryzowany. Bez dodatku cukr\u00f3w i substancji s\u0142odz\u0105cych. Zawiera naturalnie wyst\u0119puj\u0105ce cukry. Charakteryzuje si\u0119 \u015bwie\u017cym, zio\u0142owo-owocowym aromatem i naturalnym orze\u017awiaj\u0105cym smakiem.<\/p>\n<p>ZALECANE SPO\u017bYCIE I INNE UWAGI  <br \/>Doro\u015bli: od 10 do 15 ml (2-3 \u0142y\u017ceczki) 3 razy dziennie rozcie\u0144czone w ok. 100 ml wody lub z innym dowolnym napojem.  <br \/>Dzieci powy\u017cej 3-go roku \u017cycia: 5 ml (1 \u0142y\u017ceczka) 3 razy dziennie rozcie\u0144czone w ok. 50 ml wody lub z innym smacznym napojem.<br \/>Kwasowo\u015b\u0107 koncentratu oraz mog\u0105ce powstawa\u0107: osad na dnie butelki, bia\u0142y nalot na powierzchni, gazy s\u0105 naturalnym efektem procesu fermentacji.<\/p>\n<p>ZALECNE WARUNKI PRZECHOWYWANIA <br \/>Przechowywa\u0107 w miejscu ch\u0142odnym i przyciemnionym. Temperatura optymalna 8-18 stopni Celsjusza.<\/p>","protected":false},"excerpt":{"rendered":"<p>SK\u0141ADNIKIzestaw \u017cywych szczep\u00f3w bakterii probiotycznych (2&#215;107 jkt\/ml) (Lactobacillus rhamnosus GG, Lactobacillus rhamnosus LR 04, Lactobacillus rhamnosus LR 05, Lactobacillus acidophilus LA 1, Lactobacillus delbrueckii ssp. bulgaricus LB 2, Lactobacillus plantarum LP 02, Lactobacillus plantarum LP 01, Lactobacillus fermentum LF2, Bifidobacterium breve BL 10, Bifidobacterium breve BL 8, Bifidobacterium longum BL 03, Bifidobacterium animals ssp. lactis [&hellip;]<\/p>","protected":false},"featured_media":4661,"comment_status":"closed","ping_status":"open","template":"","meta":{"_acf_changed":false},"product_brand":[],"product_cat":[3711,9057],"product_tag":[],"class_list":{"0":"post-4659","1":"product","2":"type-product","3":"status-publish","4":"has-post-thumbnail","6":"product_cat-produkty-w-plynie","7":"product_cat-suplementy-diety","8":"pa_ean-matka-3833","9":"pa_gwarancja-przydatnosci-324","10":"pa_ilosc-w-opakowaniu-374","11":"pa_jednostka-podstawowa-szt","12":"pa_kod-cn-2106-90-98","13":"pa_objetosc-brutto-3831","14":"pa_objetosc-netto-376","15":"pa_producent-joy-day-napoje-probiotyczne","16":"pa_producent-nazwa-adres-living-food-sp-z-o-o-graniczna-15-66-320-trzciel","17":"pa_tagi-bez-cukru-w-skladnikach","18":"pa_tagi-bez-glutenu-deklaracja","19":"pa_tagi-bez-glutenu-w-skladnikach","20":"pa_tagi-certyfikat-bio","21":"pa_tagi-weganski","22":"pa_tagi-wegetarianski","24":"first","25":"instock","26":"taxable","27":"shipping-taxable","28":"purchasable","29":"product-type-simple"},"acf":[],"_links":{"self":[{"href":"https:\/\/wiejskieprzysmaki.estima.site\/en\/wp-json\/wp\/v2\/product\/4659","targetHints":{"allow":["GET"]}}],"collection":[{"href":"https:\/\/wiejskieprzysmaki.estima.site\/en\/wp-json\/wp\/v2\/product"}],"about":[{"href":"https:\/\/wiejskieprzysmaki.estima.site\/en\/wp-json\/wp\/v2\/types\/product"}],"replies":[{"embeddable":true,"href":"https:\/\/wiejskieprzysmaki.estima.site\/en\/wp-json\/wp\/v2\/comments?post=4659"}],"wp:featuredmedia":[{"embeddable":true,"href":"https:\/\/wiejskieprzysmaki.estima.site\/en\/wp-json\/wp\/v2\/media\/4661"}],"wp:attachment":[{"href":"https:\/\/wiejskieprzysmaki.estima.site\/en\/wp-json\/wp\/v2\/media?parent=4659"}],"wp:term":[{"taxonomy":"product_brand","embeddable":true,"href":"https:\/\/wiejskieprzysmaki.estima.site\/en\/wp-json\/wp\/v2\/product_brand?post=4659"},{"taxonomy":"product_cat","embeddable":true,"href":"https:\/\/wiejskieprzysmaki.estima.site\/en\/wp-json\/wp\/v2\/product_cat?post=4659"},{"taxonomy":"product_tag","embeddable":true,"href":"https:\/\/wiejskieprzysmaki.estima.site\/en\/wp-json\/wp\/v2\/product_tag?post=4659"}],"curies":[{"name":"wp","href":"https:\/\/api.w.org\/{rel}","templated":true}]}}