{"id":4666,"date":"2025-02-18T11:00:22","date_gmt":"2025-02-18T10:00:22","guid":{"rendered":"https:\/\/wiejskieprzysmaki.estima.site\/produkt\/koncentrat-napoju-probiotycznego-owoce-lasu-bezglutenowy-bio-500-ml-joy-day\/"},"modified":"2025-02-20T15:13:53","modified_gmt":"2025-02-20T14:13:53","slug":"koncentrat-napoju-probiotycznego-owoce-lasu-bezglutenowy-bio-500-ml-joy-day","status":"publish","type":"product","link":"https:\/\/wiejskieprzysmaki.estima.site\/en\/product\/koncentrat-napoju-probiotycznego-owoce-lasu-bezglutenowy-bio-500-ml-joy-day\/","title":{"rendered":"KONCENTRAT NAPOJU PROBIOTYCZNEGO OWOCE LASU BEZGLUTENOWY BIO 500 ml &#8211; JOY DAY"},"content":{"rendered":"<p>SK\u0141ADNIKI <br \/>zestaw \u017cywych szczep\u00f3w bakterii probiotycznych (2&#215;107 jkt\/ml) (Lactobacillus rhamnosus GG, Lactobacillus rhamnosus LR 04, Lactobacillus rhamnosus LR 05, Lactobacillus acidophilus LA 1, Lactobacillus delbrueckii ssp. bulgaricus LB 2, Lactobacillus casei LC 101\/37, Lactobacillus plantarum LP 02, Lactobacillus plantarum LP 01, Lactobacillus fermentum LF2, Bifidobacterium breve BL 10, Bifidobacterium breve Bbr 8, Bifidobacterium longum BL 03, Bifidobacterium animals ssp. lactis Bi 1, Streptococcus thermophilus Z57, Streptococcus thermophilus 9Y), ekstrakt z fermentowanych ro\u015blin zio\u0142owych* i owoc\u00f3w* (20%) (li\u015bcie czarnej porzeczki* 16,7%, li\u015bci je\u017cyny* 16,7%, li\u015bcie poziomki* 16,7%, ziele skrzypu* 16,7%, owoce czarnej porzeczki* 16,6%, owoce je\u017cyny* 16,6%), sok jab\u0142kowy* (20%) (*certyfikowany sk\u0142adnik ekologiczny)<\/p>\n<p>OPIS  <br \/>Opakowanie 500 ml zawiera 50 porcji produktu. Produkt nieklarowany, niepasteryzowany. Bez dodatku cukr\u00f3w i substancji s\u0142odz\u0105cych. Zawiera naturalnie wyst\u0119puj\u0105ce cukry.  Charakteryzuje si\u0119 \u015bwie\u017cym, zio\u0142owo-owocowym aromatem i naturalnym orze\u017awiaj\u0105cym smakiem.<\/p>\n<p>WARTO\u015a\u0106 OD\u017bYWCZA W 100 ml <br \/>Warto\u015b\u0107 energetyczna &#8211; 82 kJ \/ 19 kcal  <br \/>T\u0142uszcz &#8211; 0 g  <br \/>w tym kwasy t\u0142uszczowe nasycone- 0 g  <br \/>W\u0119glowodany &#8211; 4,2 g  <br \/>w tym cukry &#8211; < 0,5 g  <br \/>B\u0142onnik &#8211; < 0,5 g  <br \/>Bia\u0142ko &#8211; < 0,5 g  <br \/>S\u00f3l &#8211; < 0,01 g\n\nZALECANE SPO\u017bYCIE  <br \/>Doro\u015bli: od 10 do 15 ml (2-3 \u0142y\u017ceczki) 3 razy dziennie rozcie\u0144czone w ok.100 ml wody lub z innym dowolnym napojem.  <br \/>Dzieci powy\u017cej 3-go roku \u017cycia: 5 ml (1 \u0142y\u017ceczka) 3 razy dziennie rozcie\u0144czone w ok. 50 ml wody lub z innym napojem.<\/p>\n<p>UWAGA  <br \/>Kwasowo\u015b\u0107 koncentratu oraz mog\u0105ce powstawa\u0107: osad na dnie butelki, bia\u0142y nalot na powierzchni, gazy s\u0105 naturalnym efektem procesu fermentacji.<\/p>\n<p>ZALECNE WARUNKI PRZECHOWYWANIA <br \/>Przechowywa\u0107 w miejscu ch\u0142odnym i przyciemnionym. Po otwarciu spo\u017cy\u0107 w ci\u0105gu 30 dni.<\/p>","protected":false},"excerpt":{"rendered":"<p>SK\u0141ADNIKI zestaw \u017cywych szczep\u00f3w bakterii probiotycznych (2&#215;107 jkt\/ml) (Lactobacillus rhamnosus GG, Lactobacillus rhamnosus LR 04, Lactobacillus rhamnosus LR 05, Lactobacillus acidophilus LA 1, Lactobacillus delbrueckii ssp. bulgaricus LB 2, Lactobacillus casei LC 101\/37, Lactobacillus plantarum LP 02, Lactobacillus plantarum LP 01, Lactobacillus fermentum LF2, Bifidobacterium breve BL 10, Bifidobacterium breve Bbr 8, Bifidobacterium longum BL [&hellip;]<\/p>","protected":false},"featured_media":4668,"comment_status":"closed","ping_status":"open","template":"","meta":{"_acf_changed":false},"product_brand":[],"product_cat":[3711,9057],"product_tag":[],"class_list":{"0":"post-4666","1":"product","2":"type-product","3":"status-publish","4":"has-post-thumbnail","6":"product_cat-produkty-w-plynie","7":"product_cat-suplementy-diety","8":"pa_ean-matka-3835","9":"pa_gwarancja-przydatnosci-324","10":"pa_ilosc-w-opakowaniu-374","11":"pa_jednostka-podstawowa-szt","12":"pa_kod-cn-2106-90-98","13":"pa_objetosc-brutto-3831","14":"pa_objetosc-netto-376","15":"pa_producent-joy-day-napoje-probiotyczne","16":"pa_producent-nazwa-adres-living-food-sp-z-o-o-graniczna-15-66-320-trzciel","17":"pa_tagi-bez-cukru-w-skladnikach","18":"pa_tagi-bez-glutenu-deklaracja","19":"pa_tagi-bez-glutenu-w-skladnikach","20":"pa_tagi-certyfikat-bio","21":"pa_tagi-weganski","22":"pa_tagi-wegetarianski","24":"first","25":"instock","26":"taxable","27":"shipping-taxable","28":"purchasable","29":"product-type-simple"},"acf":[],"_links":{"self":[{"href":"https:\/\/wiejskieprzysmaki.estima.site\/en\/wp-json\/wp\/v2\/product\/4666","targetHints":{"allow":["GET"]}}],"collection":[{"href":"https:\/\/wiejskieprzysmaki.estima.site\/en\/wp-json\/wp\/v2\/product"}],"about":[{"href":"https:\/\/wiejskieprzysmaki.estima.site\/en\/wp-json\/wp\/v2\/types\/product"}],"replies":[{"embeddable":true,"href":"https:\/\/wiejskieprzysmaki.estima.site\/en\/wp-json\/wp\/v2\/comments?post=4666"}],"wp:featuredmedia":[{"embeddable":true,"href":"https:\/\/wiejskieprzysmaki.estima.site\/en\/wp-json\/wp\/v2\/media\/4668"}],"wp:attachment":[{"href":"https:\/\/wiejskieprzysmaki.estima.site\/en\/wp-json\/wp\/v2\/media?parent=4666"}],"wp:term":[{"taxonomy":"product_brand","embeddable":true,"href":"https:\/\/wiejskieprzysmaki.estima.site\/en\/wp-json\/wp\/v2\/product_brand?post=4666"},{"taxonomy":"product_cat","embeddable":true,"href":"https:\/\/wiejskieprzysmaki.estima.site\/en\/wp-json\/wp\/v2\/product_cat?post=4666"},{"taxonomy":"product_tag","embeddable":true,"href":"https:\/\/wiejskieprzysmaki.estima.site\/en\/wp-json\/wp\/v2\/product_tag?post=4666"}],"curies":[{"name":"wp","href":"https:\/\/api.w.org\/{rel}","templated":true}]}}